{"id":351572,"date":"2024-07-12T13:48:10","date_gmt":"2024-07-12T12:57:09","guid":{"rendered":"https:\/\/www.moskito.cz\/produkt\/coltello-fisso-da-immersione-muela-sub-14-3\/"},"modified":"2025-05-07T11:20:59","modified_gmt":"2025-05-07T10:20:59","slug":"coltello-fisso-da-immersione-muela-sub-14-3","status":"publish","type":"product","link":"https:\/\/www.moskito.cz\/it\/produkt\/coltello-fisso-da-immersione-muela-sub-14-3\/","title":{"rendered":"Coltello fisso da immersione Muela SUB-14.3"},"content":{"rendered":"<p>Coltello fisso da immersione <strong>Muela<\/strong> SUB-14.3<\/p>\n<p>Coltello da immersione perfetto <strong>SUB-14.3<\/strong> in acciaio inossidabile al molibdeno-vanadio. \u00c8 prodotto dalla rinomata azienda spagnola Muela, che vanta oltre 50 anni di esperienza nella produzione di coltelli.<\/p>\n<p>Lama: spessore ca. 3,4 mm, realizzata in resistente acciaio inossidabile al molibdeno-vanadio lucidato a specchio. Sulla cresta della lama \u00e8 stata posizionata una sega universale per il taglio aggressivo di materiali fibrosi.<\/p>\n<p>La tipologia Edge-about Combo \u00e8 stata realizzata con un taglio concavo (Hollow Grind). Il 20% \u00e8 una lama seghettata utilizzata per tagliare, tra le altre cose, corde, reti, cinture e l&#8217;80% \u00e8 una classica lama liscia (tipo Plain) progettata per un taglio preciso.<\/p>\n<p>Impugnatura: ergonomica, strutturata con tacche seghettate sotto il palmo per una buona presa. Il coltello sta nel palmo della mano, non scivola grazie al rivestimento in materiale plastico morbido (PDV) di colore blu. Supporto posteriore seghettato sotto il pollice (rampa), che impedisce lo scivolamento accidentale delle mani durante il lavoro.<\/p>\n<p>Custodia: realizzata in materiale ABS di colore blu. La custodia ha una clip che assicura il coltello contro la caduta. Il set comprende due cinghie in gomma regolabili resistenti ai raggi UV per fissare la vagina alla gamba o alla coscia.<br \/>\nSpecifiche tecniche:<br \/>\nCodice prodotto: SUB-14.3 (nero-blu)<br \/>\nTipo di acciaio: molibdeno-vanadio<br \/>\nLunghezza lama: 14 cm \/ 5,51&#8243;<br \/>\nSpessore lama: 0,35 cm \/ 0,14&#8243;<br \/>\nLunghezza totale: 25,5 cm \/ 10,04&#8243;<br \/>\nPeso: 133 g \/ 4,69 once<br \/>\nLama: combinata<br \/>\nTipo di taglio: concavo<br \/>\nTipo di impugnatura: polimero PDV<br \/>\nScocca: ABS<br \/>\nProduttore: Muela, Spagna<\/p>\n<p>&nbsp;<\/p>\n","protected":false},"excerpt":{"rendered":"<p><strong>Coltello da immersione perfetto SUB-14.3 in acciaio inossidabile al molibdeno-vanadio. \u00c8 prodotto dalla rinomata azienda spagnola Muela, che vanta oltre 50 anni di esperienza nella produzione di coltelli.<\/strong><\/p>\n","protected":false},"featured_media":351556,"comment_status":"open","ping_status":"closed","template":"","meta":[],"pwb-brand":[3913],"product_brand":[],"product_cat":[3745,3746],"product_tag":[3755],"class_list":{"0":"post-351572","1":"product","2":"type-product","3":"status-publish","4":"has-post-thumbnail","6":"pwb-brand-lei-doveva","7":"product_cat-coltelli","8":"product_cat-coltelli-solidi","9":"product_tag-b2b-it","11":"first","12":"instock","13":"taxable","14":"shipping-taxable","15":"purchasable","16":"product-type-simple"},"brands":[{"id":3913,"name":"Lei doveva","slug":"lei-doveva"}],"_links":{"self":[{"href":"https:\/\/www.moskito.cz\/it\/wp-json\/wp\/v2\/product\/351572","targetHints":{"allow":["GET"]}}],"collection":[{"href":"https:\/\/www.moskito.cz\/it\/wp-json\/wp\/v2\/product"}],"about":[{"href":"https:\/\/www.moskito.cz\/it\/wp-json\/wp\/v2\/types\/product"}],"replies":[{"embeddable":true,"href":"https:\/\/www.moskito.cz\/it\/wp-json\/wp\/v2\/comments?post=351572"}],"wp:featuredmedia":[{"embeddable":true,"href":"https:\/\/www.moskito.cz\/it\/wp-json\/wp\/v2\/media\/351556"}],"wp:attachment":[{"href":"https:\/\/www.moskito.cz\/it\/wp-json\/wp\/v2\/media?parent=351572"}],"wp:term":[{"taxonomy":"pwb-brand","embeddable":true,"href":"https:\/\/www.moskito.cz\/it\/wp-json\/wp\/v2\/pwb-brand?post=351572"},{"taxonomy":"product_brand","embeddable":true,"href":"https:\/\/www.moskito.cz\/it\/wp-json\/wp\/v2\/product_brand?post=351572"},{"taxonomy":"product_cat","embeddable":true,"href":"https:\/\/www.moskito.cz\/it\/wp-json\/wp\/v2\/product_cat?post=351572"},{"taxonomy":"product_tag","embeddable":true,"href":"https:\/\/www.moskito.cz\/it\/wp-json\/wp\/v2\/product_tag?post=351572"}],"curies":[{"name":"wp","href":"https:\/\/api.w.org\/{rel}","templated":true}]}}