{"id":351578,"date":"2023-07-16T18:17:54","date_gmt":"2024-07-12T12:59:28","guid":{"rendered":"https:\/\/www.moskito.cz\/?post_type=product&p=351578"},"modified":"2025-05-07T11:20:59","modified_gmt":"2025-05-07T10:20:59","slug":"coltello-fisso-muela-gred-17","status":"publish","type":"product","link":"https:\/\/www.moskito.cz\/it\/produkt\/coltello-fisso-muela-gred-17\/","title":{"rendered":"Coltello fisso Muela GRED-17"},"content":{"rendered":"<p>Coltello fisso <strong>Muela<\/strong> GRED-17<\/p>\n<p>Coltello da caccia massiccio GRED-17 GREDOS dell&#8217;azienda spagnola Muela con lama fissa. Realizzato in acciaio al molibdeno vanadio (MoVa). Realizzato con cura, destinato ai cacciatori, servir\u00e0 anche per la sopravvivenza e il bivacco.<\/p>\n<p>Bade &#8211; Spessore 4,5 mm con profilo Bowie, rivestito con uno strato di finitura satinata (semiopaca) antiriflesso che elimina i riflessi. Realizzato in resistente acciaio inossidabile al molibdeno-vanadio X50CrMoV15, temprato nell&#8217;intervallo 57-58 HRC. La lama \u00e8 caratterizzata da buone propriet\u00e0 meccaniche e affilatura a lungo termine. La lama liscia (tipo Plain) \u00e8 stata realizzata con una molatura concava (Hollow Grind), che consente un taglio preciso della superficie di taglio e una punta ultrasottile.<\/p>\n<p>Il manico, rivestito con cuciture naturali in antiru (corno di cervo), garantisce un look esclusivo e una presa comoda e sicura.<\/p>\n<p>Custodia: realizzata in pelle marrone naturale. Fodero con logo del produttore in rilievo. Chiusura a scatto Prym con stemma aziendale. Ai bordi, il fodero \u00e8 cucito con filo decorativo. L&#8217;attacco a cinghia o ad ingranaggi consente di trasportare il coltello in posizione verticale.<\/p>\n<p>Specifiche tecniche:<br \/>\nCodice prodotto: GRED-17<br \/>\nTipo di acciaio: X50CrMoV15<br \/>\nLunghezza lama: 16,5 cm<br \/>\nSpessore lama: 0,45 cm<br \/>\nLunghezza totale: 26,8 centimetri<br \/>\nPeso: 250,0 g \/ 8,82 once<br \/>\nTipo di bordo: liscio<br \/>\nTipo di lama: Bowie<br \/>\nTipo di taglio: concavo<br \/>\nManici: cervo (corna di cervo)<br \/>\nFodero: cuoio<br \/>\nProduttore: Muela, Spagna<\/p>\n<p>&nbsp;<\/p>\n<p>&nbsp;<\/p>\n","protected":false},"excerpt":{"rendered":"<p><strong>Coltello da caccia massiccio GRED-17 GREDOS dell&#8217;azienda spagnola Muela con lama fissa. Realizzato in acciaio al molibdeno vanadio (MoVa). Realizzato con cura, destinato ai cacciatori, servir\u00e0 anche per la sopravvivenza e il bivacco.<\/strong><\/p>\n","protected":false},"featured_media":351581,"comment_status":"open","ping_status":"closed","template":"","meta":[],"pwb-brand":[3913],"product_brand":[],"product_cat":[3745,3746],"product_tag":[3755],"class_list":{"0":"post-351578","1":"product","2":"type-product","3":"status-publish","4":"has-post-thumbnail","6":"pwb-brand-lei-doveva","7":"product_cat-coltelli","8":"product_cat-coltelli-solidi","9":"product_tag-b2b-it","11":"first","12":"instock","13":"taxable","14":"shipping-taxable","15":"purchasable","16":"product-type-simple"},"brands":[{"id":3913,"name":"Lei doveva","slug":"lei-doveva"}],"_links":{"self":[{"href":"https:\/\/www.moskito.cz\/it\/wp-json\/wp\/v2\/product\/351578","targetHints":{"allow":["GET"]}}],"collection":[{"href":"https:\/\/www.moskito.cz\/it\/wp-json\/wp\/v2\/product"}],"about":[{"href":"https:\/\/www.moskito.cz\/it\/wp-json\/wp\/v2\/types\/product"}],"replies":[{"embeddable":true,"href":"https:\/\/www.moskito.cz\/it\/wp-json\/wp\/v2\/comments?post=351578"}],"wp:featuredmedia":[{"embeddable":true,"href":"https:\/\/www.moskito.cz\/it\/wp-json\/wp\/v2\/media\/351581"}],"wp:attachment":[{"href":"https:\/\/www.moskito.cz\/it\/wp-json\/wp\/v2\/media?parent=351578"}],"wp:term":[{"taxonomy":"pwb-brand","embeddable":true,"href":"https:\/\/www.moskito.cz\/it\/wp-json\/wp\/v2\/pwb-brand?post=351578"},{"taxonomy":"product_brand","embeddable":true,"href":"https:\/\/www.moskito.cz\/it\/wp-json\/wp\/v2\/product_brand?post=351578"},{"taxonomy":"product_cat","embeddable":true,"href":"https:\/\/www.moskito.cz\/it\/wp-json\/wp\/v2\/product_cat?post=351578"},{"taxonomy":"product_tag","embeddable":true,"href":"https:\/\/www.moskito.cz\/it\/wp-json\/wp\/v2\/product_tag?post=351578"}],"curies":[{"name":"wp","href":"https:\/\/api.w.org\/{rel}","templated":true}]}}