{"id":351722,"date":"2024-07-12T14:44:41","date_gmt":"2024-07-12T13:44:41","guid":{"rendered":"https:\/\/www.moskito.cz\/produkt\/coltello-muela-fisso-con-custodia-tejon-16\/"},"modified":"2025-05-07T11:21:06","modified_gmt":"2025-05-07T10:21:06","slug":"coltello-muela-fisso-con-custodia-tejon-16","status":"publish","type":"product","link":"https:\/\/www.moskito.cz\/it\/produkt\/coltello-muela-fisso-con-custodia-tejon-16\/","title":{"rendered":"Coltello Muela fisso con custodia TEJON-16"},"content":{"rendered":"<p>Coltello <strong>Muela<\/strong> fisso con custodia TEJON-16<\/p>\n<p>Coltello da caccia artigianale TEJON-16 dell&#8217;azienda spagnola Muela con corno e lama fissa. Realizzato in acciaio al molibdeno vanadio (MoVa). Pensato per gli appassionati di caccia, funzioner\u00e0 anche per il survival e le gite fuori porta.<\/p>\n<p>Lama &#8211; spessore 3,6 mm con profilo Bowie modificato, ricoperta da uno strato Satin Finish (semiopaco) antiriflesso che elimina i riflessi. Realizzato in resistente acciaio inossidabile al molibdeno-vanadio X50CrMoV15, temprato nell&#8217;intervallo 57-58 HRC. La lama \u00e8 caratterizzata da buone propriet\u00e0 meccaniche e affilatura a lungo termine. La lama liscia (tipo Plain) \u00e8 stata realizzata con un taglio piatto (Flat Grind), consentendo di tagliare con notevole forza.<\/p>\n<p>Maniglia: rifinita con una testa in ottone, ricoperta con impiallacciature di legno di cervo naturale, che fornisce un aspetto esclusivo e una presa comoda.<\/p>\n<p>Custodia: realizzata in pelle marrone naturale. Fodero con logo del produttore in rilievo. Chiusura a scatto Prym con stemma aziendale. Ai bordi, il fodero \u00e8 cucito con filo decorativo. L&#8217;attacco a cinghia o ad ingranaggi consente di trasportare il coltello in posizione verticale.<\/p>\n<p>Specifiche tecniche:<br \/>\nCodice prodotto: TEJON-16<br \/>\nTipo di acciaio: X50CrMoV15<br \/>\nLunghezza lama: 16 cm\/6,3&#8243;<br \/>\nSpessore lama: 0,36 cm \/ 0,14&#8243;<br \/>\nLunghezza totale: 29 cm \/ 11,42&#8243;<br \/>\nPeso: 189,0 g \/ 6,67 once<br \/>\nTipo di bordo: liscio<br \/>\nTipo di lama: Bowie<br \/>\nTipo di taglio: piatto<br \/>\nFodera del manico: cervo (corna di cervo)<br \/>\nFodero: cuoio<br \/>\nProduttore: Muela, Spagna<\/p>\n<p>&nbsp;<\/p>\n","protected":false},"excerpt":{"rendered":"<p><strong>Coltello da caccia artigianale TEJON-16 dell&#8217;azienda spagnola Muela con corno e lama fissa. Realizzato in acciaio al molibdeno vanadio (MoVa). Pensato per gli appassionati di caccia, funzioner\u00e0 anche per il survival e le gite fuori porta.<\/strong><\/p>\n","protected":false},"featured_media":421032,"comment_status":"open","ping_status":"closed","template":"","meta":[],"pwb-brand":[3913],"product_brand":[],"product_cat":[3746,3745],"product_tag":[3755],"class_list":{"0":"post-351722","1":"product","2":"type-product","3":"status-publish","4":"has-post-thumbnail","6":"pwb-brand-lei-doveva","7":"product_cat-coltelli-solidi","8":"product_cat-coltelli","9":"product_tag-b2b-it","11":"first","12":"outofstock","13":"taxable","14":"shipping-taxable","15":"purchasable","16":"product-type-simple"},"brands":[{"id":3913,"name":"Lei doveva","slug":"lei-doveva"}],"_links":{"self":[{"href":"https:\/\/www.moskito.cz\/it\/wp-json\/wp\/v2\/product\/351722","targetHints":{"allow":["GET"]}}],"collection":[{"href":"https:\/\/www.moskito.cz\/it\/wp-json\/wp\/v2\/product"}],"about":[{"href":"https:\/\/www.moskito.cz\/it\/wp-json\/wp\/v2\/types\/product"}],"replies":[{"embeddable":true,"href":"https:\/\/www.moskito.cz\/it\/wp-json\/wp\/v2\/comments?post=351722"}],"wp:featuredmedia":[{"embeddable":true,"href":"https:\/\/www.moskito.cz\/it\/wp-json\/wp\/v2\/media\/421032"}],"wp:attachment":[{"href":"https:\/\/www.moskito.cz\/it\/wp-json\/wp\/v2\/media?parent=351722"}],"wp:term":[{"taxonomy":"pwb-brand","embeddable":true,"href":"https:\/\/www.moskito.cz\/it\/wp-json\/wp\/v2\/pwb-brand?post=351722"},{"taxonomy":"product_brand","embeddable":true,"href":"https:\/\/www.moskito.cz\/it\/wp-json\/wp\/v2\/product_brand?post=351722"},{"taxonomy":"product_cat","embeddable":true,"href":"https:\/\/www.moskito.cz\/it\/wp-json\/wp\/v2\/product_cat?post=351722"},{"taxonomy":"product_tag","embeddable":true,"href":"https:\/\/www.moskito.cz\/it\/wp-json\/wp\/v2\/product_tag?post=351722"}],"curies":[{"name":"wp","href":"https:\/\/api.w.org\/{rel}","templated":true}]}}