{"id":352102,"date":"2024-07-13T13:14:26","date_gmt":"2024-07-13T12:15:05","guid":{"rendered":"https:\/\/www.moskito.cz\/produkt\/coltello-chiudibile-microtech-socom-elite-manuale-160-1ta\/"},"modified":"2025-05-07T11:21:12","modified_gmt":"2025-05-07T10:21:12","slug":"coltello-chiudibile-microtech-socom-elite-manuale-160-1ta","status":"publish","type":"product","link":"https:\/\/www.moskito.cz\/it\/produkt\/coltello-chiudibile-microtech-socom-elite-manuale-160-1ta\/","title":{"rendered":"Coltello Chiudibile Microtech Socom Elite Manuale 160-1TA"},"content":{"rendered":"<p>Coltello Chiudibile <strong>Microtech<\/strong> Socom Elite Manuale 160-1TA<\/p>\n<p>Socom Elite stabilisce gli standard pi\u00f9 elevati per le posate tattiche\/utili. Dalla creazione dell&#8217;originale Socom nel 1996, \u00e8 stato il pioniere della nostra intera linea di coltelli pieghevoli. Nel corso degli anni sono stati apportati miglioramenti per rendere Socom pi\u00f9 adatto a diversi ambienti. Il manuale o automatico Socom ha una forma della maniglia unica che si adatta alla tua mano. Sai che stai acquistando il miglior strumento sul mercato, indipendentemente dalla lama che scegli: punta a clip, tanto o scalpello tanto. Inoltre, un rompi-vetro integrato alla base della maniglia e un grande pulsante di controllo che consente una facile apertura con un guanto ne aumentano la statura impressionante. La robusta affidabilit\u00e0 di Socom \u00e8 la prima scelta per la comunit\u00e0 delle operazioni speciali.<\/p>\n<p>Specifiche<br \/>\nLunghezza totale: 22,5 cm<br \/>\nLunghezza lama: 10 cm<br \/>\nBordo tagliente: 9,37 cm<br \/>\nLarghezza lama: 2,8 cm<br \/>\nSpessore lama: 0,47 cm<br \/>\nAcciaio: M390<br \/>\nStile lama: punto di clip<br \/>\nAffilatura della lama: piatta<br \/>\nFinitura lama: nera<br \/>\nMateriale impugnatura: alluminio con inserti in gomma strutturata<br \/>\nMateriale inserto: acciaio inossidabile<br \/>\nMeccanismo di bloccaggio: inserire<br \/>\nClip da tasca: acciaio inossidabile (pieghevole, usura corretta)<br \/>\nPeso: 5,6 once.<br \/>\nProgettista: Tony Marfione<br \/>\nFabbricato negli Usa<\/p>\n<p><iframe title=\"Microtech Combat Troodon Torture Test\" width=\"800\" height=\"450\" src=\"https:\/\/www.youtube.com\/embed\/xE9TeOFYEjg?feature=oembed\" frameborder=\"0\" allow=\"accelerometer; autoplay; clipboard-write; encrypted-media; gyroscope; picture-in-picture; web-share\" referrerpolicy=\"strict-origin-when-cross-origin\" allowfullscreen><\/iframe><\/p>\n<p>&nbsp;<\/p>\n","protected":false},"excerpt":{"rendered":"<p><strong>Nel corso degli anni Microtech\u00ae Knives ha riempito i coltelli di passione e maestria fino a creare quasi opere d&#8217;arte che sono l&#8217;apice della funzionalit\u00e0. Tutte le parti sono prodotte negli Stati Uniti.<\/strong><br \/>\n<strong>Tutti i coltelli Microtech sono coperti da una garanzia a vita.<\/strong><\/p>\n<p><strong>Trasporto gratuito.<\/strong><\/p>\n","protected":false},"featured_media":352066,"comment_status":"open","ping_status":"closed","template":"","meta":[],"pwb-brand":[3753],"product_brand":[],"product_cat":[3745,3749],"product_tag":[3755],"class_list":{"0":"post-352102","1":"product","2":"type-product","3":"status-publish","4":"has-post-thumbnail","6":"pwb-brand-microtecnologia-it","7":"product_cat-coltelli","8":"product_cat-coltelli-di-chiusura","9":"product_tag-b2b-it","11":"first","12":"instock","13":"taxable","14":"shipping-taxable","15":"purchasable","16":"product-type-simple"},"brands":[{"id":3753,"name":"Microtecnologia","slug":"microtecnologia-it"}],"_links":{"self":[{"href":"https:\/\/www.moskito.cz\/it\/wp-json\/wp\/v2\/product\/352102","targetHints":{"allow":["GET"]}}],"collection":[{"href":"https:\/\/www.moskito.cz\/it\/wp-json\/wp\/v2\/product"}],"about":[{"href":"https:\/\/www.moskito.cz\/it\/wp-json\/wp\/v2\/types\/product"}],"replies":[{"embeddable":true,"href":"https:\/\/www.moskito.cz\/it\/wp-json\/wp\/v2\/comments?post=352102"}],"wp:featuredmedia":[{"embeddable":true,"href":"https:\/\/www.moskito.cz\/it\/wp-json\/wp\/v2\/media\/352066"}],"wp:attachment":[{"href":"https:\/\/www.moskito.cz\/it\/wp-json\/wp\/v2\/media?parent=352102"}],"wp:term":[{"taxonomy":"pwb-brand","embeddable":true,"href":"https:\/\/www.moskito.cz\/it\/wp-json\/wp\/v2\/pwb-brand?post=352102"},{"taxonomy":"product_brand","embeddable":true,"href":"https:\/\/www.moskito.cz\/it\/wp-json\/wp\/v2\/product_brand?post=352102"},{"taxonomy":"product_cat","embeddable":true,"href":"https:\/\/www.moskito.cz\/it\/wp-json\/wp\/v2\/product_cat?post=352102"},{"taxonomy":"product_tag","embeddable":true,"href":"https:\/\/www.moskito.cz\/it\/wp-json\/wp\/v2\/product_tag?post=352102"}],"curies":[{"name":"wp","href":"https:\/\/api.w.org\/{rel}","templated":true}]}}