{"id":352483,"date":"2024-07-15T12:16:41","date_gmt":"2024-07-15T11:17:59","guid":{"rendered":"https:\/\/www.moskito.cz\/produkt\/coltello-fisso-muela-rhino-16bf\/"},"modified":"2025-05-07T11:21:27","modified_gmt":"2025-05-07T10:21:27","slug":"coltello-fisso-muela-rhino-16bf","status":"publish","type":"product","link":"https:\/\/www.moskito.cz\/it\/produkt\/coltello-fisso-muela-rhino-16bf\/","title":{"rendered":"Coltello fisso Muela RHINO-16BF"},"content":{"rendered":"<p>Coltello fisso <strong>Muela<\/strong> RHINO-16BF.<\/p>\n<p><strong>Il coltello sportivo Muela Rhino-16BF<\/strong> , ideale per gli amanti delle coltelleria, \u00e8 un coltello da collezione\/edizione limitata. Con manico da 13 cm (5&#8243;) in corno di cervo con lama da 160 mm in acciaio 1.4116, che \u00e8 una combinazione di molibdeno e vanadio.<\/p>\n<p><strong>Il coltello sportivo Muela Rhino-16BF<\/strong> \u00e8 un coltello da collezione\/edizione limitata, progettato e realizzato appositamente per gli amanti dei coltelli, con materiali pregiati ed esclusivi, come il corno di cervo, utilizzato per l&#8217;impugnatura.<\/p>\n<p>L&#8217;impugnatura del coltello sportivo <strong>Muela Rhino-16BF<\/strong> \u00e8 realizzata in corno di cervo, un materiale incredibilmente resistente e ricco di dettagli. Le corna del cervo cadono in inverno e ricrescono in primavera, quindi non c&#8217;\u00e8 crudelt\u00e0 nell&#8217;uso di questo materiale, che \u00e8 stato a lungo utilizzato nella produzione di coltelli a mano.<\/p>\n<p>La punta della lama \u00e8 curva, il che impedisce di forare la pelle dell&#8217;animale durante il taglio e facilita la rimozione della pelle. La sua lama \u00e8 realizzata in X50CrMoV15 &#8220;MOVA&#8221; (1.4116), un classico materiale dei coltelli Muela, che \u00e8 un&#8217;eccellente combinazione di molibdeno e vanadio, formando un acciaio con eccellente durezza e resistenza alla corrosione.<\/p>\n<p>Dal 1950 <strong>Muela<\/strong> produce in Spagna coltelli, coltellini tascabili e rasoi esclusivi, rappresentando un punto di riferimento nel settore della coltelleria a livello mondiale. Grazie a materiali appositamente selezionati come l&#8217;acciaio martensitico utilizzato nelle lame e le corna di cervo utilizzate in alcuni modelli, vengono modellati e rifiniti con un lavoro eccellente che unisce macchinari moderni a un metodo artigianale. Tutti i prodotti sono lavorati da tagliatori esperti che rifiniscono manualmente ogni pezzo.<\/p>\n<p>Descrizione tecnica:<\/p>\n<p>Codice: RHINO-16BF<\/p>\n<p>Marca: Muela<\/p>\n<p>Modello: Edizione limitata\/Collezione &#8211; Rhino-16BF<\/p>\n<p>Materiale manico: corno di cervo<\/p>\n<p>Materiale lama: 1.4116<\/p>\n<p>Lunghezza lama: 16 cm<\/p>\n<p>Lunghezza cavo: 13 cm (5&#8243;)<\/p>\n<p>Durezza dell&#8217;acciaio: 56 &#8211; 58 HRC<\/p>\n<p>&nbsp;<\/p>\n","protected":false},"excerpt":{"rendered":"<p><strong>Il coltello sportivo Muela Rhino-16BF \u00e8 un coltello in edizione limitata\/collezione, progettato e realizzato appositamente per gli amanti dei coltelli con materiali eccellenti ed esclusivi come il corno di cervo utilizzato per il manico.<\/strong><\/p>\n","protected":false},"featured_media":352458,"comment_status":"open","ping_status":"closed","template":"","meta":[],"pwb-brand":[3913],"product_brand":[],"product_cat":[3745,3746],"product_tag":[3755],"class_list":{"0":"post-352483","1":"product","2":"type-product","3":"status-publish","4":"has-post-thumbnail","6":"pwb-brand-lei-doveva","7":"product_cat-coltelli","8":"product_cat-coltelli-solidi","9":"product_tag-b2b-it","11":"first","12":"instock","13":"taxable","14":"shipping-taxable","15":"purchasable","16":"product-type-simple"},"brands":[{"id":3913,"name":"Lei doveva","slug":"lei-doveva"}],"_links":{"self":[{"href":"https:\/\/www.moskito.cz\/it\/wp-json\/wp\/v2\/product\/352483","targetHints":{"allow":["GET"]}}],"collection":[{"href":"https:\/\/www.moskito.cz\/it\/wp-json\/wp\/v2\/product"}],"about":[{"href":"https:\/\/www.moskito.cz\/it\/wp-json\/wp\/v2\/types\/product"}],"replies":[{"embeddable":true,"href":"https:\/\/www.moskito.cz\/it\/wp-json\/wp\/v2\/comments?post=352483"}],"wp:featuredmedia":[{"embeddable":true,"href":"https:\/\/www.moskito.cz\/it\/wp-json\/wp\/v2\/media\/352458"}],"wp:attachment":[{"href":"https:\/\/www.moskito.cz\/it\/wp-json\/wp\/v2\/media?parent=352483"}],"wp:term":[{"taxonomy":"pwb-brand","embeddable":true,"href":"https:\/\/www.moskito.cz\/it\/wp-json\/wp\/v2\/pwb-brand?post=352483"},{"taxonomy":"product_brand","embeddable":true,"href":"https:\/\/www.moskito.cz\/it\/wp-json\/wp\/v2\/product_brand?post=352483"},{"taxonomy":"product_cat","embeddable":true,"href":"https:\/\/www.moskito.cz\/it\/wp-json\/wp\/v2\/product_cat?post=352483"},{"taxonomy":"product_tag","embeddable":true,"href":"https:\/\/www.moskito.cz\/it\/wp-json\/wp\/v2\/product_tag?post=352483"}],"curies":[{"name":"wp","href":"https:\/\/api.w.org\/{rel}","templated":true}]}}