{"id":352533,"date":"2023-07-16T17:40:19","date_gmt":"2024-07-15T11:44:52","guid":{"rendered":"https:\/\/www.moskito.cz\/produkt\/coltello-fisso-muela-urial-19co\/"},"modified":"2025-05-07T11:21:29","modified_gmt":"2025-05-07T10:21:29","slug":"coltello-fisso-muela-urial-19co","status":"publish","type":"product","link":"https:\/\/www.moskito.cz\/it\/produkt\/coltello-fisso-muela-urial-19co\/","title":{"rendered":"Coltello Fisso Muela URIAL-19CO"},"content":{"rendered":"<p>Coltello Fisso <strong>Muela<\/strong> URIAL-19CO<\/p>\n<p>Il coltello Urial \u00e8 della rinomata Muela, marchio conosciuto in tutto il mondo come uno dei migliori marchi di coltelli. Sia per la collezione che per l&#8217;uso quotidiano, il coltello Urial soddisfa tutti i requisiti di qualit\u00e0 e durata.<\/p>\n<p>Muela \u00e8 un marchio spagnolo conosciuto in tutto il mondo come uno dei migliori fornitori di posate pregiate al mondo! Produce pi\u00f9 di 350.000 unit\u00e0 all&#8217;anno, di cui il 70% viene esportato in pi\u00f9 di 50 paesi nei cinque continenti.<\/p>\n<p>I prodotti Muela includono coltelli artigianali, coltelli di lusso, coltelli da caccia, coltelli sportivi e coltelli tattici.<\/p>\n<p>Con una lama realizzata in acciaio al molibdeno vanadio, uno dei materiali pi\u00f9 pregiati utilizzati nelle posate, l&#8217;acciaio al molibdeno vanadio \u00e8 uno dei materiali pi\u00f9 ricercati dai produttori e dai collezionisti di coltelleria poich\u00e9 \u00e8 pi\u00f9 facile da trattare, forgiare, temperare e curare, consentendo una variet\u00e0 di finiture, lasciando alle lame un aspetto lucido di alta qualit\u00e0.<\/p>\n<p>Cos&#8217;\u00e8 l&#8217;acciaio al molibdeno vanadio? \u00c8 un acciaio medio legato di alta qualit\u00e0, la sua composizione chimica offre una buona combinazione di durezza e resistenza all&#8217;usura. \u00c8 ampiamente utilizzato per utensili da taglio come coltelli e coltelli tascabili.<\/p>\n<p>Inoltre, la sua lama ha una superficie lucida, innovativa nel design rustico e moderno.<\/p>\n<p>La sua lama liscia ha una struttura rigida, che consente tagli da pi\u00f9 fini a tagli pi\u00f9 grossolani e soddisfa efficacemente tutte le esigenze.<\/p>\n<p>Questo modello di coltello \u00e8 un&#8217;esclusiva Muel ed \u00e8 stato prodotto in Spagna.<\/p>\n<p>Questo modello ha anche un manico in legno con finitura di alta qualit\u00e0 con superficie liscia di elevata finezza.<\/p>\n<p>Dispone inoltre di rivestimenti a base di PTFE, questo rivestimento non consente ai residui di aderire e impregnarsi, garantendo una maggiore durata al coltello.<\/p>\n<p>Il suo manico nero consente una comoda presa del coltello e, essendo ergonomico, non permette al coltello di scivolare nella mano durante l&#8217;uso.<\/p>\n<p>Hanno anche un fodero marrone realizzato in pelle di alta qualit\u00e0, con chiusura a cinturino, il pi\u00f9 grande vantaggio di questo fodero \u00e8 la sua praticit\u00e0 e qualit\u00e0, consentendo la manipolazione e il trasporto sicuro del tuo coltello Urial.<\/p>\n<p>Essendo un modello sportivo e da caccia, \u00e8 pronto ad affrontare sfide ad alte prestazioni. Supporta tagli pi\u00f9 fini, anche tagli come corde, pelli e rami, perfetti per te sui sentieri o in campeggio.<\/p>\n<p>Affilatura: Per una migliore conservazione della lama del vostro coltello Urial, vi consigliamo di utilizzare acciaio liscio, mantenendo l&#8217;allineamento e prolungando la potenza di taglio, se necessario si pu\u00f2 utilizzare carta vetrata a pietra o ad acqua con grana molto fine.<\/p>\n<p>Marca: Muela<br \/>\nModello: Coltello Urial-19CO<br \/>\nColore manico: legno<br \/>\nColore lama: argento<br \/>\nMateriale lama: acciaio al molibdeno-vanadio<br \/>\nMateriale manico: legno<br \/>\nRivestimento: PTFE<br \/>\nColore scocca: marrone<br \/>\nMateriale della custodia: pelle<br \/>\nFunzione: coltello sportivo\/da caccia<br \/>\nLunghezza lama: 19 cm<br \/>\nLarghezza lama: 3,5 cm<br \/>\nSpessore lama: 4 mm<br \/>\nLunghezza totale del coltello: 31 cm<br \/>\nDimensioni della cassa: 29 cm x 5 cm x 2 cm<br \/>\nDimensioni del coltello con fodero: 33 cm x 5 cm x 3,5 cm<br \/>\nPeso: 278 g<br \/>\nPeso del coltello con fodero: 354 g<br \/>\nPeso della confezione: 500 g<br \/>\nDimensioni imballo: 35 cm x 9 cm x 5,3 cm<\/p>\n<p>&nbsp;<\/p>\n<p>&nbsp;<\/p>\n","protected":false},"excerpt":{"rendered":"<p><strong>Il coltello Urial \u00e8 della rinomata Muela, marchio conosciuto in tutto il mondo come uno dei migliori marchi di coltelli. Sia per la collezione che per l&#8217;uso quotidiano, il coltello Urial soddisfa tutti i requisiti di qualit\u00e0 e durata.<\/strong><\/p>\n","protected":false},"featured_media":352534,"comment_status":"open","ping_status":"closed","template":"","meta":[],"pwb-brand":[3913],"product_brand":[],"product_cat":[3746,3745],"product_tag":[3755],"class_list":{"0":"post-352533","1":"product","2":"type-product","3":"status-publish","4":"has-post-thumbnail","6":"pwb-brand-lei-doveva","7":"product_cat-coltelli-solidi","8":"product_cat-coltelli","9":"product_tag-b2b-it","11":"first","12":"instock","13":"taxable","14":"shipping-taxable","15":"purchasable","16":"product-type-simple"},"brands":[{"id":3913,"name":"Lei doveva","slug":"lei-doveva"}],"_links":{"self":[{"href":"https:\/\/www.moskito.cz\/it\/wp-json\/wp\/v2\/product\/352533","targetHints":{"allow":["GET"]}}],"collection":[{"href":"https:\/\/www.moskito.cz\/it\/wp-json\/wp\/v2\/product"}],"about":[{"href":"https:\/\/www.moskito.cz\/it\/wp-json\/wp\/v2\/types\/product"}],"replies":[{"embeddable":true,"href":"https:\/\/www.moskito.cz\/it\/wp-json\/wp\/v2\/comments?post=352533"}],"wp:featuredmedia":[{"embeddable":true,"href":"https:\/\/www.moskito.cz\/it\/wp-json\/wp\/v2\/media\/352534"}],"wp:attachment":[{"href":"https:\/\/www.moskito.cz\/it\/wp-json\/wp\/v2\/media?parent=352533"}],"wp:term":[{"taxonomy":"pwb-brand","embeddable":true,"href":"https:\/\/www.moskito.cz\/it\/wp-json\/wp\/v2\/pwb-brand?post=352533"},{"taxonomy":"product_brand","embeddable":true,"href":"https:\/\/www.moskito.cz\/it\/wp-json\/wp\/v2\/product_brand?post=352533"},{"taxonomy":"product_cat","embeddable":true,"href":"https:\/\/www.moskito.cz\/it\/wp-json\/wp\/v2\/product_cat?post=352533"},{"taxonomy":"product_tag","embeddable":true,"href":"https:\/\/www.moskito.cz\/it\/wp-json\/wp\/v2\/product_tag?post=352533"}],"curies":[{"name":"wp","href":"https:\/\/api.w.org\/{rel}","templated":true}]}}