{"id":352737,"date":"2024-07-16T09:48:57","date_gmt":"2024-07-16T08:50:46","guid":{"rendered":"https:\/\/www.moskito.cz\/produkt\/coltello-fisso-muela-scorpion-26w\/"},"modified":"2025-05-07T11:21:36","modified_gmt":"2025-05-07T10:21:36","slug":"coltello-fisso-muela-scorpion-26w","status":"publish","type":"product","link":"https:\/\/www.moskito.cz\/it\/produkt\/coltello-fisso-muela-scorpion-26w\/","title":{"rendered":"Coltello fisso Muela SCORPION-26W"},"content":{"rendered":"<p>Coltello fisso <strong>Muela<\/strong> SCORPION-26W.<\/p>\n<p><strong>Coltello sportivo Muela Scorpion-26W<\/strong><\/p>\n<p>Il coltello sportivo Muela Scorpion-26W \u00e8 consigliato a chi di voi cerca un buon coltello per le proprie attivit\u00e0 di caccia, con doppia lama dura. Con impugnatura in gomma ad alta densit\u00e0 da 115 mm (4 1\/2&#8243;), lama in acciaio ad alto tenore di carbonio 420H da 260 mm (10 1\/4&#8243;), buona resistenza all&#8217;usura e facile da affilare.<\/p>\n<p>Il coltello sportivo Muela Scorpion-26W \u00e8 un coltello della serie Daggers and Daggers, progettato e realizzato appositamente per gli amanti delle posate con ottimi materiali come la gomma ad alta densit\u00e0 utilizzata nel manico.<\/p>\n<p>La sua lama \u00e8 realizzata in acciaio 420H, acciaio 420 ad alto contenuto di carbonio, buona resistenza all&#8217;usura e facile affilatura, buona scelta per vari usi.<\/p>\n<p>Muela produce coltelli esclusivi, coltelli tascabili e rasoi dal 1950 in Spagna ed \u00e8 un riferimento nel settore delle posate in tutto il mondo. Grazie a materiali appositamente selezionati come l&#8217;acciaio martensitico utilizzato nelle lame e le corna di cervo utilizzate in alcuni modelli, vengono modellati e rifiniti con un lavoro eccellente che unisce macchinari moderni a un metodo artigianale. Tutti i prodotti passano attraverso tagliatori esperti, che realizzano e regolano, affilano, lucidano e ispezionano con precisione ogni pezzo con un controllo di qualit\u00e0 esigente.<\/p>\n<p>Propriet\u00e0 tecniche:<\/p>\n<p>Codice: SCORPION-26W<br \/>\nMarca: Muela<br \/>\nModello: Pugnali e Pugnali &#8211; Scorpion-26w<br \/>\nMateriale del cavo: gomma<br \/>\nMateriale lama: 420 H<br \/>\nLunghezza lama: 26 cm (10 1\/4&#8243;)<br \/>\nLunghezza cavo: 11,5 cm (4 1\/2&#8243;)<br \/>\nDurezza dell&#8217;acciaio: 56 &#8211; 58 HRC<br \/>\nPeso: 400 g<\/p>\n<p>&nbsp;<\/p>\n","protected":false},"excerpt":{"rendered":"<p><strong>Il coltello sportivo Muela Scorpion-26W \u00e8 consigliato a chi di voi cerca un buon coltello per le proprie attivit\u00e0 di caccia, con doppia lama dura.<\/strong><\/p>\n","protected":false},"featured_media":352711,"comment_status":"open","ping_status":"closed","template":"","meta":[],"pwb-brand":[3913],"product_brand":[],"product_cat":[3745,3746],"product_tag":[3755],"class_list":{"0":"post-352737","1":"product","2":"type-product","3":"status-publish","4":"has-post-thumbnail","6":"pwb-brand-lei-doveva","7":"product_cat-coltelli","8":"product_cat-coltelli-solidi","9":"product_tag-b2b-it","11":"first","12":"outofstock","13":"taxable","14":"shipping-taxable","15":"purchasable","16":"product-type-simple"},"brands":[{"id":3913,"name":"Lei doveva","slug":"lei-doveva"}],"_links":{"self":[{"href":"https:\/\/www.moskito.cz\/it\/wp-json\/wp\/v2\/product\/352737","targetHints":{"allow":["GET"]}}],"collection":[{"href":"https:\/\/www.moskito.cz\/it\/wp-json\/wp\/v2\/product"}],"about":[{"href":"https:\/\/www.moskito.cz\/it\/wp-json\/wp\/v2\/types\/product"}],"replies":[{"embeddable":true,"href":"https:\/\/www.moskito.cz\/it\/wp-json\/wp\/v2\/comments?post=352737"}],"wp:featuredmedia":[{"embeddable":true,"href":"https:\/\/www.moskito.cz\/it\/wp-json\/wp\/v2\/media\/352711"}],"wp:attachment":[{"href":"https:\/\/www.moskito.cz\/it\/wp-json\/wp\/v2\/media?parent=352737"}],"wp:term":[{"taxonomy":"pwb-brand","embeddable":true,"href":"https:\/\/www.moskito.cz\/it\/wp-json\/wp\/v2\/pwb-brand?post=352737"},{"taxonomy":"product_brand","embeddable":true,"href":"https:\/\/www.moskito.cz\/it\/wp-json\/wp\/v2\/product_brand?post=352737"},{"taxonomy":"product_cat","embeddable":true,"href":"https:\/\/www.moskito.cz\/it\/wp-json\/wp\/v2\/product_cat?post=352737"},{"taxonomy":"product_tag","embeddable":true,"href":"https:\/\/www.moskito.cz\/it\/wp-json\/wp\/v2\/product_tag?post=352737"}],"curies":[{"name":"wp","href":"https:\/\/api.w.org\/{rel}","templated":true}]}}