{"id":353328,"date":"2024-07-18T08:42:19","date_gmt":"2024-07-18T07:42:19","guid":{"rendered":"https:\/\/www.moskito.cz\/produkt\/coltello-solido-muela-lenador-25r\/"},"modified":"2025-05-07T11:21:52","modified_gmt":"2025-05-07T10:21:52","slug":"coltello-solido-muela-lenador-25r","status":"publish","type":"product","link":"https:\/\/www.moskito.cz\/it\/produkt\/coltello-solido-muela-lenador-25r\/","title":{"rendered":"Coltello solido Muela LE\u00d1ADOR-25R"},"content":{"rendered":"<p>Coltello solido <strong>Muela<\/strong> LE\u00d1ADOR-25R.<\/p>\n<p>Un coltello di grandi dimensioni dell&#8217;azienda spagnola Muela, che fa onore al suo nome, Le\u0148ador in traduzione significa taglialegna, e non c&#8217;\u00e8 dubbio che non sia un problema abbattere qualsiasi albero con questo coltello. \u00c8 ideale per le escursioni e per trascorrere del tempo nella natura, dove non sar\u00e0 solo uno strumento di lavoro senza compromessi, ma anche un accessorio elegante. \u00c8 anche un pezzo meraviglioso per il collezionista di coltelli.<\/p>\n<p>Nuovo coltello da caccia o machete Muela, lama in acciaio Mova 1.4116 lucidata a specchio, dorso lavorato, tutto in un unico pezzo, attacco in ottone con manico in sequoia, rivetti in ottone, con fodero in pelle di alta qualit\u00e0 e scatola di presentazione.<\/p>\n<p>Coltello Muela a lama intera realizzato in acciaio inossidabile al molibdeno-vanadio con superficie lucidata a specchio.<\/p>\n<p>Maniglia con copertura in ottone.<\/p>\n<p>Manico in legno Palorrojo con rivetti in ottone.<\/p>\n<p>Foro per corda di sicurezza.<\/p>\n<p>Include custodia in pelle marrone premium + scatola<\/p>\n<p>Lunghezza lama: 25 cm<\/p>\n<p>Lunghezza totale: 38,5 cm<\/p>\n<p>&nbsp;<\/p>\n<p>&nbsp;<\/p>\n<p>&nbsp;<\/p>\n","protected":false},"excerpt":{"rendered":"<p><strong>Nuovo coltello da caccia o machete Muela, lama in acciaio Mova 1.4116 lucidata a specchio, dorso lavorato, tutto in un unico pezzo, attacco in ottone con manico in sequoia, rivetti in ottone, con fodero in pelle di alta qualit\u00e0 e scatola di presentazione.<\/strong><\/p>\n<p><strong>Trasporto gratuito.<\/strong><\/p>\n","protected":false},"featured_media":353305,"comment_status":"open","ping_status":"closed","template":"","meta":[],"pwb-brand":[3913],"product_brand":[],"product_cat":[3746,3745],"product_tag":[3755],"class_list":{"0":"post-353328","1":"product","2":"type-product","3":"status-publish","4":"has-post-thumbnail","6":"pwb-brand-lei-doveva","7":"product_cat-coltelli-solidi","8":"product_cat-coltelli","9":"product_tag-b2b-it","11":"first","12":"instock","13":"taxable","14":"shipping-taxable","15":"purchasable","16":"product-type-simple"},"brands":[{"id":3913,"name":"Lei doveva","slug":"lei-doveva"}],"_links":{"self":[{"href":"https:\/\/www.moskito.cz\/it\/wp-json\/wp\/v2\/product\/353328","targetHints":{"allow":["GET"]}}],"collection":[{"href":"https:\/\/www.moskito.cz\/it\/wp-json\/wp\/v2\/product"}],"about":[{"href":"https:\/\/www.moskito.cz\/it\/wp-json\/wp\/v2\/types\/product"}],"replies":[{"embeddable":true,"href":"https:\/\/www.moskito.cz\/it\/wp-json\/wp\/v2\/comments?post=353328"}],"wp:featuredmedia":[{"embeddable":true,"href":"https:\/\/www.moskito.cz\/it\/wp-json\/wp\/v2\/media\/353305"}],"wp:attachment":[{"href":"https:\/\/www.moskito.cz\/it\/wp-json\/wp\/v2\/media?parent=353328"}],"wp:term":[{"taxonomy":"pwb-brand","embeddable":true,"href":"https:\/\/www.moskito.cz\/it\/wp-json\/wp\/v2\/pwb-brand?post=353328"},{"taxonomy":"product_brand","embeddable":true,"href":"https:\/\/www.moskito.cz\/it\/wp-json\/wp\/v2\/product_brand?post=353328"},{"taxonomy":"product_cat","embeddable":true,"href":"https:\/\/www.moskito.cz\/it\/wp-json\/wp\/v2\/product_cat?post=353328"},{"taxonomy":"product_tag","embeddable":true,"href":"https:\/\/www.moskito.cz\/it\/wp-json\/wp\/v2\/product_tag?post=353328"}],"curies":[{"name":"wp","href":"https:\/\/api.w.org\/{rel}","templated":true}]}}