{"id":353435,"date":"2024-07-18T09:24:09","date_gmt":"2024-07-18T08:26:01","guid":{"rendered":"https:\/\/www.moskito.cz\/produkt\/coltello-fisso-muela-mirage-18nm\/"},"modified":"2025-05-07T11:21:55","modified_gmt":"2025-05-07T10:21:55","slug":"coltello-fisso-muela-mirage-18nm","status":"publish","type":"product","link":"https:\/\/www.moskito.cz\/it\/produkt\/coltello-fisso-muela-mirage-18nm\/","title":{"rendered":"Coltello fisso Muela MIRAGE-18NM"},"content":{"rendered":"<p>Coltello fisso <strong>Muela<\/strong> MIRAGE-18NM<\/p>\n<p>I coltelli <strong>Muela<\/strong> sono prodotti da un&#8217;azienda spagnola che produce coltelli da caccia, coltelli pieghevoli, coltelli di lusso e molti altri convenienti e di alta qualit\u00e0.<\/p>\n<p>Coltello tattico dell&#8217;azienda spagnola <strong>Muela<\/strong> con finitura nera. Per la lama \u00e8 stato utilizzato acciaio inossidabile Inox 1-42 con una durezza di 54 &#8211; 58 HRC. La lama del coltello \u00e8 seghettata nei primi quattro centimetri. La protezione \u00e8 in metallo bifacciale di colore nero. L&#8217;impugnatura \u00e8 in gomma, ha una presa perfetta ed \u00e8 zigrinata per una presa ancora pi\u00f9 sicura. All&#8217;estremit\u00e0 del manico \u00e8 presente un foro con un rivetto cavo per far passare la corda. Il coltello viene fornito con un fodero in nylon.<\/p>\n<p>I coltelli della serie <strong>MIRAGE<\/strong> sono uno dei coltelli pi\u00f9 famosi prodotti dall&#8217;azienda spagnola Muela. Estremamente versatile con una lama massiccia per gestire qualsiasi lavoro in qualsiasi condizione senza danni. Un ottimo coltello da sopravvivenza, ideale per il campeggio come coltello tattico o da caccia.<\/p>\n<p>Lama &#8211; con profilo Clip Point, spessore 4,6 mm, rivestita con rivestimento in PTFE nero opaco, antiriflesso e antigraffio. Realizzato in acciaio inossidabile 420H con maggior contenuto di carbonio ed elevata resistenza agli urti, temprato nell&#8217;intervallo 54-58 HRC. Lama combinata a molatura cava, parzialmente seghettata. Alla base della lama \u00e8 presente una protezione in acciaio a doppia faccia che protegge la mano dallo scivolamento sulla lama.<\/p>\n<p>Maniglia &#8211; rivestita con rivestimento in elastomero flessibile e zigrinato di colore sabbia (deserto). Il manico in gomma morbida garantisce un&#8217;ottima presa, il coltello non scivola di mano e una presa salda e sicura permette di effettuare movimenti precisi con il coltello. C&#8217;\u00e8 un foro allargato per la corda nella parte posteriore della maniglia.<\/p>\n<p>Cassa: colore deserto militare. Realizzato in nylon resistente all&#8217;acqua, l&#8217;attacco a chiusura consente di trasportare il coltello in sicurezza. I bordi del fodero sono cuciti con filo decorativo. La scritta MUELA TACTICAL KNIVES \u00e8 stampata sul davanti. Il fodero \u00e8 dotato di un attacco per cintura o di un dispositivo che consente di trasportare il coltello in posizione verticale. Nella parte inferiore della custodia \u00e8 presente un cordino in paracord che permette di fissare la custodia alla coscia.<\/p>\n<p>Dati tecnici:<\/p>\n<p>Tipo di acciaio: 420H<br \/>\nLunghezza lama: 18 cm<br \/>\nSpessore lama: 0,46 cm<br \/>\nLunghezza totale: 30,3 cm<br \/>\nPeso: 353 g<br \/>\nTipo di lama: punto di clip<br \/>\nManico: Thermorun<br \/>\nCustodia: nylon<\/p>\n<p>&nbsp;<\/p>\n","protected":false},"excerpt":{"rendered":"<p><strong>I coltelli della serie MIRAGE sono uno dei coltelli pi\u00f9 famosi prodotti dall&#8217;azienda spagnola Muela. Estremamente versatile con una lama massiccia per gestire qualsiasi lavoro in qualsiasi condizione senza danni. Un ottimo coltello da sopravvivenza, ideale per il campeggio come coltello tattico o da caccia.<\/strong><\/p>\n","protected":false},"featured_media":353402,"comment_status":"open","ping_status":"closed","template":"","meta":[],"pwb-brand":[3913],"product_brand":[],"product_cat":[3745,3746],"product_tag":[3755],"class_list":{"0":"post-353435","1":"product","2":"type-product","3":"status-publish","4":"has-post-thumbnail","6":"pwb-brand-lei-doveva","7":"product_cat-coltelli","8":"product_cat-coltelli-solidi","9":"product_tag-b2b-it","11":"first","12":"instock","13":"taxable","14":"shipping-taxable","15":"purchasable","16":"product-type-simple"},"brands":[{"id":3913,"name":"Lei doveva","slug":"lei-doveva"}],"_links":{"self":[{"href":"https:\/\/www.moskito.cz\/it\/wp-json\/wp\/v2\/product\/353435","targetHints":{"allow":["GET"]}}],"collection":[{"href":"https:\/\/www.moskito.cz\/it\/wp-json\/wp\/v2\/product"}],"about":[{"href":"https:\/\/www.moskito.cz\/it\/wp-json\/wp\/v2\/types\/product"}],"replies":[{"embeddable":true,"href":"https:\/\/www.moskito.cz\/it\/wp-json\/wp\/v2\/comments?post=353435"}],"wp:featuredmedia":[{"embeddable":true,"href":"https:\/\/www.moskito.cz\/it\/wp-json\/wp\/v2\/media\/353402"}],"wp:attachment":[{"href":"https:\/\/www.moskito.cz\/it\/wp-json\/wp\/v2\/media?parent=353435"}],"wp:term":[{"taxonomy":"pwb-brand","embeddable":true,"href":"https:\/\/www.moskito.cz\/it\/wp-json\/wp\/v2\/pwb-brand?post=353435"},{"taxonomy":"product_brand","embeddable":true,"href":"https:\/\/www.moskito.cz\/it\/wp-json\/wp\/v2\/product_brand?post=353435"},{"taxonomy":"product_cat","embeddable":true,"href":"https:\/\/www.moskito.cz\/it\/wp-json\/wp\/v2\/product_cat?post=353435"},{"taxonomy":"product_tag","embeddable":true,"href":"https:\/\/www.moskito.cz\/it\/wp-json\/wp\/v2\/product_tag?post=353435"}],"curies":[{"name":"wp","href":"https:\/\/api.w.org\/{rel}","templated":true}]}}