{"id":354158,"date":"2021-12-15T21:07:25","date_gmt":"2021-12-15T20:07:25","guid":{"rendered":"https:\/\/www.moskito.cz\/produkt\/coltello-solid-sog-seal-pup-fodero-in-nylon-duro\/"},"modified":"2024-08-06T12:37:48","modified_gmt":"2024-08-06T11:37:48","slug":"coltello-solid-sog-seal-pup-fodero-in-nylon-duro","status":"publish","type":"product","link":"https:\/\/www.moskito.cz\/it\/produkt\/coltello-solid-sog-seal-pup-fodero-in-nylon-duro\/","title":{"rendered":"Coltello Solid SOG SEAL PUP &#8211; FODERO IN NYLON DURO"},"content":{"rendered":"<p>Coltello Solid <strong>SOG<\/strong> SEAL PUP &#8211; FODERO IN NYLON DURO. Come il suo fratello maggiore, il SEAL Pup ha una lama semi-seghettata verniciata a polvere per una bassa riflettivit\u00e0 e resistenza alla corrosione. La sua leggera impugnatura in nylon rinforzato con vetro (GRN) presenta un motivo a rombi in rilievo per una presa sicura in condizioni atmosferiche avverse. E come il coltello SEAL, pu\u00f2 essere comodamente trasportato in una fondina tattica multi-attacco realizzata in nylon rigido o nylon balistico. AUS-8 Acciaio inossidabile giapponese di alta qualit\u00e0 con un buon equilibrio tra tenacit\u00e0 e resistenza, capacit\u00e0 di tenuta del bordo e resistenza alla corrosione. LAMA PARZIALMENTE SEGHETTATA Offre i vantaggi delle lame diritte e seghettate in un&#8217;unica lama. MANIGLIA GRN Robusta impugnatura in nylon rinforzato con vetro con motivo a rombi in rilievo per una presa sicura in condizioni asciutte e bagnate. LUNGHEZZA TOTALE: 22,5 cm PESO PRODOTTO: 5,40 oz LUNGHEZZA LAMA: 12 cm TIPO DI PRODOTTO: lama fissa FINITURA: verniciatura a polvere TIPO DI BORDO: seghettato parziale TIPO DI ACCIAIO DELLA LAMA: AUS-8 MATERIALE MANICO: nylon rinforzato con vetro COLORE MANICO: nero DUREZZA: Rc. 57-58 COMPRESA VALIGETTA : Si COLORE FOGLIO : Nero https:\/\/youtu.be\/r5kDeVnuVuo          &nbsp;<\/p>\n<p>&nbsp;<\/p>\n","protected":false},"excerpt":{"rendered":"<p>Che tu stia proteggendo gli altri o guidando un&#8217;epica spedizione di caccia, affrontando una delle sfide quotidiane della vita o affrontando le condizioni pi\u00f9 estreme, fatti strada con <strong>SOG<\/strong> . <strong>Diamo una garanzia a vita su tutti i coltelli SOG!<\/strong><\/p>\n","protected":false},"featured_media":354159,"comment_status":"open","ping_status":"closed","template":"","meta":[],"pwb-brand":[3850],"product_brand":[],"product_cat":[3746,3745],"product_tag":[3755],"class_list":{"0":"post-354158","1":"product","2":"type-product","3":"status-publish","4":"has-post-thumbnail","6":"pwb-brand-sog-it","7":"product_cat-coltelli-solidi","8":"product_cat-coltelli","9":"product_tag-b2b-it","11":"first","12":"instock","13":"taxable","14":"shipping-taxable","15":"purchasable","16":"product-type-simple"},"brands":[{"id":3850,"name":"SOG","slug":"sog-it"}],"_links":{"self":[{"href":"https:\/\/www.moskito.cz\/it\/wp-json\/wp\/v2\/product\/354158","targetHints":{"allow":["GET"]}}],"collection":[{"href":"https:\/\/www.moskito.cz\/it\/wp-json\/wp\/v2\/product"}],"about":[{"href":"https:\/\/www.moskito.cz\/it\/wp-json\/wp\/v2\/types\/product"}],"replies":[{"embeddable":true,"href":"https:\/\/www.moskito.cz\/it\/wp-json\/wp\/v2\/comments?post=354158"}],"wp:featuredmedia":[{"embeddable":true,"href":"https:\/\/www.moskito.cz\/it\/wp-json\/wp\/v2\/media\/354159"}],"wp:attachment":[{"href":"https:\/\/www.moskito.cz\/it\/wp-json\/wp\/v2\/media?parent=354158"}],"wp:term":[{"taxonomy":"pwb-brand","embeddable":true,"href":"https:\/\/www.moskito.cz\/it\/wp-json\/wp\/v2\/pwb-brand?post=354158"},{"taxonomy":"product_brand","embeddable":true,"href":"https:\/\/www.moskito.cz\/it\/wp-json\/wp\/v2\/product_brand?post=354158"},{"taxonomy":"product_cat","embeddable":true,"href":"https:\/\/www.moskito.cz\/it\/wp-json\/wp\/v2\/product_cat?post=354158"},{"taxonomy":"product_tag","embeddable":true,"href":"https:\/\/www.moskito.cz\/it\/wp-json\/wp\/v2\/product_tag?post=354158"}],"curies":[{"name":"wp","href":"https:\/\/api.w.org\/{rel}","templated":true}]}}