{"id":354344,"date":"2020-07-28T07:53:33","date_gmt":"2024-08-07T02:43:54","guid":{"rendered":"https:\/\/www.moskito.cz\/produkt\/coltello-da-tiro-microtech-stitch-borka-lame-169-10\/"},"modified":"2025-07-11T07:51:44","modified_gmt":"2025-07-11T06:51:44","slug":"coltello-da-tiro-microtech-stitch-borka-lame-169-10","status":"publish","type":"product","link":"https:\/\/www.moskito.cz\/it\/produkt\/coltello-da-tiro-microtech-stitch-borka-lame-169-10\/","title":{"rendered":"Coltello da tiro Microtech Stitch Borka Lame 169-10"},"content":{"rendered":"<p>Coltello da tiro <strong>Microtech<\/strong> Stitch Borka Lame 169-10. Questo Stitch automatico \u00e8 una bellissima collaborazione tattica tra Tony Marfione e Sebastijan Berenji, noto anche come Borka, lo straordinario design di Sebastijan Stitch con lo straordinario meccanismo di apertura automatica di Tony costituisce una delle migliori collaborazioni di produzione del 2017. La lama da 8,5 cm presenta una superficie piatta e apocalittica. La maniglia \u00e8 in alluminio altamente fresato con finitura anodizzata nera Mil-Spec Hardcoat e backspacer in alluminio. La lama spara come un razzo e si blocca in modo solido, il che \u00e8 un&#8217;impresa impressionante considerando che \u00e8 AUTO. Questo \u00e8 un modello di produzione tanto atteso della famosa custom, quindi hai la possibilit\u00e0 di avere un coltello Borka per una frazione del prezzo. Borka Design Hardware Torx Backspacer in alluminio testurizzato Specifiche Lunghezza lama: 8,5 cm Lunghezza impugnatura: 12,5 cm Lunghezza totale: 21 cm Acciaio: M390 Stile lama: Punta di lancia Affilatura lama: Piatta Finitura lama: Stonewash Materiale impugnatura: Alluminio fresato, Rivestimento duro Mil-Spec, Meccanismo di bloccaggio anodizzato: Chiusura a bottone: acciaio inossidabile (pieghevole, destra) Peso: 6,3 once. Designer: Sebastijan Berenji e Tony Marfione Prodotto negli Stati Uniti&nbsp; Questo punto automatico \u00e8 una bellissima collaborazione tattica tra Tony Marfione e Sebastijan Berenji, AKA Borka. Prende il fantastico design Stitch di Sebastijan e lo abbina al fantastico meccanismo di apertura automatica di Tony per creare una delle collaborazioni di produzione pi\u00f9 belle del 2017. La lama a punta di lancia da 3,625&#8243; \u00e8 caratterizzata da un&#8217;affilatura piatta, una finitura apocalittica e una giunzione sulla punta del dito e sulla rampa del pollice per un&#8217;ottima presa durante le attivit\u00e0 di taglio pi\u00f9 fini. L&#8217;impugnatura \u00e8 in alluminio pesantemente fresato con finitura anodizzata nera Mil-Spec Hardcoat e backspacer in alluminio con giunzione Si accende come un razzo e si blocca saldamente, il che, considerando che si tratta di un&#8217;AUTO, \u00e8 un&#8217;impresa impressionante. Questo \u00e8 il modello di produzione tanto atteso della famosa consuetudine, che ti d\u00e0 la possibilit\u00e0 di avere un coltello Borka a una frazione di prezzo. il costo Caratteristiche Borka Design Torx Hardware Backspacer in alluminio testurizzato Specifiche Lunghezza lama: 3,625 &#8221; Tagliente: 3,05 &#8221; Lunghezza impugnatura: 5,0 &#8221; Lunghezza totale: 8,50 &#8221; Si prega di notare che l&#8217;acciaio della lama non pu\u00f2 essere specificato in quanto pu\u00f2 cambiare a seconda della disponibilit\u00e0 (informazioni da. Microtech) Spessore lama: 0,190&#8243; Stile lama: Punta a lancia Affilatura lama: Piatta Finitura lama: Stonewash Materiale impugnatura: Alluminio fresato, rivestimento duro Mil-Spec Anodizzato Spessore impugnatura: 0,62&#8243; Meccanismo di bloccaggio: Pulsante Clip da tasca: Acciaio inossidabile (ribaltabile) , trasporto destro) Peso: 6,3 once. Designer: Sebastijan Berenji e Tony Marfione Prodotto negli Stati Uniti  &nbsp;<\/p>\n<p>&nbsp;<\/p>\n","protected":false},"excerpt":{"rendered":"<p><strong>Nel corso degli anni Microtech\u00ae Knives ha riempito i coltelli di passione e maestria fino a creare quasi opere d&#8217;arte che sono l&#8217;apice della funzionalit\u00e0. Tutte le parti sono prodotte negli Stati Uniti.<\/strong><br \/>\n<strong>Tutti i coltelli Microtech sono coperti da una garanzia a vita.<\/strong><\/p>\n<p><strong>Trasporto gratuito.<\/strong><\/p>\n","protected":false},"featured_media":177460,"comment_status":"open","ping_status":"closed","template":"","meta":[],"pwb-brand":[3753],"product_brand":[],"product_cat":[3745,3748],"product_tag":[],"class_list":{"0":"post-354344","1":"product","2":"type-product","3":"status-publish","4":"has-post-thumbnail","6":"pwb-brand-microtecnologia-it","7":"product_cat-coltelli","8":"product_cat-coltelli-da-tiro","10":"first","11":"instock","12":"taxable","13":"shipping-taxable","14":"purchasable","15":"product-type-simple"},"brands":[{"id":3753,"name":"Microtecnologia","slug":"microtecnologia-it"}],"_links":{"self":[{"href":"https:\/\/www.moskito.cz\/it\/wp-json\/wp\/v2\/product\/354344","targetHints":{"allow":["GET"]}}],"collection":[{"href":"https:\/\/www.moskito.cz\/it\/wp-json\/wp\/v2\/product"}],"about":[{"href":"https:\/\/www.moskito.cz\/it\/wp-json\/wp\/v2\/types\/product"}],"replies":[{"embeddable":true,"href":"https:\/\/www.moskito.cz\/it\/wp-json\/wp\/v2\/comments?post=354344"}],"wp:featuredmedia":[{"embeddable":true,"href":"https:\/\/www.moskito.cz\/it\/wp-json\/wp\/v2\/media\/177460"}],"wp:attachment":[{"href":"https:\/\/www.moskito.cz\/it\/wp-json\/wp\/v2\/media?parent=354344"}],"wp:term":[{"taxonomy":"pwb-brand","embeddable":true,"href":"https:\/\/www.moskito.cz\/it\/wp-json\/wp\/v2\/pwb-brand?post=354344"},{"taxonomy":"product_brand","embeddable":true,"href":"https:\/\/www.moskito.cz\/it\/wp-json\/wp\/v2\/product_brand?post=354344"},{"taxonomy":"product_cat","embeddable":true,"href":"https:\/\/www.moskito.cz\/it\/wp-json\/wp\/v2\/product_cat?post=354344"},{"taxonomy":"product_tag","embeddable":true,"href":"https:\/\/www.moskito.cz\/it\/wp-json\/wp\/v2\/product_tag?post=354344"}],"curies":[{"name":"wp","href":"https:\/\/api.w.org\/{rel}","templated":true}]}}