{"id":354498,"date":"2024-08-07T04:37:13","date_gmt":"2024-08-07T03:38:05","guid":{"rendered":"https:\/\/www.moskito.cz\/produkt\/coltello-da-tiro-microtech-borka-stitch-apocalyptic-169-11ap\/"},"modified":"2025-05-07T11:22:22","modified_gmt":"2025-05-07T10:22:22","slug":"coltello-da-tiro-microtech-borka-stitch-apocalyptic-169-11ap","status":"publish","type":"product","link":"https:\/\/www.moskito.cz\/it\/produkt\/coltello-da-tiro-microtech-borka-stitch-apocalyptic-169-11ap\/","title":{"rendered":"Coltello da tiro Microtech\/Borka Stitch Apocalyptic 169-11AP"},"content":{"rendered":"<p>Coltello da tiro <strong>Microtech<\/strong> \/ Borka Stitch Apocalyptic 169-11AP. Automatic <strong>Stitch<\/strong> \u00e8 una bellissima collaborazione tattica tra Tony Marfione e Sebastijan Berenji, AKA Borka. Prende lo straordinario design Stitch di Sebastijan e lo combina con lo straordinario meccanismo di apertura automatica di Tony per creare una delle collaborazioni di produzione pi\u00f9 interessanti del 2017. La lama a punta di lancia ha una finitura apocalittica in pietra scura e superficie piatta e una rampa per legare dita e pollici per un eccellente acquisto su superfici pi\u00f9 fini. taglia La maniglia \u00e8 in alluminio fresato pesante con finitura anodizzata nera Mil-Spec Hardcoat e spara come un razzo e si blocca saldamente, un&#8217;impresa impressionante considerando che si tratta di un&#8217;AUTO Questo \u00e8 il tanto atteso modello di produzione della famosa custom che ti d\u00e0 la possibilit\u00e0 possedere un coltello Borka per una frazione del prezzo. Specifiche: Lunghezza lama: 8,5 cm Lunghezza impugnatura: 12,5 cm Lunghezza totale: 21 cm Acciaio: M390 Stile lama: Punta di lancia Affilatura lama: Piatta Finitura lama: Apocalittico Materiale impugnatura: Alluminio fresato, rivestimento anodizzato duro Mil-Spec Meccanismo di bloccaggio: Tasca con bottone clip: acciaio inossidabile (ribaltabile, usura a destra) Peso: 6,3 once. Designer: Sebastijan Berenji e Tony Marfione Prodotto negli USA https:\/\/youtu.be\/xE9TeOFYEjg       &nbsp;<\/p>\n","protected":false},"excerpt":{"rendered":"<p><strong>Nel corso degli anni, Microtech\u00ae Knives ha riempito i coltelli con passione e competenza per creare quasi opere d&#8217;arte che sono l&#8217;apice della funzionalit\u00e0. Tutte le parti sono prodotte negli Stati Uniti.<\/strong><br \/>\n<strong>Tutti i coltelli Microtech sono coperti da una garanzia a vita.<\/strong><\/p>\n<p><strong>Trasporto gratuito.<\/strong><\/p>\n","protected":false},"featured_media":354449,"comment_status":"open","ping_status":"closed","template":"","meta":[],"pwb-brand":[3753],"product_brand":[],"product_cat":[3745,3748],"product_tag":[3755],"class_list":{"0":"post-354498","1":"product","2":"type-product","3":"status-publish","4":"has-post-thumbnail","6":"pwb-brand-microtecnologia-it","7":"product_cat-coltelli","8":"product_cat-coltelli-da-tiro","9":"product_tag-b2b-it","11":"first","12":"instock","13":"taxable","14":"shipping-taxable","15":"purchasable","16":"product-type-simple"},"brands":[{"id":3753,"name":"Microtecnologia","slug":"microtecnologia-it"}],"_links":{"self":[{"href":"https:\/\/www.moskito.cz\/it\/wp-json\/wp\/v2\/product\/354498","targetHints":{"allow":["GET"]}}],"collection":[{"href":"https:\/\/www.moskito.cz\/it\/wp-json\/wp\/v2\/product"}],"about":[{"href":"https:\/\/www.moskito.cz\/it\/wp-json\/wp\/v2\/types\/product"}],"replies":[{"embeddable":true,"href":"https:\/\/www.moskito.cz\/it\/wp-json\/wp\/v2\/comments?post=354498"}],"wp:featuredmedia":[{"embeddable":true,"href":"https:\/\/www.moskito.cz\/it\/wp-json\/wp\/v2\/media\/354449"}],"wp:attachment":[{"href":"https:\/\/www.moskito.cz\/it\/wp-json\/wp\/v2\/media?parent=354498"}],"wp:term":[{"taxonomy":"pwb-brand","embeddable":true,"href":"https:\/\/www.moskito.cz\/it\/wp-json\/wp\/v2\/pwb-brand?post=354498"},{"taxonomy":"product_brand","embeddable":true,"href":"https:\/\/www.moskito.cz\/it\/wp-json\/wp\/v2\/product_brand?post=354498"},{"taxonomy":"product_cat","embeddable":true,"href":"https:\/\/www.moskito.cz\/it\/wp-json\/wp\/v2\/product_cat?post=354498"},{"taxonomy":"product_tag","embeddable":true,"href":"https:\/\/www.moskito.cz\/it\/wp-json\/wp\/v2\/product_tag?post=354498"}],"curies":[{"name":"wp","href":"https:\/\/api.w.org\/{rel}","templated":true}]}}