{"id":354615,"date":"2024-08-07T19:56:06","date_gmt":"2024-08-07T18:57:12","guid":{"rendered":"https:\/\/www.moskito.cz\/produkt\/coltello-da-tiro-microtech-combat-troodon-gen-iii-apocalyptic-1142-12ap\/"},"modified":"2025-05-07T11:22:24","modified_gmt":"2025-05-07T10:22:24","slug":"coltello-da-tiro-microtech-combat-troodon-gen-iii-apocalyptic-1142-12ap","status":"publish","type":"product","link":"https:\/\/www.moskito.cz\/it\/produkt\/coltello-da-tiro-microtech-combat-troodon-gen-iii-apocalyptic-1142-12ap\/","title":{"rendered":"Coltello da tiro Microtech Combat Troodon Gen III Apocalyptic 1142-12AP"},"content":{"rendered":"<p>Coltello da tiro <strong>Microtech<\/strong> Combat Troodon Gen III Apocalyptic 1142-12AP. <strong>Il Combat Troodon Gen III<\/strong> \u00e8 l&#8217;apice dell&#8217;ingegneria di precisione e dell&#8217;abilit\u00e0 tattica nei coltelli frontali. Vantando un aumento delle dimensioni del 25% rispetto all&#8217;ammiraglia Troodon, questa evoluzione ridefinisce l&#8217;eccellenza tattica con la sua impugnatura sottile e profondamente incisa, il design sagomato e le caratteristiche innovative. Il sofisticato meccanismo interno non solo migliora la funzionalit\u00e0 operativa, ma eleva anche l&#8217;affidabilit\u00e0 a nuovi livelli su questa scala pi\u00f9 ampia. Realizzato con cura per molteplici usi, <strong>il Troodon da combattimento<\/strong> \u00e8 una testimonianza della sua versatilit\u00e0 tattica, eccellendo sia negli scenari di utilit\u00e0 che di combattimento ravvicinato. Oltre alle dimensioni fisiche, il manico di questo modello eccezionale \u00e8 decorato con profonde incisioni, non solo per un&#8217;incredibile impressione visiva, ma anche per fornire un&#8217;esperienza tattile unica. L&#8217;inclusione della struttura hardware Torx evidenzia ulteriormente la meticolosa attenzione ai dettagli, garantendo durata e facilit\u00e0 di manutenzione, mentre la clip da tasca reversibile \u00e8 completamente reversibile. <strong>Il Combat Troodon Gen III<\/strong> , che significa &#8220;dente che ferisce&#8221;, \u00e8 un formidabile coltello tattico frontale che incorpora ingegneria di precisione, elementi essenziali per il combattimento e un design elegante. Specifiche: Lunghezza lama: 10,3 cm Lunghezza chiusa: 14 cm Lunghezza totale: 24 cm Acciaio lama: acciaio inossidabile Bohler M390MK Stile lama: pugnale a doppio taglio Affilatura lama: piatta Finitura lama: apocalittica Materiale impugnatura: alluminio aeronautico nero con incisione profonda Spessore impugnatura : 0,570&#8243; Meccanismo di bloccaggio: Clip da tasca scorrevole con il pollice: Titanio (pieghevole, usura destra\/sinistra) Peso: 5,22 once. Designer: Tony Marfione Prodotto negli Stati Uniti https:\/\/youtu.be\/xE9TeOFYEjg  &nbsp;<\/p>\n","protected":false},"excerpt":{"rendered":"<p><strong>Nel corso degli anni Microtech\u00ae Knives ha riempito i coltelli di passione e maestria fino a creare quasi opere d&#8217;arte che sono l&#8217;apice della funzionalit\u00e0. Tutte le parti sono prodotte negli Stati Uniti.<\/strong><br \/>\n<strong>Tutti i coltelli Microtech sono coperti da una garanzia a vita.<\/strong><\/p>\n<p><strong>Trasporto gratuito.<\/strong><\/p>\n","protected":false},"featured_media":354570,"comment_status":"open","ping_status":"closed","template":"","meta":[],"pwb-brand":[3753],"product_brand":[],"product_cat":[3745,3748],"product_tag":[3755],"class_list":{"0":"post-354615","1":"product","2":"type-product","3":"status-publish","4":"has-post-thumbnail","6":"pwb-brand-microtecnologia-it","7":"product_cat-coltelli","8":"product_cat-coltelli-da-tiro","9":"product_tag-b2b-it","11":"first","12":"outofstock","13":"taxable","14":"shipping-taxable","15":"purchasable","16":"product-type-simple"},"brands":[{"id":3753,"name":"Microtecnologia","slug":"microtecnologia-it"}],"_links":{"self":[{"href":"https:\/\/www.moskito.cz\/it\/wp-json\/wp\/v2\/product\/354615","targetHints":{"allow":["GET"]}}],"collection":[{"href":"https:\/\/www.moskito.cz\/it\/wp-json\/wp\/v2\/product"}],"about":[{"href":"https:\/\/www.moskito.cz\/it\/wp-json\/wp\/v2\/types\/product"}],"replies":[{"embeddable":true,"href":"https:\/\/www.moskito.cz\/it\/wp-json\/wp\/v2\/comments?post=354615"}],"wp:featuredmedia":[{"embeddable":true,"href":"https:\/\/www.moskito.cz\/it\/wp-json\/wp\/v2\/media\/354570"}],"wp:attachment":[{"href":"https:\/\/www.moskito.cz\/it\/wp-json\/wp\/v2\/media?parent=354615"}],"wp:term":[{"taxonomy":"pwb-brand","embeddable":true,"href":"https:\/\/www.moskito.cz\/it\/wp-json\/wp\/v2\/pwb-brand?post=354615"},{"taxonomy":"product_brand","embeddable":true,"href":"https:\/\/www.moskito.cz\/it\/wp-json\/wp\/v2\/product_brand?post=354615"},{"taxonomy":"product_cat","embeddable":true,"href":"https:\/\/www.moskito.cz\/it\/wp-json\/wp\/v2\/product_cat?post=354615"},{"taxonomy":"product_tag","embeddable":true,"href":"https:\/\/www.moskito.cz\/it\/wp-json\/wp\/v2\/product_tag?post=354615"}],"curies":[{"name":"wp","href":"https:\/\/api.w.org\/{rel}","templated":true}]}}