{"id":355136,"date":"2024-08-08T22:21:05","date_gmt":"2024-08-08T21:23:02","guid":{"rendered":"https:\/\/www.moskito.cz\/produkt\/coltello-chiudibile-microtech-anfibio-137rl-1flgtod\/"},"modified":"2025-05-07T11:22:38","modified_gmt":"2025-05-07T10:22:38","slug":"coltello-chiudibile-microtech-anfibio-137rl-1flgtod","status":"publish","type":"product","link":"https:\/\/www.moskito.cz\/it\/produkt\/coltello-chiudibile-microtech-anfibio-137rl-1flgtod\/","title":{"rendered":"Coltello Chiudibile Microtech Anfibio 137RL-1FLGTOD"},"content":{"rendered":"<p>Coltello Chiudibile <strong>Microtech<\/strong> Anfibio 137RL-1FLGTOD. <strong>Amphibian<\/strong> \u00e8 un vero classico Marfione risalente a pi\u00f9 di 20 anni fa. Viene dai tempi antichi in cui <strong>i coltelli Microtech<\/strong> potevano essere sia automatici che manuali&#8230; allo stesso tempo. Ci\u00f2 che abbiamo qui \u00e8 una versione manuale che incorpora il design RAM-LOK di Tony con una clip da tasca ambidestra e due perni per il pollice per un coltello completamente ambidestro che non sacrifica nulla in alcun modo. Presenta la lama in acciaio brevettata Bohler M390MK disponibile solo da <strong>Microtech Knives<\/strong> . Il coltello \u00e8 simile all&#8217;MSI <strong>Microtech<\/strong> Standard in termini di dimensioni, ma in termini di stile non c&#8217;\u00e8 paragone. L&#8217;Anfibio \u00e8 uno dei coltelli tattici pi\u00f9 belli di tutti i tempi e siamo lieti che sia tornato e sia disponibile per le masse! Specifiche: Lunghezza lama: 9,67 cm Lunghezza chiusa: 13,42 cm Lunghezza totale: 23,12 cm Acciaio lama: acciaio inossidabile Bohler M390MK Stile lama: Clip Point Affilatura lama: Finitura lama cava: Nero Materiale impugnatura: G10 verde OD seghettato Meccanismo di bloccaggio: RAM-LOK Clip da tasca: titanio (estraibile, usura sinistra\/destra) Peso: 5,93 once. Designer: Tony Marfione Prodotto negli Stati Uniti https:\/\/youtu.be\/xE9TeOFYEjg<\/p>\n","protected":false},"excerpt":{"rendered":"<p><strong>Nel corso degli anni Microtech\u00ae Knives ha riempito i coltelli di passione e maestria fino a creare quasi opere d&#8217;arte che sono l&#8217;apice della funzionalit\u00e0. Tutte le parti sono prodotte negli Stati Uniti.<\/strong><br \/>\n<strong>Tutti i coltelli Microtech sono coperti da una garanzia a vita.<\/strong><\/p>\n<p><strong>Trasporto gratuito.<\/strong><\/p>\n","protected":false},"featured_media":355091,"comment_status":"open","ping_status":"closed","template":"","meta":[],"pwb-brand":[3753],"product_brand":[],"product_cat":[3745,3749],"product_tag":[3755],"class_list":{"0":"post-355136","1":"product","2":"type-product","3":"status-publish","4":"has-post-thumbnail","6":"pwb-brand-microtecnologia-it","7":"product_cat-coltelli","8":"product_cat-coltelli-di-chiusura","9":"product_tag-b2b-it","11":"first","12":"outofstock","13":"taxable","14":"shipping-taxable","15":"purchasable","16":"product-type-simple"},"brands":[{"id":3753,"name":"Microtecnologia","slug":"microtecnologia-it"}],"_links":{"self":[{"href":"https:\/\/www.moskito.cz\/it\/wp-json\/wp\/v2\/product\/355136","targetHints":{"allow":["GET"]}}],"collection":[{"href":"https:\/\/www.moskito.cz\/it\/wp-json\/wp\/v2\/product"}],"about":[{"href":"https:\/\/www.moskito.cz\/it\/wp-json\/wp\/v2\/types\/product"}],"replies":[{"embeddable":true,"href":"https:\/\/www.moskito.cz\/it\/wp-json\/wp\/v2\/comments?post=355136"}],"wp:featuredmedia":[{"embeddable":true,"href":"https:\/\/www.moskito.cz\/it\/wp-json\/wp\/v2\/media\/355091"}],"wp:attachment":[{"href":"https:\/\/www.moskito.cz\/it\/wp-json\/wp\/v2\/media?parent=355136"}],"wp:term":[{"taxonomy":"pwb-brand","embeddable":true,"href":"https:\/\/www.moskito.cz\/it\/wp-json\/wp\/v2\/pwb-brand?post=355136"},{"taxonomy":"product_brand","embeddable":true,"href":"https:\/\/www.moskito.cz\/it\/wp-json\/wp\/v2\/product_brand?post=355136"},{"taxonomy":"product_cat","embeddable":true,"href":"https:\/\/www.moskito.cz\/it\/wp-json\/wp\/v2\/product_cat?post=355136"},{"taxonomy":"product_tag","embeddable":true,"href":"https:\/\/www.moskito.cz\/it\/wp-json\/wp\/v2\/product_tag?post=355136"}],"curies":[{"name":"wp","href":"https:\/\/api.w.org\/{rel}","templated":true}]}}