{"id":355811,"date":"2024-08-09T20:41:12","date_gmt":"2024-08-09T19:42:24","guid":{"rendered":"https:\/\/www.moskito.cz\/produkt\/coltello-da-tiro-microtech-hera-ii-stonewashed-1705-10ta\/"},"modified":"2025-05-07T11:22:48","modified_gmt":"2025-05-07T10:22:48","slug":"coltello-da-tiro-microtech-hera-ii-stonewashed-1705-10ta","status":"publish","type":"product","link":"https:\/\/www.moskito.cz\/it\/produkt\/coltello-da-tiro-microtech-hera-ii-stonewashed-1705-10ta\/","title":{"rendered":"Coltello da tiro Microtech Hera II Stonewashed 1705-10TA"},"content":{"rendered":"<p>Coltello da tiro <strong>Microtech<\/strong> Hera II Stonewashed 1705-10TA. <strong>L&#8217;Hera II<\/strong> \u00e8 un sorprendente coltello automatico frontale a doppia azione con un design del telaio liberamente ispirato all&#8217;iconico modello Troodon. L&#8217;Hera presenta un&#8217;ergonomia migliorata e presenta toppe terminali lavorate per una migliore presa e un&#8217;estetica raffinata che si aggiunge al suo fascino generale. In particolare, la maniglia \u00e8 accuratamente incisa in profondit\u00e0 e priva di hardware, aggiungendo un tocco artistico e una sensazione incredibile al design funzionale. L&#8217;unica vite visibile che lo tiene insieme \u00e8 sul retro vicino alla clip da tasca, che \u00e8 ambidestra per i mancini. Questo design raffinato incarna senza sforzo sia la raffinatezza che la funzionalit\u00e0, facendo risaltare <strong>Hera<\/strong> come uno dei migliori coltelli automatici OTF a tutto tondo in un mercato altamente competitivo. Anche se, onestamente, compete principalmente con altri OTF <strong>di Microtech<\/strong> . Perfettamente dimensionato per il combattimento ma abbastanza sottile per l&#8217;uso quotidiano, la sua forma \u00e8 realizzata con cura per trovare l&#8217;equilibrio ideale tra praticit\u00e0 e stile. L&#8217;Hera \u00e8 una testimonianza di ingegneria di precisione e dettagli artistici, che lo rendono una scelta eccellente per coloro che apprezzano il connubio tra forma e funzione nei loro strumenti quotidiani. Specifiche: Lunghezza lama: 10 cm Lunghezza totale: 24 cm Acciaio lama: acciaio inossidabile Bohler M390MK Stile lama: Lama ricurva Affilatura: Piatta Finitura lama: Stonewash Materiale impugnatura: Alluminio aeronautico con incisione profonda Meccanismo di bloccaggio: Clip da tasca scorrevole per pollice: Titanio (pieghevole, destra \/usura sinistra) Peso: 4,94 once. Designer: Tony e Sean Marfione Prodotto negli USA https:\/\/youtu.be\/xE9TeOFYEjg  &nbsp;<\/p>\n","protected":false},"excerpt":{"rendered":"<p><strong>Nel corso degli anni, Microtech\u00ae Knives ha messo passione e competenza nella creazione di opere d&#8217;arte che sono l&#8217;apice della funzione e della forma. Continuiamo a spingerci oltre i limiti e a migliorare ci\u00f2 che sappiamo gi\u00e0 che funziona. Microtech\u00ae Knives \u00e8 cresciuto fino a diventare un marchio leader di coltelli in costante evoluzione e progresso utilizzando la tecnologia pi\u00f9 recente, gli antichi principi delle lame e i massimi test sul campo per garantire la fornitura del miglior prodotto possibile.<\/strong><\/p>\n<p><strong>Trasporto gratuito.<\/strong><\/p>\n","protected":false},"featured_media":355766,"comment_status":"open","ping_status":"closed","template":"","meta":[],"pwb-brand":[3753],"product_brand":[],"product_cat":[3745,3748],"product_tag":[3755],"class_list":{"0":"post-355811","1":"product","2":"type-product","3":"status-publish","4":"has-post-thumbnail","6":"pwb-brand-microtecnologia-it","7":"product_cat-coltelli","8":"product_cat-coltelli-da-tiro","9":"product_tag-b2b-it","11":"first","12":"instock","13":"taxable","14":"shipping-taxable","15":"purchasable","16":"product-type-simple"},"brands":[{"id":3753,"name":"Microtecnologia","slug":"microtecnologia-it"}],"_links":{"self":[{"href":"https:\/\/www.moskito.cz\/it\/wp-json\/wp\/v2\/product\/355811","targetHints":{"allow":["GET"]}}],"collection":[{"href":"https:\/\/www.moskito.cz\/it\/wp-json\/wp\/v2\/product"}],"about":[{"href":"https:\/\/www.moskito.cz\/it\/wp-json\/wp\/v2\/types\/product"}],"replies":[{"embeddable":true,"href":"https:\/\/www.moskito.cz\/it\/wp-json\/wp\/v2\/comments?post=355811"}],"wp:featuredmedia":[{"embeddable":true,"href":"https:\/\/www.moskito.cz\/it\/wp-json\/wp\/v2\/media\/355766"}],"wp:attachment":[{"href":"https:\/\/www.moskito.cz\/it\/wp-json\/wp\/v2\/media?parent=355811"}],"wp:term":[{"taxonomy":"pwb-brand","embeddable":true,"href":"https:\/\/www.moskito.cz\/it\/wp-json\/wp\/v2\/pwb-brand?post=355811"},{"taxonomy":"product_brand","embeddable":true,"href":"https:\/\/www.moskito.cz\/it\/wp-json\/wp\/v2\/product_brand?post=355811"},{"taxonomy":"product_cat","embeddable":true,"href":"https:\/\/www.moskito.cz\/it\/wp-json\/wp\/v2\/product_cat?post=355811"},{"taxonomy":"product_tag","embeddable":true,"href":"https:\/\/www.moskito.cz\/it\/wp-json\/wp\/v2\/product_tag?post=355811"}],"curies":[{"name":"wp","href":"https:\/\/api.w.org\/{rel}","templated":true}]}}