{"id":356482,"date":"2024-08-14T10:09:49","date_gmt":"2024-08-14T09:10:48","guid":{"rendered":"https:\/\/www.moskito.cz\/produkt\/coltello-fisso-muela-scorpion-18nm\/"},"modified":"2025-05-07T11:23:13","modified_gmt":"2025-05-07T10:23:13","slug":"coltello-fisso-muela-scorpion-18nm","status":"publish","type":"product","link":"https:\/\/www.moskito.cz\/it\/produkt\/coltello-fisso-muela-scorpion-18nm\/","title":{"rendered":"Coltello Fisso Muela SCORPION-18NM"},"content":{"rendered":"<p>Coltello Fisso <strong>Muela<\/strong> SCORPION-18NM. Lo SCORPION-18NM \u00e8 un coltello da campo multiuso con una lama massiccia per prestazioni di taglio eccezionali e una comoda impugnatura. Versatile, perfettamente bilanciata, pensata per gli appassionati di bushcraft, survival e caccia. 420H &#8211; acciaio inossidabile martensitico ad alto tenore di carbonio con contenuto di carbonio (C) aumentato dallo 0,17% allo 0,23%, contenente anche cromo (Cr) e molibdeno (Mo) offre elevata temprabilit\u00e0 nell&#8217;intervallo 54-58 HRC nonch\u00e9 resistenza, tenacit\u00e0 e lavorabilit\u00e0 ed eccellente resistenza alla corrosione. L&#8217;alto contenuto di carbonio crea composti di carburo di cromo che garantiscono resistenza all&#8217;usura e ritenzione del tagliente dopo l&#8217;indurimento. Grazie alla sua elevata durezza, l&#8217;acciaio \u00e8 adatto alla produzione di utensili da taglio, lame di coltelli e strumenti medici.      PTFE Nero &#8211; Ampiamente utilizzato nell&#8217;industria dei rivestimenti, il politetrafluoroetilene \u00e8 un prodotto ultra fine a basso peso molecolare lavorato mediante un processo speciale. \u00c8 caratterizzato da eccellente resistenza chimica e agli agenti atmosferici e resistenza alla temperatura, stabilit\u00e0 termica, non appiccicosit\u00e0, isolamento elettrico, resistenza al fuoco e autolubrificazione. Grazie all&#8217;utilizzo del politetrafluoroetilene come materiale di rivestimento della lama, si riduce l&#8217;attrito durante l&#8217;uso, riducendo la necessit\u00e0 di forza in tutti i tipi di lavoro. Le lame rivestite in PTFE hanno fornito una forza media inferiore del 22% e una forza di picco inferiore del 26% rispetto alle lame rivestite in cromo. Lama &#8211; con profilo Clip Point modificato, ricoperta da un rivestimento in PTFE nero opaco e antiriflesso resistente ai graffi. Realizzato in acciaio inossidabile 420H con maggior contenuto di carbonio ed elevata resistenza agli urti, temprato nell&#8217;intervallo 54-58 HRC. Alla base della lama, un artiglio a doppia faccia protegge la mano dallo scivolamento sulla lama. Il bordo \u00e8 realizzato con un taglio concavo (Hollow Grind). Circa il 20% della lunghezza \u00e8 una lama Combo seghettata per un taglio aggressivo, comprese corde, cinghie e l&#8217;80% della superficie di una lama classica liscia (tipo normale) per un taglio preciso, fornendo buone propriet\u00e0 di taglio e penetrazione. Maniglia &#8211; ricoperta con imbottitura in elastomero flessibile di colore deserto. Il manico in gomma morbida garantisce un&#8217;ottima presa, il coltello non scivola di mano e una presa salda e sicura permette di eseguire lavori precisi con la lama. Un foro allargato per il cordino nella parte posteriore del manico. Fodero &#8211; nel colore del deserto, realizzato in nylon impermeabile. il fissaggio con chiusura a scatto consente il trasporto sicuro del coltello. I bordi del fodero sono cuciti con filo decorativo. Scritta Muela Tactical Knives in rilievo sul davanti. Il fodero \u00e8 fissato ad una cintura o ad un&#8217;attrezzatura, consentendo di trasportare il coltello in posizione verticale. Nella parte inferiore della custodia \u00e8 presente un cordino in paracord che permette di agganciare il fodero alla coscia. Specifiche tecniche: Codice prodotto: SCORPION-18NM Lunghezza totale: 305 mm \/ 12,01&#8243; Lunghezza lama 180,0 mm \/ 7,09&#8243; Spessore lama: 4,5 mm \/ 0,18&#8243; Peso: 355,0 g \/ 12 ,52 oz Materiale lama: 420H Durezza lama: 54-58 HRc Affilatura lama: Finitura lama cava: PTFE Materiale impugnatura: Termorun Colore finitura impugnatura: Desert Fodero (fodero): Nylon Altri accessori: Nessuno Designer: Muela Marchio: Muela Produttore: Manufacturas Muela, SA Paese di origine: Spagna            <\/p>\n","protected":false},"excerpt":{"rendered":"<p><strong>Lo SCORPION-18NM \u00e8 un coltello da campo multiuso con una lama massiccia per prestazioni di taglio eccezionali e una comoda impugnatura. Versatile, perfettamente bilanciata, pensata per gli appassionati di bushcraft, survival e caccia. <\/strong><\/p>\n","protected":false},"featured_media":356449,"comment_status":"open","ping_status":"closed","template":"","meta":[],"pwb-brand":[3913],"product_brand":[],"product_cat":[3746,3745],"product_tag":[3755],"class_list":{"0":"post-356482","1":"product","2":"type-product","3":"status-publish","4":"has-post-thumbnail","6":"pwb-brand-lei-doveva","7":"product_cat-coltelli-solidi","8":"product_cat-coltelli","9":"product_tag-b2b-it","11":"first","12":"instock","13":"taxable","14":"shipping-taxable","15":"purchasable","16":"product-type-simple"},"brands":[{"id":3913,"name":"Lei doveva","slug":"lei-doveva"}],"_links":{"self":[{"href":"https:\/\/www.moskito.cz\/it\/wp-json\/wp\/v2\/product\/356482","targetHints":{"allow":["GET"]}}],"collection":[{"href":"https:\/\/www.moskito.cz\/it\/wp-json\/wp\/v2\/product"}],"about":[{"href":"https:\/\/www.moskito.cz\/it\/wp-json\/wp\/v2\/types\/product"}],"replies":[{"embeddable":true,"href":"https:\/\/www.moskito.cz\/it\/wp-json\/wp\/v2\/comments?post=356482"}],"wp:featuredmedia":[{"embeddable":true,"href":"https:\/\/www.moskito.cz\/it\/wp-json\/wp\/v2\/media\/356449"}],"wp:attachment":[{"href":"https:\/\/www.moskito.cz\/it\/wp-json\/wp\/v2\/media?parent=356482"}],"wp:term":[{"taxonomy":"pwb-brand","embeddable":true,"href":"https:\/\/www.moskito.cz\/it\/wp-json\/wp\/v2\/pwb-brand?post=356482"},{"taxonomy":"product_brand","embeddable":true,"href":"https:\/\/www.moskito.cz\/it\/wp-json\/wp\/v2\/product_brand?post=356482"},{"taxonomy":"product_cat","embeddable":true,"href":"https:\/\/www.moskito.cz\/it\/wp-json\/wp\/v2\/product_cat?post=356482"},{"taxonomy":"product_tag","embeddable":true,"href":"https:\/\/www.moskito.cz\/it\/wp-json\/wp\/v2\/product_tag?post=356482"}],"curies":[{"name":"wp","href":"https:\/\/api.w.org\/{rel}","templated":true}]}}