{"id":356522,"date":"2024-08-14T10:19:14","date_gmt":"2024-08-14T09:21:20","guid":{"rendered":"https:\/\/www.moskito.cz\/produkt\/coltello-fisso-muela-scorpion-18n\/"},"modified":"2025-05-07T11:23:14","modified_gmt":"2025-05-07T10:23:14","slug":"coltello-fisso-muela-scorpion-18n","status":"publish","type":"product","link":"https:\/\/www.moskito.cz\/it\/produkt\/coltello-fisso-muela-scorpion-18n\/","title":{"rendered":"Coltello Fisso Muela SCORPION-18N"},"content":{"rendered":"<p>Coltello Fisso <strong>Muela<\/strong> SCORPION-18N. Coltello multiuso <strong>SCORPION-18N<\/strong> a lama fissa, ideale per il campeggio come coltello da sopravvivenza, tattico e da caccia. La lama massiccia pu\u00f2 sopportare qualsiasi lavoro in qualsiasi condizione senza danni. La serie <strong>SCORPION<\/strong> \u00e8 uno dei coltelli pi\u00f9 famosi dell&#8217;azienda spagnola <strong>Muela<\/strong> . Lama &#8211; con profilo Clip Point modificato, spessore 4,5 mm, ricoperta da un rivestimento in PTFE nero, opaco, antigraffio e antiriflesso.     Realizzato in acciaio inossidabile 420H con maggior contenuto di carbonio ed elevata resistenza agli urti, temprato nell&#8217;intervallo 54-58 HRC. Alla base della lama, una protezione bifacciale impedisce alla mano di scivolare sulla lama. Lama &#8211; realizzata con una molatura concava (Hollow Grind). Circa il 20% della lunghezza \u00e8 costituito, tra l&#8217;altro, dalla lama seghettata Combo per un taglio aggressivo. corde, cinghie e l&#8217;80% dell&#8217;area, una classica lama liscia per un taglio preciso, garantendo buone propriet\u00e0 di taglio e penetrazione. Maniglia &#8211; rivestita con guaina flessibile in elastomero nero zigrinato. Il manico in gomma morbida garantisce un&#8217;ottima presa, il coltello non scivola di mano e una presa salda e sicura permette di effettuare movimenti precisi con il coltello.      C&#8217;\u00e8 un foro allargato per la corda nella parte posteriore della maniglia. Custodia: nera. Realizzato in pelle naturale, la chiusura a scatto consente di trasportare il coltello in sicurezza. I bordi del fodero sono cuciti con filo decorativo. Il logo del produttore \u00e8 stampato sulla parte anteriore. Il fodero \u00e8 dotato di un attacco per cintura o di un dispositivo che consente di trasportare il coltello in posizione verticale. Specifiche: Codice prodotto: SCORPION-18N Tipo di acciaio: 420H Lunghezza lama: 180 mm \/ 7,09&#8243; Spessore lama: 4,5 mm \/ 0,18&#8243; Lunghezza totale: 307 mm \/ 12,09&#8243; Peso: 353 g \/ 12,45 once Lama: Tipo di lama combinata: Tipo di taglio con punto di clip : Tipo di impugnatura concava: Fodero Thermorun: Pelle Produttore: Muela, Spagna  &nbsp;<\/p>\n","protected":false},"excerpt":{"rendered":"<p><strong>Coltello multiuso SCORPION-18N a lama fissa, ideale per il campeggio come coltello da sopravvivenza, tattico e da caccia. La lama massiccia pu\u00f2 sopportare qualsiasi lavoro in qualsiasi condizione senza danni. La serie SCORPION \u00e8 uno dei coltelli pi\u00f9 famosi dell&#8217;azienda spagnola Muela.  <\/strong><\/p>\n","protected":false},"featured_media":356489,"comment_status":"open","ping_status":"closed","template":"","meta":[],"pwb-brand":[3913],"product_brand":[],"product_cat":[3746,3745],"product_tag":[3755],"class_list":{"0":"post-356522","1":"product","2":"type-product","3":"status-publish","4":"has-post-thumbnail","6":"pwb-brand-lei-doveva","7":"product_cat-coltelli-solidi","8":"product_cat-coltelli","9":"product_tag-b2b-it","11":"first","12":"instock","13":"taxable","14":"shipping-taxable","15":"purchasable","16":"product-type-simple"},"brands":[{"id":3913,"name":"Lei doveva","slug":"lei-doveva"}],"_links":{"self":[{"href":"https:\/\/www.moskito.cz\/it\/wp-json\/wp\/v2\/product\/356522","targetHints":{"allow":["GET"]}}],"collection":[{"href":"https:\/\/www.moskito.cz\/it\/wp-json\/wp\/v2\/product"}],"about":[{"href":"https:\/\/www.moskito.cz\/it\/wp-json\/wp\/v2\/types\/product"}],"replies":[{"embeddable":true,"href":"https:\/\/www.moskito.cz\/it\/wp-json\/wp\/v2\/comments?post=356522"}],"wp:featuredmedia":[{"embeddable":true,"href":"https:\/\/www.moskito.cz\/it\/wp-json\/wp\/v2\/media\/356489"}],"wp:attachment":[{"href":"https:\/\/www.moskito.cz\/it\/wp-json\/wp\/v2\/media?parent=356522"}],"wp:term":[{"taxonomy":"pwb-brand","embeddable":true,"href":"https:\/\/www.moskito.cz\/it\/wp-json\/wp\/v2\/pwb-brand?post=356522"},{"taxonomy":"product_brand","embeddable":true,"href":"https:\/\/www.moskito.cz\/it\/wp-json\/wp\/v2\/product_brand?post=356522"},{"taxonomy":"product_cat","embeddable":true,"href":"https:\/\/www.moskito.cz\/it\/wp-json\/wp\/v2\/product_cat?post=356522"},{"taxonomy":"product_tag","embeddable":true,"href":"https:\/\/www.moskito.cz\/it\/wp-json\/wp\/v2\/product_tag?post=356522"}],"curies":[{"name":"wp","href":"https:\/\/api.w.org\/{rel}","templated":true}]}}