{"id":356599,"date":"2024-08-14T10:42:09","date_gmt":"2024-08-14T09:51:18","guid":{"rendered":"https:\/\/www.moskito.cz\/produkt\/coltello-fisso-muela-scorpion-19n\/"},"modified":"2025-05-07T11:23:16","modified_gmt":"2025-05-07T10:23:16","slug":"coltello-fisso-muela-scorpion-19n","status":"publish","type":"product","link":"https:\/\/www.moskito.cz\/it\/produkt\/coltello-fisso-muela-scorpion-19n\/","title":{"rendered":"Coltello Fisso Muela SCORPION-19N"},"content":{"rendered":"<p>Coltello Fisso <strong>Muela<\/strong> SCORPION-19N. <strong>SCORPION-19N<\/strong> &#8211; un coltello a lama fissa, prodotto dall&#8217;azienda spagnola Muela. Un coltello della serie SCORPION di cui ti innamorerai a prima vista! Un coltello complesso con una lama solida pu\u00f2 essere utilizzato per tutti i tipi di lavoro, in tutte le condizioni senza danni. Questo \u00e8 un coltello da sopravvivenza perfetto, sar\u00e0 un&#8217;ottima scelta come coltello da cacciatore., EDC. Lama &#8211; lama dotata di una lama &#8220;falsa&#8221; (profilo Spear Point), spessa 4,5 mm, rivestita con un rivestimento in PTFE nero opaco antiriflesso resistente ai graffi. Mande realizzato in acciaio inossidabile 420H ad alto contenuto di carbonio ed elevata resistenza agli urti, temprato nell&#8217;intervallo 54-58 HRC. Questa lama \u00e8 ricoperta da uno strato di finitura satinata (semi-opaca) antiriflesso che elimina i riflessi. Lama liscia (tipo Plain), filo concavo derivato (molatura cava). Alla base della lama \u00e8 stato posizionato un artiglio a doppia faccia per impedire alla mano di scivolare lungo la lama. Maniglia: chiusura in elastomero nero intrecciato in nero. Il manico in gomma morbida si adatta comodamente alla mano, il coltello non scivola dalle nostre mani. Una presa forte e affidabile consente movimenti precisi con il coltello. C&#8217;\u00e8 un&#8217;apertura per la corda sul retro della maniglia. La custodia di colore nero, chiusa con bottone automatico, consente il trasporto sicuro del coltello. Realizzato in pelle naturale con logo Muela Company in rilievo. Il fodero era cucito sui bordi con filo decorativo. Il fodero \u00e8 dotato di attacco per cintura per il trasporto del coltello in posizione verticale. Specifiche tecniche: Codice prodotto: SCORPION-19N Tipo di acciaio: 420H Lunghezza lama: 19 cm \/ 7.48&#8243; Spessore lama: 0.45 cm \/ 0.18&#8243;. Lunghezza totale: 32 cm \/ 12,60&#8243; Peso: 356 g \/ 12,56 once Tipo di lama: Liscia Tipo di lama: Punta di lancia Tipo di taglio: Concavo Materiale manico: Termorun Fodero: Pelle Produttore: Muela, Spagna   &nbsp;<\/p>\n<p>&nbsp;<\/p>\n","protected":false},"excerpt":{"rendered":"<p><strong>Un coltello della serie SCORPION di cui ti innamorerai a prima vista! Un coltello complesso con una lama solida pu\u00f2 essere utilizzato per tutti i tipi di lavoro, in tutte le condizioni senza danni. Questo \u00e8 un coltello da sopravvivenza perfetto, sar\u00e0 un&#8217;ottima scelta come coltello da cacciatore., EDC.<\/strong><\/p>\n","protected":false},"featured_media":356569,"comment_status":"open","ping_status":"closed","template":"","meta":[],"pwb-brand":[3913],"product_brand":[],"product_cat":[3745,3746],"product_tag":[3755],"class_list":{"0":"post-356599","1":"product","2":"type-product","3":"status-publish","4":"has-post-thumbnail","6":"pwb-brand-lei-doveva","7":"product_cat-coltelli","8":"product_cat-coltelli-solidi","9":"product_tag-b2b-it","11":"first","12":"instock","13":"taxable","14":"shipping-taxable","15":"purchasable","16":"product-type-simple"},"brands":[{"id":3913,"name":"Lei doveva","slug":"lei-doveva"}],"_links":{"self":[{"href":"https:\/\/www.moskito.cz\/it\/wp-json\/wp\/v2\/product\/356599","targetHints":{"allow":["GET"]}}],"collection":[{"href":"https:\/\/www.moskito.cz\/it\/wp-json\/wp\/v2\/product"}],"about":[{"href":"https:\/\/www.moskito.cz\/it\/wp-json\/wp\/v2\/types\/product"}],"replies":[{"embeddable":true,"href":"https:\/\/www.moskito.cz\/it\/wp-json\/wp\/v2\/comments?post=356599"}],"wp:featuredmedia":[{"embeddable":true,"href":"https:\/\/www.moskito.cz\/it\/wp-json\/wp\/v2\/media\/356569"}],"wp:attachment":[{"href":"https:\/\/www.moskito.cz\/it\/wp-json\/wp\/v2\/media?parent=356599"}],"wp:term":[{"taxonomy":"pwb-brand","embeddable":true,"href":"https:\/\/www.moskito.cz\/it\/wp-json\/wp\/v2\/pwb-brand?post=356599"},{"taxonomy":"product_brand","embeddable":true,"href":"https:\/\/www.moskito.cz\/it\/wp-json\/wp\/v2\/product_brand?post=356599"},{"taxonomy":"product_cat","embeddable":true,"href":"https:\/\/www.moskito.cz\/it\/wp-json\/wp\/v2\/product_cat?post=356599"},{"taxonomy":"product_tag","embeddable":true,"href":"https:\/\/www.moskito.cz\/it\/wp-json\/wp\/v2\/product_tag?post=356599"}],"curies":[{"name":"wp","href":"https:\/\/api.w.org\/{rel}","templated":true}]}}