{"id":356682,"date":"2024-08-14T12:11:18","date_gmt":"2024-08-14T11:22:47","guid":{"rendered":"https:\/\/www.moskito.cz\/produkt\/coltello-solido-muela-sarrio-19r\/"},"modified":"2025-05-07T11:23:19","modified_gmt":"2025-05-07T10:23:19","slug":"coltello-solido-muela-sarrio-19r","status":"publish","type":"product","link":"https:\/\/www.moskito.cz\/it\/produkt\/coltello-solido-muela-sarrio-19r\/","title":{"rendered":"Coltello solido Muela SARRIO-19R"},"content":{"rendered":"<p>Coltello solido <strong>Muela<\/strong> SARRIO-19R. Un versatile coltello tattico a lama fissa che dovresti davvero avere! \u00c8 stato prodotto dalla societ\u00e0 spagnola Muela. Eccezionalmente resistente con lama fissa, realizzato per ogni lavoro in ogni condizione. Ideale per il campeggio, ideale come coltello tattico, coltello da sopravvivenza e anche come coltello da cacciatore, EDC.     Realizzato in acciaio al molibdeno vanadio (MoVa). Lama &#8211; con profilo Clip Point modificato, spessore 4,5 millimetri, temprato nell&#8217;intervallo 57-58 HRC. Realizzato in acciaio inossidabile X50CrMoV15, acciaio al molibdeno vanadio resistente e ben affilato. Una lama con buone propriet\u00e0 meccaniche e affilatura di lunga durata. Lo strato satinato antiriflesso (semiopaco) elimina i riflessi. La lama liscia (tipo Plain) \u00e8 stata realizzata con una molatura completamente piatta (Full Flat Grind), che ha ridotto il peso del coltello e migliorato le propriet\u00e0 di taglio.     La custodia garantisce il trasporto sicuro del coltello. Realizzato in pelle naturale nera con logo Muela Company in rilievo. Il fodero era cucito sui bordi con filo decorativo. Il fodero \u00e8 dotato di attacco per cintura per il trasporto del coltello in posizione verticale. La lama \u00e8 realizzata in acciaio inossidabile di qualit\u00e0 al molibdeno-vanadio con finitura satinata. Il manico in legno verniciato Pakka \u00e8 completato da una guardia in metallo e da una testa decorata. Il coltello viene fornito con una custodia in pelle di qualit\u00e0. Descrizione completa del prodotto: Materiale lama: MoVa Materiale impugnatura: Pakka, Metallo Materiale fodero: Pelle Lunghezza lama: 19 cm Lunghezza totale: 32 cm Lunghezza impugnatura: 13 cm Peso: 333 g Tipo di lama: Bowie   <\/p>\n","protected":false},"excerpt":{"rendered":"<p><strong>Un versatile coltello tattico a lama fissa che dovresti davvero avere!<\/strong><\/p>\n","protected":false},"featured_media":356636,"comment_status":"open","ping_status":"closed","template":"","meta":[],"pwb-brand":[3913],"product_brand":[],"product_cat":[3746,3745],"product_tag":[3755],"class_list":{"0":"post-356682","1":"product","2":"type-product","3":"status-publish","4":"has-post-thumbnail","6":"pwb-brand-lei-doveva","7":"product_cat-coltelli-solidi","8":"product_cat-coltelli","9":"product_tag-b2b-it","11":"first","12":"instock","13":"taxable","14":"shipping-taxable","15":"purchasable","16":"product-type-simple"},"brands":[{"id":3913,"name":"Lei doveva","slug":"lei-doveva"}],"_links":{"self":[{"href":"https:\/\/www.moskito.cz\/it\/wp-json\/wp\/v2\/product\/356682","targetHints":{"allow":["GET"]}}],"collection":[{"href":"https:\/\/www.moskito.cz\/it\/wp-json\/wp\/v2\/product"}],"about":[{"href":"https:\/\/www.moskito.cz\/it\/wp-json\/wp\/v2\/types\/product"}],"replies":[{"embeddable":true,"href":"https:\/\/www.moskito.cz\/it\/wp-json\/wp\/v2\/comments?post=356682"}],"wp:featuredmedia":[{"embeddable":true,"href":"https:\/\/www.moskito.cz\/it\/wp-json\/wp\/v2\/media\/356636"}],"wp:attachment":[{"href":"https:\/\/www.moskito.cz\/it\/wp-json\/wp\/v2\/media?parent=356682"}],"wp:term":[{"taxonomy":"pwb-brand","embeddable":true,"href":"https:\/\/www.moskito.cz\/it\/wp-json\/wp\/v2\/pwb-brand?post=356682"},{"taxonomy":"product_brand","embeddable":true,"href":"https:\/\/www.moskito.cz\/it\/wp-json\/wp\/v2\/product_brand?post=356682"},{"taxonomy":"product_cat","embeddable":true,"href":"https:\/\/www.moskito.cz\/it\/wp-json\/wp\/v2\/product_cat?post=356682"},{"taxonomy":"product_tag","embeddable":true,"href":"https:\/\/www.moskito.cz\/it\/wp-json\/wp\/v2\/product_tag?post=356682"}],"curies":[{"name":"wp","href":"https:\/\/api.w.org\/{rel}","templated":true}]}}