{"id":356694,"date":"2024-08-14T12:22:13","date_gmt":"2024-08-14T11:23:08","guid":{"rendered":"https:\/\/www.moskito.cz\/produkt\/coltello-fisso-muela-mirage-20\/"},"modified":"2025-05-07T11:23:21","modified_gmt":"2025-05-07T10:23:21","slug":"coltello-fisso-muela-mirage-20","status":"publish","type":"product","link":"https:\/\/www.moskito.cz\/it\/produkt\/coltello-fisso-muela-mirage-20\/","title":{"rendered":"Coltello fisso Muela MIRAGE-20"},"content":{"rendered":"<p>Coltello fisso <strong>Muela<\/strong> MIRAGE-20. Coltello universale di medie dimensioni MIRAGE-20 con lama fissa della serie MIRAGE, una delle serie di coltelli pi\u00f9 famose dell&#8217;azienda spagnola Muela. Estremamente versatile con una lama massiccia, pu\u00f2 sopportare qualsiasi lavoro in qualsiasi condizione. Un eccellente coltello da sopravvivenza, da bivacco funzioner\u00e0 come coltello tattico, da caccia. Lama &#8211; con falsa lama Clip Point, spessore 4,6 mm. Realizzato in acciaio inossidabile 420H ad alto tenore di carbonio, resistente alla corrosione e ad alto impatto, temprato a 54-58 HRC. La lama \u00e8 ricoperta da un rivestimento satinato antiriflesso (semiopaco) che elimina i riflessi. La lama liscia (tipo Plain) \u00e8 stata realizzata con una molatura cava (Hollow Grind), che fornisce buone propriet\u00e0 di taglio. Sulla cresta della lama \u00e8 presente una sega multifunzionale universale adatta per tagliare, tra le altre cose, corde e cinture. Alla base della lama \u00e8 stato posizionato un artiglio a doppia faccia per impedire alla mano di scivolare lungo la lama. Manico &#8211; rivestito in maglia elastica in elastomero nero. Il manico in gomma morbida garantisce un&#8217;ottima presa, il coltello non scivola dalla mano e l&#8217;impugnatura salda e salda consente movimenti precisi con il coltello. C&#8217;\u00e8 un foro allargato per il cavo nella parte posteriore della maniglia. Custodia: nera. Realizzato in pelle naturale, la chiusura a scatto permette di trasportare il coltello in tutta sicurezza.               I bordi del fodero erano cuciti con filo decorativo. Logo del produttore in rilievo sul davanti. Il fodero \u00e8 dotato di attacco per cintura o fodero per il trasporto del coltello in posizione verticale. Specifiche tecniche: Codice prodotto: MIRAGE-20 Tipo di acciaio: 420H Lunghezza lama: 20 cm \/ 7,87&#8243; Spessore lama: 0,46 cm \/ 0,18&#8243; Lunghezza totale: 32,5 cm \/ 12,80&#8243; Peso: 375 g \/ 13, 23 oz Lama: lama liscia Tipo: Clip Point Tipo di taglio: Concavo Tipo di manico: Termorun Fodero: Pelle Produttore: Muela, Spagna    &nbsp;<\/p>\n","protected":false},"excerpt":{"rendered":"<p><strong>Un coltello estremamente versatile con una lama massiccia, pu\u00f2 resistere a qualsiasi lavoro in qualsiasi condizione. Un eccellente coltello da sopravvivenza, da bivacco funzioner\u00e0 come coltello tattico, da caccia. <\/strong><\/p>\n","protected":false},"featured_media":356653,"comment_status":"open","ping_status":"closed","template":"","meta":[],"pwb-brand":[3913],"product_brand":[],"product_cat":[3746,3745],"product_tag":[3755],"class_list":{"0":"post-356694","1":"product","2":"type-product","3":"status-publish","4":"has-post-thumbnail","6":"pwb-brand-lei-doveva","7":"product_cat-coltelli-solidi","8":"product_cat-coltelli","9":"product_tag-b2b-it","11":"first","12":"instock","13":"taxable","14":"shipping-taxable","15":"purchasable","16":"product-type-simple"},"brands":[{"id":3913,"name":"Lei doveva","slug":"lei-doveva"}],"_links":{"self":[{"href":"https:\/\/www.moskito.cz\/it\/wp-json\/wp\/v2\/product\/356694","targetHints":{"allow":["GET"]}}],"collection":[{"href":"https:\/\/www.moskito.cz\/it\/wp-json\/wp\/v2\/product"}],"about":[{"href":"https:\/\/www.moskito.cz\/it\/wp-json\/wp\/v2\/types\/product"}],"replies":[{"embeddable":true,"href":"https:\/\/www.moskito.cz\/it\/wp-json\/wp\/v2\/comments?post=356694"}],"wp:featuredmedia":[{"embeddable":true,"href":"https:\/\/www.moskito.cz\/it\/wp-json\/wp\/v2\/media\/356653"}],"wp:attachment":[{"href":"https:\/\/www.moskito.cz\/it\/wp-json\/wp\/v2\/media?parent=356694"}],"wp:term":[{"taxonomy":"pwb-brand","embeddable":true,"href":"https:\/\/www.moskito.cz\/it\/wp-json\/wp\/v2\/pwb-brand?post=356694"},{"taxonomy":"product_brand","embeddable":true,"href":"https:\/\/www.moskito.cz\/it\/wp-json\/wp\/v2\/product_brand?post=356694"},{"taxonomy":"product_cat","embeddable":true,"href":"https:\/\/www.moskito.cz\/it\/wp-json\/wp\/v2\/product_cat?post=356694"},{"taxonomy":"product_tag","embeddable":true,"href":"https:\/\/www.moskito.cz\/it\/wp-json\/wp\/v2\/product_tag?post=356694"}],"curies":[{"name":"wp","href":"https:\/\/api.w.org\/{rel}","templated":true}]}}