{"id":356809,"date":"2024-08-14T13:32:42","date_gmt":"2024-08-14T12:33:36","guid":{"rendered":"https:\/\/www.moskito.cz\/produkt\/coltello-fisso-muela-gaucho-20co\/"},"modified":"2025-05-07T11:23:24","modified_gmt":"2025-05-07T10:23:24","slug":"coltello-fisso-muela-gaucho-20co","status":"publish","type":"product","link":"https:\/\/www.moskito.cz\/it\/produkt\/coltello-fisso-muela-gaucho-20co\/","title":{"rendered":"Coltello Fisso Muela GAUCHO-20CO"},"content":{"rendered":"<p>Coltello Fisso <strong>Muela<\/strong> GAUCHO-20CO. Coltello da caccia dell&#8217;azienda spagnola Muela, adatto ai cacciatori che necessitano di un coltello con lama lunga e sottile. Sar\u00e0 ugualmente utile durante il soggiorno nella natura e in campeggio. La lama \u00e8 realizzata in acciaio inossidabile MoVa. L&#8217;elegante manico in legno Pakka \u00e8 rifinito con un piedino in acciaio. Il coltello viene fornito con una custodia in pelle. Materiale lama: MoVa Materiale impugnatura: Pakka Materiale fodero: Pelle Lunghezza lama: 20 cm Lunghezza totale: 33 cm Lunghezza impugnatura: 13 cm Peso: 204 g Tipo di lama: Drop Point      <\/p>\n","protected":false},"excerpt":{"rendered":"<p><strong>Coltello da caccia dell&#8217;azienda spagnola Muela, adatto ai cacciatori che necessitano di un coltello con lama lunga e sottile. Sar\u00e0 ugualmente utile durante il soggiorno nella natura e in campeggio. <\/strong><\/p>\n","protected":false},"featured_media":356783,"comment_status":"open","ping_status":"closed","template":"","meta":[],"pwb-brand":[3913],"product_brand":[],"product_cat":[3745,3746],"product_tag":[3755],"class_list":{"0":"post-356809","1":"product","2":"type-product","3":"status-publish","4":"has-post-thumbnail","6":"pwb-brand-lei-doveva","7":"product_cat-coltelli","8":"product_cat-coltelli-solidi","9":"product_tag-b2b-it","11":"first","12":"instock","13":"taxable","14":"shipping-taxable","15":"purchasable","16":"product-type-simple"},"brands":[{"id":3913,"name":"Lei doveva","slug":"lei-doveva"}],"_links":{"self":[{"href":"https:\/\/www.moskito.cz\/it\/wp-json\/wp\/v2\/product\/356809","targetHints":{"allow":["GET"]}}],"collection":[{"href":"https:\/\/www.moskito.cz\/it\/wp-json\/wp\/v2\/product"}],"about":[{"href":"https:\/\/www.moskito.cz\/it\/wp-json\/wp\/v2\/types\/product"}],"replies":[{"embeddable":true,"href":"https:\/\/www.moskito.cz\/it\/wp-json\/wp\/v2\/comments?post=356809"}],"wp:featuredmedia":[{"embeddable":true,"href":"https:\/\/www.moskito.cz\/it\/wp-json\/wp\/v2\/media\/356783"}],"wp:attachment":[{"href":"https:\/\/www.moskito.cz\/it\/wp-json\/wp\/v2\/media?parent=356809"}],"wp:term":[{"taxonomy":"pwb-brand","embeddable":true,"href":"https:\/\/www.moskito.cz\/it\/wp-json\/wp\/v2\/pwb-brand?post=356809"},{"taxonomy":"product_brand","embeddable":true,"href":"https:\/\/www.moskito.cz\/it\/wp-json\/wp\/v2\/product_brand?post=356809"},{"taxonomy":"product_cat","embeddable":true,"href":"https:\/\/www.moskito.cz\/it\/wp-json\/wp\/v2\/product_cat?post=356809"},{"taxonomy":"product_tag","embeddable":true,"href":"https:\/\/www.moskito.cz\/it\/wp-json\/wp\/v2\/product_tag?post=356809"}],"curies":[{"name":"wp","href":"https:\/\/api.w.org\/{rel}","templated":true}]}}