{"id":356988,"date":"2023-06-01T09:31:41","date_gmt":"2024-08-15T08:21:43","guid":{"rendered":"https:\/\/www.moskito.cz\/produkt\/affilatrice-spyderco-tri-angle-sharpmaker-sistema-di-affilatura-completo-204mf\/"},"modified":"2024-08-15T09:21:43","modified_gmt":"2024-08-15T08:21:43","slug":"affilatrice-spyderco-tri-angle-sharpmaker-sistema-di-affilatura-completo-204mf","status":"publish","type":"product","link":"https:\/\/www.moskito.cz\/it\/produkt\/affilatrice-spyderco-tri-angle-sharpmaker-sistema-di-affilatura-completo-204mf\/","title":{"rendered":"Affilatrice Spyderco Tri-Angle Sharpmaker Sistema di affilatura completo 204MF"},"content":{"rendered":"<p>Sistema di affilatura completo <strong>Spyderco<\/strong> Tri-Angle Sharpmaker 204MF Probabilmente hai sentito che &#8220;un coltello affilato \u00e8 pi\u00f9 sicuro di uno smussato&#8221;. Crediamo che questa citazione sia di prima mano e crediamo che sia vera. Lo Sharpmaker \u00e8 stato il primo prodotto <strong>Spyderco<\/strong> prodotto e venduto <strong>da Spyderco<\/strong> prima di entrare nel mercato dei coltelli. \u00c8 vero: Spyderco prima ha reso le cose affilate, poi ha reso le cose affilate. Il Tri-Angle Sharpmaker contiene due set di pietre ceramiche ad alto contenuto di allumina: una coppia di pietre a grana media (marrone) per un&#8217;affilatura aggressiva e un set di pietre fini (bianche) per una finitura professionale. Le pietre sono triangolari per affilare i bordi Plain sui lati piatti e gli SpyderEdge (denti) sugli angoli. Una scanalatura lungo la lunghezza di ciascuna pietra consente di affilare oggetti appuntiti come canne da pesca, frecce e punteruoli. \u00c8 incluso un set di barre di sicurezza in ottone per proteggere le mani dell&#8217;utente durante la macinazione. Tutti i componenti si inseriscono in una base e un coperchio separati in plastica ABS, pronti a viaggiare con te. Nella base vengono praticate scanalature e fori per le pietre. Regolano con precisione l&#8217;angolo di affilatura della pietra a 30\u00b0 (15\u00b0 su ciascun lato) o 40\u00b0 (20\u00b0 su ciascun lato) per i coltelli e 12,5\u00b0 per le forbici. Girare la base, il canale permette di posizionare due pietre affiancate (lato piatto verso l&#8217;alto) da utilizzare come panca. Il coperchio si inserisce a met\u00e0 nella base per creare una maniglia che garantisce stabilit\u00e0 durante la messa a fuoco. \u00c8 incluso un set di barre di sicurezza in ottone per proteggere le mani dell&#8217;utente durante la macinazione. Le pietre ceramiche, come il vetro, si rompono in caso di caduta: maneggiarle con cura. Usateli asciutti, senza olio, acqua o lubrificanti. Pulizia: strofinare le pietre con un filo di plastica e un detergente abrasivo motorizzato e lasciare asciugare all&#8217;aria. Anche autoclavabile.                  Prodotto negli Stati Uniti.  &nbsp;<\/p>\n","protected":false},"excerpt":{"rendered":"<p><strong>Il set di affilatura Spyderco Triangle Sharpmaker consente un&#8217;affilatura dei coltelli semplice ed efficace.  <\/strong><\/p>\n","protected":false},"featured_media":356989,"comment_status":"open","ping_status":"closed","template":"","meta":[],"pwb-brand":[3774],"product_brand":[],"product_cat":[3734],"product_tag":[3755],"class_list":{"0":"post-356988","1":"product","2":"type-product","3":"status-publish","4":"has-post-thumbnail","6":"pwb-brand-spyderco-it","7":"product_cat-mole-e-acciai","8":"product_tag-b2b-it","10":"first","11":"instock","12":"taxable","13":"shipping-taxable","14":"purchasable","15":"product-type-simple"},"brands":[{"id":3774,"name":"Spyderco","slug":"spyderco-it"}],"_links":{"self":[{"href":"https:\/\/www.moskito.cz\/it\/wp-json\/wp\/v2\/product\/356988","targetHints":{"allow":["GET"]}}],"collection":[{"href":"https:\/\/www.moskito.cz\/it\/wp-json\/wp\/v2\/product"}],"about":[{"href":"https:\/\/www.moskito.cz\/it\/wp-json\/wp\/v2\/types\/product"}],"replies":[{"embeddable":true,"href":"https:\/\/www.moskito.cz\/it\/wp-json\/wp\/v2\/comments?post=356988"}],"wp:featuredmedia":[{"embeddable":true,"href":"https:\/\/www.moskito.cz\/it\/wp-json\/wp\/v2\/media\/356989"}],"wp:attachment":[{"href":"https:\/\/www.moskito.cz\/it\/wp-json\/wp\/v2\/media?parent=356988"}],"wp:term":[{"taxonomy":"pwb-brand","embeddable":true,"href":"https:\/\/www.moskito.cz\/it\/wp-json\/wp\/v2\/pwb-brand?post=356988"},{"taxonomy":"product_brand","embeddable":true,"href":"https:\/\/www.moskito.cz\/it\/wp-json\/wp\/v2\/product_brand?post=356988"},{"taxonomy":"product_cat","embeddable":true,"href":"https:\/\/www.moskito.cz\/it\/wp-json\/wp\/v2\/product_cat?post=356988"},{"taxonomy":"product_tag","embeddable":true,"href":"https:\/\/www.moskito.cz\/it\/wp-json\/wp\/v2\/product_tag?post=356988"}],"curies":[{"name":"wp","href":"https:\/\/api.w.org\/{rel}","templated":true}]}}