{"id":356997,"date":"2023-06-01T09:03:03","date_gmt":"2023-06-01T08:03:03","guid":{"rendered":"https:\/\/www.moskito.cz\/produkt\/set-di-2-aste-spyderco-triangle-sharpmaker-in-nitruro-di-boro-cubico-204cbn\/"},"modified":"2024-08-15T09:23:17","modified_gmt":"2024-08-15T08:23:17","slug":"set-di-2-aste-spyderco-triangle-sharpmaker-in-nitruro-di-boro-cubico-204cbn","status":"publish","type":"product","link":"https:\/\/www.moskito.cz\/it\/produkt\/set-di-2-aste-spyderco-triangle-sharpmaker-in-nitruro-di-boro-cubico-204cbn\/","title":{"rendered":"Set di 2 aste Spyderco Triangle Sharpmaker in nitruro di boro cubico 204CBN"},"content":{"rendered":"<p>Set di 2 <strong>aste Spyderco<\/strong> Triangle Sharpmaker in nitruro di boro cubico 204CBN Si tratta di triangoli in acciaio rivestiti con legante e quindi rivestiti con particelle di nitruro di boro cubico. Il nitruro di boro cubico \u00e8 un superabrasivo secondo solo al diamante per durezza. Offre resistenza all&#8217;abrasione e conduttivit\u00e0 termica superiori rispetto agli abrasivi convenzionali come il carburo di silicio e l&#8217;allumina, rendendolo l&#8217;abrasivo preferito in molte applicazioni di rettifica industriale avanzate. Ora puoi combinare i vantaggi di questo superabrasivo a taglio rapido con la comodit\u00e0 e la facilit\u00e0 d&#8217;uso di Spyderco Tri-Angle Sharpmaker. Gli abrasivi estremamente duri sono consigliati quando si desidera rimuovere materiale, per scopi di restauro e rimodellamento aggressivo, rismussatura e riprofilatura del tagliente. La dimensione della grana del CBN \u00e8 di circa 40 micron L&#8217;abrasivo CBN \u00e8 significativamente pi\u00f9 grossolano delle pietre ceramiche medie. Le barre CBN devono essere utilizzate con una pressione MOLTO LEGGERA. L&#8217;uso consigliato \u00e8 inferiore a 5 grammi (ci sono 28 grammi in un&#8217;oncia) e una pressione eccessiva pu\u00f2 tagliare l&#8217;abrasivo dallo strato di base che lo lega all&#8217;asta. Si consiglia di nebulizzare la barra con acqua prima di utilizzarla per ridurre la polvere metallica e rallentare il processo abrasivo. Le barre sono ideali per riprofilare l&#8217;angolo di smusso di un coltello o smussare lame scheggiate o tagliate. Poich\u00e9 l&#8217;abrasivo \u00e8 grossolano, gli utenti dovrebbero aspettarsi un po&#8217; di lavorare successivamente con pietre medie se si desidera levigare gli smussi a grana pi\u00f9 fine. Dimensioni 17,8 x 1,3 centimetri        <\/p>\n","protected":false},"excerpt":{"rendered":"<p>Triangoli di acciaio ricoperti di legante e poi ricoperti con particelle di nitruro di boro cubico.<\/p>\n","protected":false},"featured_media":356998,"comment_status":"open","ping_status":"closed","template":"","meta":[],"pwb-brand":[3774],"product_brand":[],"product_cat":[3734],"product_tag":[3755],"class_list":{"0":"post-356997","1":"product","2":"type-product","3":"status-publish","4":"has-post-thumbnail","6":"pwb-brand-spyderco-it","7":"product_cat-mole-e-acciai","8":"product_tag-b2b-it","10":"first","11":"instock","12":"taxable","13":"shipping-taxable","14":"purchasable","15":"product-type-simple"},"brands":[{"id":3774,"name":"Spyderco","slug":"spyderco-it"}],"_links":{"self":[{"href":"https:\/\/www.moskito.cz\/it\/wp-json\/wp\/v2\/product\/356997","targetHints":{"allow":["GET"]}}],"collection":[{"href":"https:\/\/www.moskito.cz\/it\/wp-json\/wp\/v2\/product"}],"about":[{"href":"https:\/\/www.moskito.cz\/it\/wp-json\/wp\/v2\/types\/product"}],"replies":[{"embeddable":true,"href":"https:\/\/www.moskito.cz\/it\/wp-json\/wp\/v2\/comments?post=356997"}],"wp:featuredmedia":[{"embeddable":true,"href":"https:\/\/www.moskito.cz\/it\/wp-json\/wp\/v2\/media\/356998"}],"wp:attachment":[{"href":"https:\/\/www.moskito.cz\/it\/wp-json\/wp\/v2\/media?parent=356997"}],"wp:term":[{"taxonomy":"pwb-brand","embeddable":true,"href":"https:\/\/www.moskito.cz\/it\/wp-json\/wp\/v2\/pwb-brand?post=356997"},{"taxonomy":"product_brand","embeddable":true,"href":"https:\/\/www.moskito.cz\/it\/wp-json\/wp\/v2\/product_brand?post=356997"},{"taxonomy":"product_cat","embeddable":true,"href":"https:\/\/www.moskito.cz\/it\/wp-json\/wp\/v2\/product_cat?post=356997"},{"taxonomy":"product_tag","embeddable":true,"href":"https:\/\/www.moskito.cz\/it\/wp-json\/wp\/v2\/product_tag?post=356997"}],"curies":[{"name":"wp","href":"https:\/\/api.w.org\/{rel}","templated":true}]}}