{"id":357020,"date":"2022-06-09T15:09:05","date_gmt":"2024-08-15T11:02:55","guid":{"rendered":"https:\/\/www.moskito.cz\/produkt\/coltello-fisso-heretic-knives-nephilim-carbon-h003-8a-cf\/"},"modified":"2025-05-07T11:23:32","modified_gmt":"2025-05-07T10:23:32","slug":"coltello-fisso-heretic-knives-nephilim-carbon-h003-8a-cf","status":"publish","type":"product","link":"https:\/\/www.moskito.cz\/it\/produkt\/coltello-fisso-heretic-knives-nephilim-carbon-h003-8a-cf\/","title":{"rendered":"Coltello Fisso Heretic Knives Nephilim Carbon H003-8A-CF"},"content":{"rendered":"<p>Coltello Fisso <strong>Heretic Knives<\/strong> Nephilim Carbon H003-8A-CF. Questo \u00e8 il secondo design a lama fissa di TJ, Nephilim. Realizzato in un unico pezzo di acciaio inossidabile Elmax, \u00e8 abbastanza robusto per gestire qualsiasi compito ed \u00e8 progettato per il combattimento. I manici in fibra di carbonio sono realizzati per conferire ai coltelli un aspetto eccezionale, con una trama per una migliore presa. Con un peso di 10,3 once, il coltello \u00e8 dotato di un fodero in nylon con rivestimento in kydex e un foro per cordino integrato nel calcio. \u00c8 una lama fissa tattica devastante che racchiude un pugno ed \u00e8 stata orgogliosamente prodotta negli Stati Uniti. Pezzo totale: 30 cm Lama: 16 cm Elmax Spessore lama: 0,5 cm Peso 9,05 oz. Tipo di fodero in nylon: lama fissa prodotta negli Stati Uniti        &nbsp;<\/p>\n<p>&nbsp;<\/p>\n","protected":false},"excerpt":{"rendered":"<div class=\"elementor-element elementor-element-bbb542b elementor-widget elementor-widget-woocommerce-product-short-description\" data-id=\"bbb542b\" data-element_type=\"widget\" data-widget_type=\"woocommerce-product-short-description.default\">\n<div class=\"elementor-widget-container\">\n<div class=\"woocommerce-product-details__short-description\">\n<div class=\"elementor-element elementor-element-bbb542b elementor-widget elementor-widget-woocommerce-product-short-description\" data-id=\"bbb542b\" data-element_type=\"widget\" data-widget_type=\"woocommerce-product-short-description.default\">\n<div class=\"elementor-widget-container\">\n<div class=\"woocommerce-product-details__short-description\">\n<div class=\"elementor-element elementor-element-bbb542b elementor-widget elementor-widget-woocommerce-product-short-description\" data-id=\"bbb542b\" data-element_type=\"widget\" data-widget_type=\"woocommerce-product-short-description.default\">\n<div class=\"elementor-widget-container\">\n<div class=\"woocommerce-product-details__short-description\">\n<div class=\"elementor-element elementor-element-bbb542b elementor-widget elementor-widget-woocommerce-product-short-description\" data-id=\"bbb542b\" data-element_type=\"widget\" data-widget_type=\"woocommerce-product-short-description.default\">\n<div class=\"elementor-widget-container\">\n<div class=\"woocommerce-product-details__short-description\">  Tutti i nostri coltelli sono fabbricati negli Stati Uniti e lo manterremo tale. Quando acquisti uno dei nostri coltelli, puoi avere fiducia nel tuo strumento sapendo che \u00e8 supportato da un&#8217;azienda americana. I nostri coltelli sono realizzati in piccoli lotti per assicurarti di ottenere un coltello di qualit\u00e0 a cui viene prestata l&#8217;attenzione che altri coltelli prodotti in serie non hanno.  <strong>Trasporto gratuito.<\/strong><\/p>\n<\/div>\n<\/div>\n<\/div>\n<\/div>\n<\/div>\n<\/div>\n<\/div>\n<\/div>\n<\/div>\n<\/div>\n<\/div>\n<\/div>\n","protected":false},"featured_media":357021,"comment_status":"open","ping_status":"closed","template":"","meta":[],"pwb-brand":[3759],"product_brand":[],"product_cat":[3745,3746],"product_tag":[],"class_list":{"0":"post-357020","1":"product","2":"type-product","3":"status-publish","4":"has-post-thumbnail","6":"pwb-brand-coltelli-eretici","7":"product_cat-coltelli","8":"product_cat-coltelli-solidi","10":"first","11":"instock","12":"taxable","13":"shipping-taxable","14":"purchasable","15":"product-type-simple"},"brands":[{"id":3759,"name":"Coltelli eretici","slug":"coltelli-eretici"}],"_links":{"self":[{"href":"https:\/\/www.moskito.cz\/it\/wp-json\/wp\/v2\/product\/357020","targetHints":{"allow":["GET"]}}],"collection":[{"href":"https:\/\/www.moskito.cz\/it\/wp-json\/wp\/v2\/product"}],"about":[{"href":"https:\/\/www.moskito.cz\/it\/wp-json\/wp\/v2\/types\/product"}],"replies":[{"embeddable":true,"href":"https:\/\/www.moskito.cz\/it\/wp-json\/wp\/v2\/comments?post=357020"}],"wp:featuredmedia":[{"embeddable":true,"href":"https:\/\/www.moskito.cz\/it\/wp-json\/wp\/v2\/media\/357021"}],"wp:attachment":[{"href":"https:\/\/www.moskito.cz\/it\/wp-json\/wp\/v2\/media?parent=357020"}],"wp:term":[{"taxonomy":"pwb-brand","embeddable":true,"href":"https:\/\/www.moskito.cz\/it\/wp-json\/wp\/v2\/pwb-brand?post=357020"},{"taxonomy":"product_brand","embeddable":true,"href":"https:\/\/www.moskito.cz\/it\/wp-json\/wp\/v2\/product_brand?post=357020"},{"taxonomy":"product_cat","embeddable":true,"href":"https:\/\/www.moskito.cz\/it\/wp-json\/wp\/v2\/product_cat?post=357020"},{"taxonomy":"product_tag","embeddable":true,"href":"https:\/\/www.moskito.cz\/it\/wp-json\/wp\/v2\/product_tag?post=357020"}],"curies":[{"name":"wp","href":"https:\/\/api.w.org\/{rel}","templated":true}]}}