{"id":357091,"date":"2024-08-15T12:34:49","date_gmt":"2024-08-15T11:48:22","guid":{"rendered":"https:\/\/www.moskito.cz\/produkt\/coltello-fisso-muela-duque-25m\/"},"modified":"2025-05-07T11:23:33","modified_gmt":"2025-05-07T10:23:33","slug":"coltello-fisso-muela-duque-25m","status":"publish","type":"product","link":"https:\/\/www.moskito.cz\/it\/produkt\/coltello-fisso-muela-duque-25m\/","title":{"rendered":"Coltello fisso Muela DUQUE-25M"},"content":{"rendered":"<p>Coltello fisso <strong>Muela<\/strong> DUQUE-25M. \u00a8Durante la produzione delle lame, l&#8217;azienda Muela utilizza diversi tipi di acciaio, ad es.  Acciaio 12C27 Sandvik, 14C28N, MOVA 60 al molibdeno vanadio con una durezza di 57-61 HRC, acciaio Inox 1-42 con una durezza di 54-58HRC e le lame contrassegnate 440 sono realizzate in acciaio Mova-60E. I coltelli Muela Damasco sono il risultato di una combinazione di due acciai, ovvero RWL34 e MPC27, che hanno una durezza di 57-62 HRC. I manici dei coltelli Muela sono decorati con materiali di qualit\u00e0 che includono corno e diversi tipi di legno: ulivo, Africa Blackwood, Kingwood, COCOBOLO, Palissandro Amazonas e legno di noce. La lama \u00e8 realizzata in acciaio inossidabile al molibdeno vanadio di alta qualit\u00e0 con una durezza di circa 60 HRC. Per la massima sicurezza sul lavoro, il coltello \u00e8 dotato di una massiccia protezione a doppia faccia, decorata con una linea rosso-bianca. Il manico \u00e8 in corno di cervo ed \u00e8 rifinito con un piedino in metallo con la stessa decorazione della guardia.    Il coltello viene fornito con un fodero in pelle marrone. Il massiccio coltello Muela DUQUE-25M \u00e8 un coltello da caccia, da caccia, da pesca, per stare nella natura e altre attivit\u00e0 all&#8217;aria aperta. Con un&#8217;ampia lama a forma di pugnale a doppia faccia in acciaio al molibdeno vanadio, con una guardia in ottone a doppia faccia per proteggere la mano. Il manico \u00e8 in legno Pakka, rifinito con piedino in ottone. Lunghezza totale: 38 cm Lunghezza lama: 25 cm Peso: 700 g Materiale lama: vanadio molibdeno Materiale manico: Pakkawood Custodia: pelle <\/p>\n","protected":false},"excerpt":{"rendered":"<p><strong>I coltelli Muela sono prodotti da un&#8217;azienda spagnola che produce coltelli da caccia, coltelli pieghevoli, coltelli di lusso e molti altri convenienti e di alta qualit\u00e0.<\/strong><\/p>\n","protected":false},"featured_media":357035,"comment_status":"open","ping_status":"closed","template":"","meta":[],"pwb-brand":[3913],"product_brand":[],"product_cat":[3746,3745],"product_tag":[],"class_list":{"0":"post-357091","1":"product","2":"type-product","3":"status-publish","4":"has-post-thumbnail","6":"pwb-brand-lei-doveva","7":"product_cat-coltelli-solidi","8":"product_cat-coltelli","10":"first","11":"instock","12":"taxable","13":"shipping-taxable","14":"purchasable","15":"product-type-simple"},"brands":[{"id":3913,"name":"Lei doveva","slug":"lei-doveva"}],"_links":{"self":[{"href":"https:\/\/www.moskito.cz\/it\/wp-json\/wp\/v2\/product\/357091","targetHints":{"allow":["GET"]}}],"collection":[{"href":"https:\/\/www.moskito.cz\/it\/wp-json\/wp\/v2\/product"}],"about":[{"href":"https:\/\/www.moskito.cz\/it\/wp-json\/wp\/v2\/types\/product"}],"replies":[{"embeddable":true,"href":"https:\/\/www.moskito.cz\/it\/wp-json\/wp\/v2\/comments?post=357091"}],"wp:featuredmedia":[{"embeddable":true,"href":"https:\/\/www.moskito.cz\/it\/wp-json\/wp\/v2\/media\/357035"}],"wp:attachment":[{"href":"https:\/\/www.moskito.cz\/it\/wp-json\/wp\/v2\/media?parent=357091"}],"wp:term":[{"taxonomy":"pwb-brand","embeddable":true,"href":"https:\/\/www.moskito.cz\/it\/wp-json\/wp\/v2\/pwb-brand?post=357091"},{"taxonomy":"product_brand","embeddable":true,"href":"https:\/\/www.moskito.cz\/it\/wp-json\/wp\/v2\/product_brand?post=357091"},{"taxonomy":"product_cat","embeddable":true,"href":"https:\/\/www.moskito.cz\/it\/wp-json\/wp\/v2\/product_cat?post=357091"},{"taxonomy":"product_tag","embeddable":true,"href":"https:\/\/www.moskito.cz\/it\/wp-json\/wp\/v2\/product_tag?post=357091"}],"curies":[{"name":"wp","href":"https:\/\/api.w.org\/{rel}","templated":true}]}}