{"id":357282,"date":"2022-03-06T21:30:52","date_gmt":"2024-08-28T06:47:38","guid":{"rendered":"https:\/\/www.moskito.cz\/produkt\/coltelli-heretic-manticore-x-h031-10a-jade-coltello-da-tiro\/"},"modified":"2025-05-07T11:23:39","modified_gmt":"2025-05-07T10:23:39","slug":"coltelli-heretic-manticore-x-h031-10a-jade-coltello-da-tiro","status":"publish","type":"product","link":"https:\/\/www.moskito.cz\/it\/produkt\/coltelli-heretic-manticore-x-h031-10a-jade-coltello-da-tiro\/","title":{"rendered":"Coltelli Heretic Manticore X H031-10A-JADE Coltello da tiro"},"content":{"rendered":"<p><strong>Coltelli Heretic<\/strong> Manticore X H031-10A-JADE Coltello da tiro. Il Manticore di Heretic Knives \u00e8 un fenomenale coltello OTF per chi cerca qualcosa di grande ma facile da trasportare. I ragazzi di Heretic Knives in Florida hanno davvero fatto centro in questo. Acciaio Elmax premium, doppia azione fluida, punta rompi-vetro, clip da tasca profonda e foro per cordino. L&#8217;azione ha una buona presa senza essere troppo dura da innestare o troppo morbida. Manticore \u00e8 disponibile in una variet\u00e0 di stili e finiture. Questa Manticore \u00e8 un&#8217;edizione speciale. La lama tanto ha una finitura bicolore nera ed \u00e8 realizzata in acciaio Elmax. L&#8217;impugnatura ha un&#8217;impugnatura in alluminio nero con tappi posteriori Jade G-10. Lunghezza totale: 23 cm Lunghezza lama: 9,25 cm Materiale lama: ELMAX Stile lama: Tanto Finitura: Battleweard Colore: Parte superiore nera\/G-10 verde giada Peso inferiore: 4,5 once         <\/p>\n","protected":false},"excerpt":{"rendered":"<p>Tutti i nostri coltelli sono fabbricati negli Stati Uniti e lo manterremo tale. Quando acquisti uno dei nostri coltelli, puoi avere fiducia nel tuo strumento sapendo che \u00e8 supportato da un&#8217;azienda americana. I nostri coltelli sono realizzati in piccoli lotti per assicurarti di ottenere un coltello di qualit\u00e0 che non attiri l&#8217;attenzione che altri coltelli prodotti in serie non ricevono.  <strong>Trasporto gratuito.<\/strong><\/p>\n","protected":false},"featured_media":357292,"comment_status":"open","ping_status":"closed","template":"","meta":[],"pwb-brand":[3759],"product_brand":[],"product_cat":[3745,3748],"product_tag":[],"class_list":{"0":"post-357282","1":"product","2":"type-product","3":"status-publish","4":"has-post-thumbnail","6":"pwb-brand-coltelli-eretici","7":"product_cat-coltelli","8":"product_cat-coltelli-da-tiro","10":"first","11":"instock","12":"taxable","13":"shipping-taxable","14":"purchasable","15":"product-type-simple"},"brands":[{"id":3759,"name":"Coltelli eretici","slug":"coltelli-eretici"}],"_links":{"self":[{"href":"https:\/\/www.moskito.cz\/it\/wp-json\/wp\/v2\/product\/357282","targetHints":{"allow":["GET"]}}],"collection":[{"href":"https:\/\/www.moskito.cz\/it\/wp-json\/wp\/v2\/product"}],"about":[{"href":"https:\/\/www.moskito.cz\/it\/wp-json\/wp\/v2\/types\/product"}],"replies":[{"embeddable":true,"href":"https:\/\/www.moskito.cz\/it\/wp-json\/wp\/v2\/comments?post=357282"}],"wp:featuredmedia":[{"embeddable":true,"href":"https:\/\/www.moskito.cz\/it\/wp-json\/wp\/v2\/media\/357292"}],"wp:attachment":[{"href":"https:\/\/www.moskito.cz\/it\/wp-json\/wp\/v2\/media?parent=357282"}],"wp:term":[{"taxonomy":"pwb-brand","embeddable":true,"href":"https:\/\/www.moskito.cz\/it\/wp-json\/wp\/v2\/pwb-brand?post=357282"},{"taxonomy":"product_brand","embeddable":true,"href":"https:\/\/www.moskito.cz\/it\/wp-json\/wp\/v2\/product_brand?post=357282"},{"taxonomy":"product_cat","embeddable":true,"href":"https:\/\/www.moskito.cz\/it\/wp-json\/wp\/v2\/product_cat?post=357282"},{"taxonomy":"product_tag","embeddable":true,"href":"https:\/\/www.moskito.cz\/it\/wp-json\/wp\/v2\/product_tag?post=357282"}],"curies":[{"name":"wp","href":"https:\/\/api.w.org\/{rel}","templated":true}]}}