{"id":357313,"date":"2023-03-21T19:06:08","date_gmt":"2024-08-28T07:31:45","guid":{"rendered":"https:\/\/www.moskito.cz\/produkt\/coltello-di-chiusura-crkt-xolotl-2265\/"},"modified":"2025-05-22T13:41:44","modified_gmt":"2025-05-22T12:41:44","slug":"coltello-di-chiusura-crkt-xolotl-2265","status":"publish","type":"product","link":"https:\/\/www.moskito.cz\/it\/produkt\/coltello-di-chiusura-crkt-xolotl-2265\/","title":{"rendered":"Coltello di chiusura CRKT XOLOTL 2265"},"content":{"rendered":"<p data-pm-slice=\"1 1 []\">\ud83d\udd2a <strong>Coltello pieghevole CRKT Xolotl 2265 \u2013 Eleganza moderna ispirata alla leggenda azteca<\/strong><\/p>\n<p>Il coltello pieghevole CRKT Xolotl 2265, progettato da Michael Rodriguez, unisce un design sottile a caratteristiche tattiche. La sua lama a forma di pugnale e l&#8217;impugnatura ergonomica in G10 lo rendono la scelta ideale per il trasporto quotidiano. <\/p>\n<div>\n<hr>\n<\/div>\n<h3>\ud83d\udd11 Caratteristiche principali<\/h3>\n<h4>\ud83d\udd2a Lama<\/h4>\n<ul data-spread=\"false\">\n<li><strong>Materiale<\/strong> : acciaio inossidabile 1.4116<\/li>\n<li><strong>Lunghezza<\/strong> : 9,3 cm<\/li>\n<li><strong>Spessore<\/strong> : 3,2 mm<\/li>\n<li><strong>Forma<\/strong> : Pugnale (Punta di Lancia)<\/li>\n<li><strong>Finitura<\/strong> : satinata<\/li>\n<li><strong>Lunghezza totale del coltello<\/strong> : 22,7 cm<\/li>\n<\/ul>\n<h4>\ud83d\udda4 \u200b\u200b\u200b\u200bManiglia<\/h4>\n<ul data-spread=\"false\">\n<li><strong>Materiale<\/strong> : G10 con inserti in acciaio<\/li>\n<li><strong>Colore<\/strong> : Nero<\/li>\n<li><strong>Design<\/strong> : Texture antiscivolo per una presa sicura<\/li>\n<\/ul>\n<h4>\u2699\ufe0f Meccanismo<\/h4>\n<ul data-spread=\"false\">\n<li><strong>Apertura<\/strong> : Flipper<\/li>\n<li><strong>Fusibile<\/strong> : Liner Lock<\/li>\n<li><strong>Clip<\/strong> : riposizionabile per mano destra e sinistra<\/li>\n<\/ul>\n<h4>\u2696\ufe0f Dimensioni e peso<\/h4>\n<ul data-spread=\"false\">\n<li><strong>Lunghezza del coltello chiuso<\/strong> : 13,35 cm<\/li>\n<li><strong>Peso<\/strong> : 113 g<\/li>\n<\/ul>\n<div>\n<hr>\n<\/div>\n<h3>\ud83c\udfaf Usa<\/h3>\n<ul data-spread=\"false\">\n<li>\ud83d\udc54 <strong>Da portare tutti i giorni (EDC)<\/strong> : un compagno elegante e pratico<\/li>\n<li>\ud83d\udee0\ufe0f <strong>Lavoro e hobby<\/strong> : uno strumento affidabile per vari compiti<\/li>\n<li>\ud83e\udded <strong>Attivit\u00e0 all&#8217;aperto<\/strong> : coltello da viaggio compatto e resistente<\/li>\n<\/ul>\n<div>\n<hr>\n<\/div>\n<h3>\ud83d\udcac Recensioni dei clienti<\/h3>\n<blockquote><p>&#8220;Questo coltello \u00e8 assolutamente di prima qualit\u00e0! L&#8217;ho comprato una settimana fa e non posso che elogiarne la qualit\u00e0!&#8221; \u2013 Tomas, 32 anni<\/p><\/blockquote>\n<div>\n<hr>\n<\/div>\n<h3>\ud83d\udee1\ufe0f Vantaggi del produttore<\/h3>\n<p>Con i prodotti CRKT puoi contare su una garanzia a vita e su un servizio clienti di prim&#8217;ordine.<\/p>\n<div>\n<hr>\n<\/div>\n<h3>\ud83d\udcb3 Opzione di pagamento alla consegna<\/h3>\n<p>Comodo pagamento alla consegna: paghi solo alla consegna!<\/p>\n<div>\n<hr>\n<\/div>\n<h3>\ud83d\udce2 Conclusion<\/h3>\n<p>Il coltello pieghevole CRKT Xolotl 2265 \u00e8 la scelta ideale per chi cerca una combinazione di eleganza, funzionalit\u00e0 e affidabilit\u00e0. I materiali di alta qualit\u00e0 e la lavorazione precisa lo rendono non solo uno strumento pratico, ma anche un accessorio distintivo. <\/p>\n<p>&nbsp;<\/p>\n<p><iframe title=\"A Special D\u00eda de Muertos Message from Designer Michael Rodriguez\" width=\"800\" height=\"450\" src=\"https:\/\/www.youtube.com\/embed\/zn7qJgLWzN8?feature=oembed\" frameborder=\"0\" allow=\"accelerometer; autoplay; clipboard-write; encrypted-media; gyroscope; picture-in-picture; web-share\" referrerpolicy=\"strict-origin-when-cross-origin\" allowfullscreen><\/iframe><\/p>\n<p>&nbsp;<\/p>\n","protected":false},"excerpt":{"rendered":"<p><strong>Il coltello pieghevole CRKT Xolotl 2265 \u00e8 la scelta ideale per chi cerca una combinazione di eleganza, funzionalit\u00e0 e affidabilit\u00e0. I materiali di alta qualit\u00e0 e la lavorazione precisa lo rendono non solo uno strumento pratico, ma anche un accessorio distintivo. <\/strong><\/p>\n","protected":false},"featured_media":357330,"comment_status":"open","ping_status":"closed","template":"","meta":[],"pwb-brand":[3763],"product_brand":[],"product_cat":[3749,3745],"product_tag":[3755],"class_list":{"0":"post-357313","1":"product","2":"type-product","3":"status-publish","4":"has-post-thumbnail","6":"pwb-brand-crkt-it","7":"product_cat-coltelli-di-chiusura","8":"product_cat-coltelli","9":"product_tag-b2b-it","11":"first","12":"instock","13":"sale","14":"taxable","15":"shipping-taxable","16":"purchasable","17":"product-type-simple"},"brands":[{"id":3763,"name":"CRKT","slug":"crkt-it"}],"_links":{"self":[{"href":"https:\/\/www.moskito.cz\/it\/wp-json\/wp\/v2\/product\/357313","targetHints":{"allow":["GET"]}}],"collection":[{"href":"https:\/\/www.moskito.cz\/it\/wp-json\/wp\/v2\/product"}],"about":[{"href":"https:\/\/www.moskito.cz\/it\/wp-json\/wp\/v2\/types\/product"}],"replies":[{"embeddable":true,"href":"https:\/\/www.moskito.cz\/it\/wp-json\/wp\/v2\/comments?post=357313"}],"wp:featuredmedia":[{"embeddable":true,"href":"https:\/\/www.moskito.cz\/it\/wp-json\/wp\/v2\/media\/357330"}],"wp:attachment":[{"href":"https:\/\/www.moskito.cz\/it\/wp-json\/wp\/v2\/media?parent=357313"}],"wp:term":[{"taxonomy":"pwb-brand","embeddable":true,"href":"https:\/\/www.moskito.cz\/it\/wp-json\/wp\/v2\/pwb-brand?post=357313"},{"taxonomy":"product_brand","embeddable":true,"href":"https:\/\/www.moskito.cz\/it\/wp-json\/wp\/v2\/product_brand?post=357313"},{"taxonomy":"product_cat","embeddable":true,"href":"https:\/\/www.moskito.cz\/it\/wp-json\/wp\/v2\/product_cat?post=357313"},{"taxonomy":"product_tag","embeddable":true,"href":"https:\/\/www.moskito.cz\/it\/wp-json\/wp\/v2\/product_tag?post=357313"}],"curies":[{"name":"wp","href":"https:\/\/api.w.org\/{rel}","templated":true}]}}