{"id":358273,"date":"2021-04-26T21:23:35","date_gmt":"2024-09-07T14:46:40","guid":{"rendered":"https:\/\/www.moskito.cz\/produkt\/coltello-fisso-extrema-ratio-ks\/"},"modified":"2025-07-11T07:54:43","modified_gmt":"2025-07-11T06:54:43","slug":"coltello-fisso-extrema-ratio-ks","status":"publish","type":"product","link":"https:\/\/www.moskito.cz\/it\/produkt\/coltello-fisso-extrema-ratio-ks\/","title":{"rendered":"Coltello Fisso Extrema Ratio KS"},"content":{"rendered":"<p>Coltello Fisso <strong>Extrema Ratio<\/strong> KS. C&#8217;\u00e8 una ragione per cui \u00e8 un classico. Resa famosa dai reggimenti Gurkha in servizio sotto la Corona britannica, la &#8220;Kukri&#8221; \u00e8 una lama universale nepalese derivata dalle spade a falce dell&#8217;antica Grecia. Si tratta in definitiva di un machete con una lama avanzata molto pesante che gli permette di funzionare come un&#8217;ascia pur mantenendo la versatilit\u00e0 di una lama lunga. Extrema Ratio ha sviluppato due di questi strumenti, i nostri modelli KS e KH, che combinano concetti di design antichi e moderni. Entrambi utilizzano mulini combinati. Un bordo cavo, simile a un rasoio, pi\u00f9 vicino al manico fornisce un bordo sottile e affilato senza compromettere lo spessore complessivo della parte posteriore della lama (che richiede molta durata). La punta della lama \u00e8 invece piatta, ben curva per penetrare legno e vegetazione senza sforzo. Mentre utensili simili sono solitamente realizzati con leghe di acciaio pi\u00f9 morbide per garantire flessibilit\u00e0 e facilit\u00e0 di levigatura, con l&#8217;acciaio duro B\u00d6HLER N690 siamo stati in grado di ottenere la corrispondente flessibilit\u00e0, ottenendo un tagliente straordinariamente durevole. SCHEDA TECNICA Peso g.:502 Peso oz.: 17,7 Lunghezza lama (mm): 243 Lunghezza lama (in): 9,6 Lunghezza totale (mm): 395 Lunghezza totale (in): 15,6 Spessore lama (mm): 6,3 Spessore lama (in ): 0,25 Materiale lama: ACCIAIO B\u00f6HLER N690 (58HRC) Finitura lama: HEATING MIL-C-13924 Griglia principale: RASOIO \/ PIATTO Materiale impugnatura: FORPRENE   <\/p>\n<pre id=\"tw-target-text\" class=\"tw-data-text tw-text-large XcVN5d tw-ta\" dir=\"ltr\" data-placeholder=\"P\u0159eklad\"><span class=\"Y2IQFc\" lang=\"cs\"> <\/span><\/pre>\n","protected":false},"excerpt":{"rendered":"<p>Con sede a Prato, in Italia <strong>, Extrema Ratio<\/strong> progetta e produce coltelli da combattimento, militari, da cucina, da caccia e tattici ad alte prestazioni dal 1997 e ha una reputazione di qualit\u00e0 superiore che non \u00e8 seconda a nessuno nel settore dei coltelli militari e tattici. <strong>Trasporto gratuito.<\/strong><\/p>\n","protected":false},"featured_media":358275,"comment_status":"open","ping_status":"closed","template":"","meta":[],"pwb-brand":[3768],"product_brand":[],"product_cat":[3745,3746],"product_tag":[3755],"class_list":{"0":"post-358273","1":"product","2":"type-product","3":"status-publish","4":"has-post-thumbnail","6":"pwb-brand-rapporto-estremo","7":"product_cat-coltelli","8":"product_cat-coltelli-solidi","9":"product_tag-b2b-it","11":"first","12":"instock","13":"taxable","14":"shipping-taxable","15":"purchasable","16":"product-type-simple"},"brands":[{"id":3768,"name":"Rapporto estremo","slug":"rapporto-estremo"}],"_links":{"self":[{"href":"https:\/\/www.moskito.cz\/it\/wp-json\/wp\/v2\/product\/358273","targetHints":{"allow":["GET"]}}],"collection":[{"href":"https:\/\/www.moskito.cz\/it\/wp-json\/wp\/v2\/product"}],"about":[{"href":"https:\/\/www.moskito.cz\/it\/wp-json\/wp\/v2\/types\/product"}],"replies":[{"embeddable":true,"href":"https:\/\/www.moskito.cz\/it\/wp-json\/wp\/v2\/comments?post=358273"}],"wp:featuredmedia":[{"embeddable":true,"href":"https:\/\/www.moskito.cz\/it\/wp-json\/wp\/v2\/media\/358275"}],"wp:attachment":[{"href":"https:\/\/www.moskito.cz\/it\/wp-json\/wp\/v2\/media?parent=358273"}],"wp:term":[{"taxonomy":"pwb-brand","embeddable":true,"href":"https:\/\/www.moskito.cz\/it\/wp-json\/wp\/v2\/pwb-brand?post=358273"},{"taxonomy":"product_brand","embeddable":true,"href":"https:\/\/www.moskito.cz\/it\/wp-json\/wp\/v2\/product_brand?post=358273"},{"taxonomy":"product_cat","embeddable":true,"href":"https:\/\/www.moskito.cz\/it\/wp-json\/wp\/v2\/product_cat?post=358273"},{"taxonomy":"product_tag","embeddable":true,"href":"https:\/\/www.moskito.cz\/it\/wp-json\/wp\/v2\/product_tag?post=358273"}],"curies":[{"name":"wp","href":"https:\/\/api.w.org\/{rel}","templated":true}]}}