{"id":358316,"date":"2021-04-28T21:17:03","date_gmt":"2024-09-07T15:28:25","guid":{"rendered":"https:\/\/www.moskito.cz\/produkt\/coltello-fisso-extrema-ratio-39-09-ordinanza-cofs\/"},"modified":"2025-05-07T11:23:44","modified_gmt":"2025-05-07T10:23:44","slug":"coltello-fisso-extrema-ratio-39-09-ordinanza-cofs","status":"publish","type":"product","link":"https:\/\/www.moskito.cz\/it\/produkt\/coltello-fisso-extrema-ratio-39-09-ordinanza-cofs\/","title":{"rendered":"Coltello Fisso Extrema Ratio 39-09 ORDINANZA COFS"},"content":{"rendered":"<p>Coltello Fisso <strong>Extrema Ratio<\/strong> 39-09 ORDINANZA COFS. Frutto di un progetto patrocinato dal COFS (Comando Operativo delle Forze Speciali Italiane) e dal suo ex Comandante in Capo, Generale Bertolini &#8211; nonch\u00e9 sostenuto dai collezionisti di coltelli di tutto il mondo &#8211; questo coltello da combattimento 39-09 \u00e8 un restyling del il coltello tipo &#8220;paracadutista assaltatore&#8221; del 1939, un celebre pezzo di storia militare italiana. Pur mantenendo la forma, la struttura e le proporzioni originali, siamo riusciti a rafforzare, aggiungere funzionalit\u00e0 superiori e produrre questo coltello da combattimento secondo le attuali specifiche militari con i materiali pi\u00f9 moderni. Piccole modifiche che lo rendono un pugnale altamente efficace ed affidabile. La custodia rigida inclusa \u00e8 progettata per essere indossata intorno alla caviglia, nel modo caratteristico dei paracadutisti italiani. La versione 39-09 ORDINANZA \u00e8 rivestita in ossido nero con logo e slogan COFS. Viene fornito in una custodia in ABS incisa con una fondina per la caviglia e una fondina per cintura da parata. SCHEDA TECNICA Peso g.:338 Peso oz.: 11,9 Lunghezza lama (mm): 195 Lunghezza lama (in): 7,7 Lunghezza totale (mm): 319 Lunghezza totale (in): 12,6 Spessore lama (mm): 6,3 Spessore lama ( pollici): 0,25 Materiale lama: ACCIAIO B\u00f6HLER N690 (58HRC) Finitura lama: HEATING MIL-C-13924 Griglia principale: PIATTO Materiale impugnatura: FORPRENE <\/p>\n","protected":false},"excerpt":{"rendered":"<p>Con sede a Prato, in Italia <strong>, Extrema Ratio<\/strong> progetta e produce coltelli da combattimento, militari, da cucina, da caccia e tattici ad alte prestazioni dal 1997 e ha una reputazione di qualit\u00e0 superiore che non \u00e8 seconda a nessuno nel settore dei coltelli militari e tattici. <strong>Trasporto gratuito.<\/strong><\/p>\n","protected":false},"featured_media":358317,"comment_status":"open","ping_status":"closed","template":"","meta":[],"pwb-brand":[3768],"product_brand":[],"product_cat":[3745,3746],"product_tag":[3755],"class_list":{"0":"post-358316","1":"product","2":"type-product","3":"status-publish","4":"has-post-thumbnail","6":"pwb-brand-rapporto-estremo","7":"product_cat-coltelli","8":"product_cat-coltelli-solidi","9":"product_tag-b2b-it","11":"first","12":"instock","13":"taxable","14":"shipping-taxable","15":"purchasable","16":"product-type-simple"},"brands":[{"id":3768,"name":"Rapporto estremo","slug":"rapporto-estremo"}],"_links":{"self":[{"href":"https:\/\/www.moskito.cz\/it\/wp-json\/wp\/v2\/product\/358316","targetHints":{"allow":["GET"]}}],"collection":[{"href":"https:\/\/www.moskito.cz\/it\/wp-json\/wp\/v2\/product"}],"about":[{"href":"https:\/\/www.moskito.cz\/it\/wp-json\/wp\/v2\/types\/product"}],"replies":[{"embeddable":true,"href":"https:\/\/www.moskito.cz\/it\/wp-json\/wp\/v2\/comments?post=358316"}],"wp:featuredmedia":[{"embeddable":true,"href":"https:\/\/www.moskito.cz\/it\/wp-json\/wp\/v2\/media\/358317"}],"wp:attachment":[{"href":"https:\/\/www.moskito.cz\/it\/wp-json\/wp\/v2\/media?parent=358316"}],"wp:term":[{"taxonomy":"pwb-brand","embeddable":true,"href":"https:\/\/www.moskito.cz\/it\/wp-json\/wp\/v2\/pwb-brand?post=358316"},{"taxonomy":"product_brand","embeddable":true,"href":"https:\/\/www.moskito.cz\/it\/wp-json\/wp\/v2\/product_brand?post=358316"},{"taxonomy":"product_cat","embeddable":true,"href":"https:\/\/www.moskito.cz\/it\/wp-json\/wp\/v2\/product_cat?post=358316"},{"taxonomy":"product_tag","embeddable":true,"href":"https:\/\/www.moskito.cz\/it\/wp-json\/wp\/v2\/product_tag?post=358316"}],"curies":[{"name":"wp","href":"https:\/\/api.w.org\/{rel}","templated":true}]}}