{"id":358402,"date":"2022-07-10T10:29:05","date_gmt":"2024-09-07T15:55:29","guid":{"rendered":"https:\/\/www.moskito.cz\/produkt\/coltello-fisso-extrema-ratio-ontos-verde-no-kit\/"},"modified":"2025-05-07T11:23:49","modified_gmt":"2025-05-07T10:23:49","slug":"coltello-fisso-extrema-ratio-ontos-verde-no-kit","status":"publish","type":"product","link":"https:\/\/www.moskito.cz\/it\/produkt\/coltello-fisso-extrema-ratio-ontos-verde-no-kit\/","title":{"rendered":"Coltello Fisso Extrema Ratio ONTOS VERDE NO KIT"},"content":{"rendered":"<p>Coltello fisso <strong>Extrema Ratio<\/strong> ONTOS GREEN NO KIT La crescente domanda da parte dei professionisti tra i nostri clienti ha convinto Extrema Ratio a progettare uno strumento di sopravvivenza per tutte le stagioni. ONTOS (&#8220;cosa&#8221; in greco) \u00e8 un coltello da campo puro, resistente e pesante nonostante le sue dimensioni compatte. Il segmento seghettato sul retro della lama \u00e8 inteso come elemento di supporto che non si incastrer\u00e0 mai senza un bordo affilato pronto per l&#8217;uso. Una fondina da coscia in nylon compatibile MOLLE rimarr\u00e0 indossata anche in caso di ritirata, dove il soldato lascerebbe cadere la maggior parte della sua ingombrante attrezzatura essenziale. \u00c8 possibile acquistare separatamente un kit di sopravvivenza da agganciare al fodero del coltello. Versioni disponibili: ONTOS NERO, ONTOS VERDE. G. PESO: 411 OZ. PESO: 14,5 LUNGHEZZA LAMA (MM): 168 LUNGHEZZA LAMA (POLLICI): 6,6 LUNGHEZZA TOTALE (MM): 299 LUNGHEZZA TOTALE (A): 11,8 SPESSORE LAMA (MM): 6,3 SPESSORE LAMA (POLLICI) : 0.25 MATERIALE LAMA: ACCIAIO B\u00d6HLER N690 (58HRC) FINITURA LAMA: LAYING MIL-C-13924 GRIGLIA PRINCIPALE: PIATTA DENTI PARZIALI (MM): 40 DENTI PARZIALI (IN): 1, 6 MATERIALE MANICO: FORPRENE <\/p>\n","protected":false},"excerpt":{"rendered":"<p>Con sede a Prato, in Italia <strong>, Extrema Ratio<\/strong> progetta e produce coltelli da combattimento, militari, da cucina, da caccia e tattici ad alte prestazioni dal 1997 e ha una reputazione di qualit\u00e0 superiore che non \u00e8 seconda a nessuno nel settore dei coltelli militari e tattici. <strong>Spedizione gratuita<\/strong> .<\/p>\n","protected":false},"featured_media":358404,"comment_status":"open","ping_status":"closed","template":"","meta":[],"pwb-brand":[3768],"product_brand":[],"product_cat":[3745,3746],"product_tag":[3755],"class_list":{"0":"post-358402","1":"product","2":"type-product","3":"status-publish","4":"has-post-thumbnail","6":"pwb-brand-rapporto-estremo","7":"product_cat-coltelli","8":"product_cat-coltelli-solidi","9":"product_tag-b2b-it","11":"first","12":"instock","13":"taxable","14":"shipping-taxable","15":"purchasable","16":"product-type-simple"},"brands":[{"id":3768,"name":"Rapporto estremo","slug":"rapporto-estremo"}],"_links":{"self":[{"href":"https:\/\/www.moskito.cz\/it\/wp-json\/wp\/v2\/product\/358402","targetHints":{"allow":["GET"]}}],"collection":[{"href":"https:\/\/www.moskito.cz\/it\/wp-json\/wp\/v2\/product"}],"about":[{"href":"https:\/\/www.moskito.cz\/it\/wp-json\/wp\/v2\/types\/product"}],"replies":[{"embeddable":true,"href":"https:\/\/www.moskito.cz\/it\/wp-json\/wp\/v2\/comments?post=358402"}],"wp:featuredmedia":[{"embeddable":true,"href":"https:\/\/www.moskito.cz\/it\/wp-json\/wp\/v2\/media\/358404"}],"wp:attachment":[{"href":"https:\/\/www.moskito.cz\/it\/wp-json\/wp\/v2\/media?parent=358402"}],"wp:term":[{"taxonomy":"pwb-brand","embeddable":true,"href":"https:\/\/www.moskito.cz\/it\/wp-json\/wp\/v2\/pwb-brand?post=358402"},{"taxonomy":"product_brand","embeddable":true,"href":"https:\/\/www.moskito.cz\/it\/wp-json\/wp\/v2\/product_brand?post=358402"},{"taxonomy":"product_cat","embeddable":true,"href":"https:\/\/www.moskito.cz\/it\/wp-json\/wp\/v2\/product_cat?post=358402"},{"taxonomy":"product_tag","embeddable":true,"href":"https:\/\/www.moskito.cz\/it\/wp-json\/wp\/v2\/product_tag?post=358402"}],"curies":[{"name":"wp","href":"https:\/\/api.w.org\/{rel}","templated":true}]}}