{"id":358507,"date":"2024-09-10T10:45:50","date_gmt":"2024-09-10T09:46:35","guid":{"rendered":"https:\/\/www.moskito.cz\/produkt\/multiutensile-leatherman-sidekick\/"},"modified":"2025-05-07T11:23:51","modified_gmt":"2025-05-07T10:23:51","slug":"multiutensile-leatherman-sidekick","status":"publish","type":"product","link":"https:\/\/www.moskito.cz\/it\/produkt\/multiutensile-leatherman-sidekick\/","title":{"rendered":"Multiutensile Leatherman SIDEKICK"},"content":{"rendered":"<p>Multiutensile <strong>Leatherman<\/strong> SIDEKICK. <strong>Leatherman SIDEKICK<\/strong> \u00e8 un altro esempio della combinazione di design accattivante ed elevata funzionalit\u00e0 del marchio Leatherman. il multitool da quattordici utensili \u00e8 dotato di pinze con impugnatura ergonomica e meccanismo a molla che facilita il lavoro anche in condizioni difficili. Gli strumenti esterni &#8211; coltello e sega &#8211; possono essere facilmente aperti con una mano. Un coltello con lama seghettata, un aprifile e un set di cacciaviti completano l&#8217;utensile all&#8217;interno. Il multitool <strong>Leatherman SIDEKICK<\/strong> sar\u00e0 particolarmente apprezzato dagli allestitori (ma anche dagli alpinisti) che vogliono avere sempre gli attrezzi base a portata di mano anche in condizioni difficili. La confezione contiene: multitool, custodia media in Nylon nera, clip removibile per tasca o cintura, originale al 100%. adesivo, istruzioni. Parametri: Lunghezza lama: 6,6 cm Lunghezza utensile chiuso: 9,7 cm Peso: 198,4 g https:\/\/www.youtube.com\/shorts\/E7JckCUsyps       &nbsp;<\/p>\n","protected":false},"excerpt":{"rendered":"<p><strong>Strumento tascabile multifunzionale con pinze a molla, sega, due lame di coltello, apriscatole e altri strumenti utili.<\/strong><\/p>\n","protected":false},"featured_media":358476,"comment_status":"open","ping_status":"closed","template":"","meta":[],"pwb-brand":[3935],"product_brand":[],"product_cat":[3744],"product_tag":[],"class_list":{"0":"post-358507","1":"product","2":"type-product","3":"status-publish","4":"has-post-thumbnail","6":"pwb-brand-pellettiere","7":"product_cat-multi-attrezzo","9":"first","10":"instock","11":"taxable","12":"shipping-taxable","13":"purchasable","14":"product-type-simple"},"brands":[{"id":3935,"name":"Pellettiere","slug":"pellettiere"}],"_links":{"self":[{"href":"https:\/\/www.moskito.cz\/it\/wp-json\/wp\/v2\/product\/358507","targetHints":{"allow":["GET"]}}],"collection":[{"href":"https:\/\/www.moskito.cz\/it\/wp-json\/wp\/v2\/product"}],"about":[{"href":"https:\/\/www.moskito.cz\/it\/wp-json\/wp\/v2\/types\/product"}],"replies":[{"embeddable":true,"href":"https:\/\/www.moskito.cz\/it\/wp-json\/wp\/v2\/comments?post=358507"}],"wp:featuredmedia":[{"embeddable":true,"href":"https:\/\/www.moskito.cz\/it\/wp-json\/wp\/v2\/media\/358476"}],"wp:attachment":[{"href":"https:\/\/www.moskito.cz\/it\/wp-json\/wp\/v2\/media?parent=358507"}],"wp:term":[{"taxonomy":"pwb-brand","embeddable":true,"href":"https:\/\/www.moskito.cz\/it\/wp-json\/wp\/v2\/pwb-brand?post=358507"},{"taxonomy":"product_brand","embeddable":true,"href":"https:\/\/www.moskito.cz\/it\/wp-json\/wp\/v2\/product_brand?post=358507"},{"taxonomy":"product_cat","embeddable":true,"href":"https:\/\/www.moskito.cz\/it\/wp-json\/wp\/v2\/product_cat?post=358507"},{"taxonomy":"product_tag","embeddable":true,"href":"https:\/\/www.moskito.cz\/it\/wp-json\/wp\/v2\/product_tag?post=358507"}],"curies":[{"name":"wp","href":"https:\/\/api.w.org\/{rel}","templated":true}]}}