{"id":358551,"date":"2024-09-10T13:55:27","date_gmt":"2024-09-10T12:55:27","guid":{"rendered":"https:\/\/www.moskito.cz\/produkt\/multiutensile-leatherman-charge-plus-nero\/"},"modified":"2025-05-07T11:23:52","modified_gmt":"2025-05-07T10:23:52","slug":"multiutensile-leatherman-charge-plus-nero","status":"publish","type":"product","link":"https:\/\/www.moskito.cz\/it\/produkt\/multiutensile-leatherman-charge-plus-nero\/","title":{"rendered":"Multiutensile Leatherman Charge Plus Nero"},"content":{"rendered":"<p>Multiutensile <strong>Leatherman<\/strong> Charge Plus Nero. <strong>Leatherman Charge+ nero<\/strong> ha una finitura grigio-nera opaca ed \u00e8 uno dei multiutensili pi\u00f9 popolari non solo per i 19 strumenti funzionali (che includono coltelli, una sega, un gancio da taglio, una lima, cacciaviti o apriscatole), ma anche per via i materiali di prima qualit\u00e0 con cui \u00e8 costruito. L&#8217;utensile denominato Plus \u00e8 stato recentemente arricchito con lame della pinza sostituibili, grazie alle quali il multiutensile rimane come nuovo anche dopo molti anni di intenso utilizzo. Le forbici tagliano qualsiasi cosa, le mannaie sono realizzate in materiale durevole e sostituibili e la lama del coltello \u00e8 realizzata in acciaio 154CM robusto e resistente alla corrosione (154CM \u00e8 un tipo di acciaio inossidabile sviluppato e prodotto negli Stati Uniti da Crucible Materials Corporation.) Hai bisogno di una mano in pi\u00f9? Nessun problema. Ogni strumento pu\u00f2 essere aperto e bloccato con una sola mano. Include una clip da tasca rimovibile. PARAMETRI: Lunghezza lama: 7,37 cm Lunghezza utensile chiuso: 10 cm Peso: 235 g STRUMENTI: 01 Pinze ad ago 02 Pinze normali 03 Tagliafili premium sostituibili 04 Tagliafili premium sostituibili 05 Pinza crimpatrice elettrica 06 Pinza spelafili 07 Coltello 154 cm 08 Coltello seghettato 420HC 09 Sega 10 Cesoie a molla 11 Uncino da taglio 12 Righello (8 pollici | 19 cm) 13 Apriscatole 14 Apribottiglie 15 Lima per legno\/metallo 16 Lima per superfici diamantate 17 Trapano a punta grande 18 Trapano a punta piccola 19 Cacciavite medio        &nbsp;  LA CONFEZIONE INCLUDE: custodia centrale multiutensile in nylon con 4 tasche clip da tasca staccabile anello moschettone set di punte aggiuntive: punta a croce PZ1 e PZ2, brugola da 1,5 mm, 2 mm, 2,5 mm, 3 mm, 4 mm, 5 mm torx 10, 15, 20, 25 punte piatte Adesivo 1\/8 e 3\/32 Istruzioni originali al 100%.<\/p>\n","protected":false},"excerpt":{"rendered":"<p><strong>Lo strumento \u00e8 garantito per 25 anni, quindi il tuo Leatherman ti servir\u00e0 bene per quasi tutta la vita. L&#8217;utensile viene fornito con una custodia in nylon con quattro scomparti, clip in acciaio e occhiello per appenderlo, un caricatore in plastica con sette inserti. <\/strong><\/p>\n<p><strong>Trasporto gratuito.<\/strong><\/p>\n","protected":false},"featured_media":358526,"comment_status":"open","ping_status":"closed","template":"","meta":[],"pwb-brand":[3935],"product_brand":[],"product_cat":[3744],"product_tag":[],"class_list":{"0":"post-358551","1":"product","2":"type-product","3":"status-publish","4":"has-post-thumbnail","6":"pwb-brand-pellettiere","7":"product_cat-multi-attrezzo","9":"first","10":"instock","11":"taxable","12":"shipping-taxable","13":"purchasable","14":"product-type-simple"},"brands":[{"id":3935,"name":"Pellettiere","slug":"pellettiere"}],"_links":{"self":[{"href":"https:\/\/www.moskito.cz\/it\/wp-json\/wp\/v2\/product\/358551","targetHints":{"allow":["GET"]}}],"collection":[{"href":"https:\/\/www.moskito.cz\/it\/wp-json\/wp\/v2\/product"}],"about":[{"href":"https:\/\/www.moskito.cz\/it\/wp-json\/wp\/v2\/types\/product"}],"replies":[{"embeddable":true,"href":"https:\/\/www.moskito.cz\/it\/wp-json\/wp\/v2\/comments?post=358551"}],"wp:featuredmedia":[{"embeddable":true,"href":"https:\/\/www.moskito.cz\/it\/wp-json\/wp\/v2\/media\/358526"}],"wp:attachment":[{"href":"https:\/\/www.moskito.cz\/it\/wp-json\/wp\/v2\/media?parent=358551"}],"wp:term":[{"taxonomy":"pwb-brand","embeddable":true,"href":"https:\/\/www.moskito.cz\/it\/wp-json\/wp\/v2\/pwb-brand?post=358551"},{"taxonomy":"product_brand","embeddable":true,"href":"https:\/\/www.moskito.cz\/it\/wp-json\/wp\/v2\/product_brand?post=358551"},{"taxonomy":"product_cat","embeddable":true,"href":"https:\/\/www.moskito.cz\/it\/wp-json\/wp\/v2\/product_cat?post=358551"},{"taxonomy":"product_tag","embeddable":true,"href":"https:\/\/www.moskito.cz\/it\/wp-json\/wp\/v2\/product_tag?post=358551"}],"curies":[{"name":"wp","href":"https:\/\/api.w.org\/{rel}","templated":true}]}}