{"id":358810,"date":"2024-09-11T10:35:26","date_gmt":"2024-09-11T09:35:26","guid":{"rendered":"https:\/\/www.moskito.cz\/produkt\/multiutensile-leatherman-segnale-2\/"},"modified":"2025-05-07T11:23:59","modified_gmt":"2025-05-07T10:23:59","slug":"multiutensile-leatherman-segnale-2","status":"publish","type":"product","link":"https:\/\/www.moskito.cz\/it\/produkt\/multiutensile-leatherman-segnale-2\/","title":{"rendered":"Multiutensile Leatherman SEGNALE"},"content":{"rendered":"<p>Multiutensile <strong>Leatherman<\/strong> SEGNALE. Non \u00e8 difficile entrare in una situazione in cui la vita \u00e8 letteralmente in gioco. Perditi nella foresta, perditi ovunque nella natura. Qualsiasi aiuto sar\u00e0 apprezzato in quel momento. L&#8217; <strong>eatherman SIGNAL<\/strong> ne porta esattamente diciannove. Tra i diciannove strumenti del nuovo speciale outdoor SIGNAL, che vi aiuter\u00e0 non solo in caso di emergenza, ci sono una pietra focaia con grilletto in diamante, con cui potrete accendere un fuoco molto facilmente, un fischietto di segnalazione per comunicare con l&#8217;ambiente circostante, un moschettone per la sospensione, ma anche un coltello a lama combinata, un martello, un punteruolo, un set di apriscatole e cacciaviti e, ovviamente, la tradizionale pinza multifunzione. L&#8217;attraente carrozzeria giallo-nera nasconde un possibile salvavita, che non dovrebbe pi\u00f9 sorprendervi. La confezione contiene: multiutensile, custodia NYLON LARGE, adesivo originale al 100%, istruzioni. Parametri: Peso: 212,6 g Lunghezza utensile chiuso: 11,43 cm Lunghezza lama: 6,93 cm https:\/\/www.youtube.com\/watch?v=WwJdQJJPVmU          &nbsp;<\/p>\n","protected":false},"excerpt":{"rendered":"<div class=\"elementor-element elementor-element-bbb542b elementor-widget elementor-widget-woocommerce-product-short-description\" data-id=\"bbb542b\" data-element_type=\"widget\" data-widget_type=\"woocommerce-product-short-description.default\">\n<div class=\"elementor-widget-container\">\n<div class=\"woocommerce-product-details__short-description\">\n<div class=\"elementor-element elementor-element-bbb542b elementor-widget elementor-widget-woocommerce-product-short-description\" data-id=\"bbb542b\" data-element_type=\"widget\" data-widget_type=\"woocommerce-product-short-description.default\">\n<div class=\"elementor-widget-container\">\n<div class=\"woocommerce-product-details__short-description\">\n<p><strong>Il multiutensile Signal di Leatherman \u00e8 la scelta ideale per ogni situazione, che tu sia perso nei boschi o che tu stia andando in montagna. Ci sono un totale di 19 strumenti in un corpo compatto in acciaio inossidabile che ti render\u00e0 ogni situazione pi\u00f9 semplice. <\/strong><\/p>\n<p><strong>Trasporto gratuito.<\/strong><\/p>\n<\/div>\n<\/div>\n<\/div>\n<\/div>\n<\/div>\n<\/div>\n","protected":false},"featured_media":358751,"comment_status":"open","ping_status":"closed","template":"","meta":[],"pwb-brand":[3935],"product_brand":[],"product_cat":[3744],"product_tag":[],"class_list":{"0":"post-358810","1":"product","2":"type-product","3":"status-publish","4":"has-post-thumbnail","6":"pwb-brand-pellettiere","7":"product_cat-multi-attrezzo","9":"first","10":"instock","11":"taxable","12":"shipping-taxable","13":"purchasable","14":"product-type-simple"},"brands":[{"id":3935,"name":"Pellettiere","slug":"pellettiere"}],"_links":{"self":[{"href":"https:\/\/www.moskito.cz\/it\/wp-json\/wp\/v2\/product\/358810","targetHints":{"allow":["GET"]}}],"collection":[{"href":"https:\/\/www.moskito.cz\/it\/wp-json\/wp\/v2\/product"}],"about":[{"href":"https:\/\/www.moskito.cz\/it\/wp-json\/wp\/v2\/types\/product"}],"replies":[{"embeddable":true,"href":"https:\/\/www.moskito.cz\/it\/wp-json\/wp\/v2\/comments?post=358810"}],"wp:featuredmedia":[{"embeddable":true,"href":"https:\/\/www.moskito.cz\/it\/wp-json\/wp\/v2\/media\/358751"}],"wp:attachment":[{"href":"https:\/\/www.moskito.cz\/it\/wp-json\/wp\/v2\/media?parent=358810"}],"wp:term":[{"taxonomy":"pwb-brand","embeddable":true,"href":"https:\/\/www.moskito.cz\/it\/wp-json\/wp\/v2\/pwb-brand?post=358810"},{"taxonomy":"product_brand","embeddable":true,"href":"https:\/\/www.moskito.cz\/it\/wp-json\/wp\/v2\/product_brand?post=358810"},{"taxonomy":"product_cat","embeddable":true,"href":"https:\/\/www.moskito.cz\/it\/wp-json\/wp\/v2\/product_cat?post=358810"},{"taxonomy":"product_tag","embeddable":true,"href":"https:\/\/www.moskito.cz\/it\/wp-json\/wp\/v2\/product_tag?post=358810"}],"curies":[{"name":"wp","href":"https:\/\/api.w.org\/{rel}","templated":true}]}}