{"id":359134,"date":"2024-09-11T13:39:25","date_gmt":"2024-09-11T12:40:39","guid":{"rendered":"https:\/\/www.moskito.cz\/produkt\/multiutensile-leatherman-mut-nero\/"},"modified":"2025-05-07T11:24:04","modified_gmt":"2025-05-07T10:24:04","slug":"multiutensile-leatherman-mut-nero","status":"publish","type":"product","link":"https:\/\/www.moskito.cz\/it\/produkt\/multiutensile-leatherman-mut-nero\/","title":{"rendered":"Multiutensile Leatherman MUT NERO"},"content":{"rendered":"<p>Multiutensile <strong>Leatherman<\/strong> MUT NERO. Il partner di ogni cecchino. Questa cosiddetta variante civile dei multitool militari \u00e8 un&#8217;attrezzatura preziosa per i tiratori civili, ma anche per i professionisti dell&#8217;esercito. In oltre 317 grammi di acciaio, il multiutensile trasporta 16 utensili. Oltre alle tradizionali pinze multifunzionali offre anche pinze per cavi in \u200b\u200bacciaio con lame intercambiabili e pinze per crimpare da elettricista. Un coltello con lama combinata in acciaio 420HC e una sega sono una cosa ovvia. Nascosto sotto l&#8217;enorme martello all&#8217;estremit\u00e0 dell&#8217;utensile c&#8217;\u00e8 anche un gancio da taglio a forma di V per un facile taglio della cinghia. I vantaggi principali del multiutensile Leatherman MUT sono gli strumenti gi\u00e0 citati per la manutenzione delle armi da fuoco: uno strumento per le cartucce inceppate, un raschietto in carbonio (fatto di bronzo, quindi non c&#8217;\u00e8 rischio di graffiare i componenti dell&#8217;arma), un adattatore per la pulizia spazzola, uno strumento per smontare le armi e un grande adattatore per punte. Tutti gli strumenti sono dimensionati per materiali militari e civili standard, quindi non dovrebbero avere problemi a smontare e pulire praticamente qualsiasi arma da fuoco. Lo strumento pu\u00f2 essere ulteriormente migliorato con componenti aggiuntivi come punte di ricambio. La pratica valigetta \u00e8 adatta a questo e contiene anche pezzi di ricambio o una chiave per il cambio degli utensili. La confezione include: multiutensile, fondina NYLON MOLLE XL MARRONE, chiave inglese, punta a croce n. 1-2 e punta piatta 3\/16, punta a croce n. 2 e punta piatta da \u00bc&#8221;, torx n. 15 e punta esagonale 7\/64&#8243;, adesivo 100% originale, UTENSILI manuali Pinza ad ago Pinza universale speciale per l&#8217;esercito Tagliafilo in acciaio morbido 154CM con lame intercambiabili Tagliafune in acciaio duro Tagliacavi Pinza per crimpare da elettricista Coltello con lama combinata in acciaio 420HC Sega Gancio da taglio Martello Utensile per cartucce incastrate Raschietto per carbone Adattatore per spazzola di pulizia M\/ Strumento per lo smontaggio dell&#8217;arma F: adattatore per moschettone\/apriporta intercambiabile https:\/\/www.youtube.com\/watch?v=5W_v3GoNiL8             &nbsp;<\/p>\n","protected":false},"excerpt":{"rendered":"<p><strong>Siamo orgogliosi di sostenere ogni prodotto che lascia la nostra fabbrica a Portland, Oregon. Ecco perch\u00e9 offriamo la nostra garanzia di 25 anni, cos\u00ec puoi essere certo che il tuo Leatherman durer\u00e0 tutta la vita. <\/strong><\/p>\n<p><strong>Trasporto gratuito.<\/strong><\/p>\n","protected":false},"featured_media":359069,"comment_status":"open","ping_status":"closed","template":"","meta":[],"pwb-brand":[3935],"product_brand":[],"product_cat":[3744],"product_tag":[],"class_list":{"0":"post-359134","1":"product","2":"type-product","3":"status-publish","4":"has-post-thumbnail","6":"pwb-brand-pellettiere","7":"product_cat-multi-attrezzo","9":"first","10":"outofstock","11":"taxable","12":"shipping-taxable","13":"purchasable","14":"product-type-simple"},"brands":[{"id":3935,"name":"Pellettiere","slug":"pellettiere"}],"_links":{"self":[{"href":"https:\/\/www.moskito.cz\/it\/wp-json\/wp\/v2\/product\/359134","targetHints":{"allow":["GET"]}}],"collection":[{"href":"https:\/\/www.moskito.cz\/it\/wp-json\/wp\/v2\/product"}],"about":[{"href":"https:\/\/www.moskito.cz\/it\/wp-json\/wp\/v2\/types\/product"}],"replies":[{"embeddable":true,"href":"https:\/\/www.moskito.cz\/it\/wp-json\/wp\/v2\/comments?post=359134"}],"wp:featuredmedia":[{"embeddable":true,"href":"https:\/\/www.moskito.cz\/it\/wp-json\/wp\/v2\/media\/359069"}],"wp:attachment":[{"href":"https:\/\/www.moskito.cz\/it\/wp-json\/wp\/v2\/media?parent=359134"}],"wp:term":[{"taxonomy":"pwb-brand","embeddable":true,"href":"https:\/\/www.moskito.cz\/it\/wp-json\/wp\/v2\/pwb-brand?post=359134"},{"taxonomy":"product_brand","embeddable":true,"href":"https:\/\/www.moskito.cz\/it\/wp-json\/wp\/v2\/product_brand?post=359134"},{"taxonomy":"product_cat","embeddable":true,"href":"https:\/\/www.moskito.cz\/it\/wp-json\/wp\/v2\/product_cat?post=359134"},{"taxonomy":"product_tag","embeddable":true,"href":"https:\/\/www.moskito.cz\/it\/wp-json\/wp\/v2\/product_tag?post=359134"}],"curies":[{"name":"wp","href":"https:\/\/api.w.org\/{rel}","templated":true}]}}