{"id":359138,"date":"2024-09-11T13:21:45","date_gmt":"2024-09-11T12:21:45","guid":{"rendered":"https:\/\/www.moskito.cz\/produkt\/multiutensile-leatherman-bond\/"},"modified":"2025-05-07T11:24:04","modified_gmt":"2025-05-07T10:24:04","slug":"multiutensile-leatherman-bond","status":"publish","type":"product","link":"https:\/\/www.moskito.cz\/it\/produkt\/multiutensile-leatherman-bond\/","title":{"rendered":"Multiutensile Leatherman Bond"},"content":{"rendered":"<p>Multiutensile <strong>Leatherman<\/strong> Bond. Il multiutensile Leatherman BOND si riferisce al leggendario modello PST con la sua costruzione e attrezzatura. Pertanto colpisce soprattutto per il suo design minimalista ed eleganza. 14 pratici strumenti sono integrati in un corpo con una lunghezza di 10 cm e un peso di 176 grammi. Puoi facilmente mettere BOND in tasca o nello zaino (fissato con una clip rimovibile &#8211; non inclusa nella confezione, non inclusa nella confezione) e avrai sempre a portata di mano importanti strumenti di uso quotidiano. Questi includono pinze multifunzione, un coltello in acciaio di fascia alta 420HC, un set di apriscatole, cacciaviti, un punteruolo e altro ancora. Una garanzia di 25 anni \u00e8 una cosa ovvia. Contenuto della confezione: custodia in nylon PARAMETRI Lunghezza lama: 7,36 cm Lunghezza utensile chiuso: 10 cm Peso: 176 g https:\/\/www.youtube.com\/watch?v=qLQOc6Dxq-8         &nbsp;<\/p>\n<p>&nbsp;<\/p>\n","protected":false},"excerpt":{"rendered":"<p><strong>Siamo orgogliosi di sostenere ogni prodotto che lascia la nostra fabbrica a Portland, Oregon. Ecco perch\u00e9 offriamo la nostra garanzia di 25 anni, cos\u00ec puoi essere certo che il tuo Leatherman durer\u00e0 tutta la vita. <\/strong><\/p>\n<p>&nbsp;<\/p>\n","protected":false},"featured_media":359027,"comment_status":"open","ping_status":"closed","template":"","meta":[],"pwb-brand":[3935],"product_brand":[],"product_cat":[3744],"product_tag":[],"class_list":{"0":"post-359138","1":"product","2":"type-product","3":"status-publish","4":"has-post-thumbnail","6":"pwb-brand-pellettiere","7":"product_cat-multi-attrezzo","9":"first","10":"instock","11":"taxable","12":"shipping-taxable","13":"purchasable","14":"product-type-simple"},"brands":[{"id":3935,"name":"Pellettiere","slug":"pellettiere"}],"_links":{"self":[{"href":"https:\/\/www.moskito.cz\/it\/wp-json\/wp\/v2\/product\/359138","targetHints":{"allow":["GET"]}}],"collection":[{"href":"https:\/\/www.moskito.cz\/it\/wp-json\/wp\/v2\/product"}],"about":[{"href":"https:\/\/www.moskito.cz\/it\/wp-json\/wp\/v2\/types\/product"}],"replies":[{"embeddable":true,"href":"https:\/\/www.moskito.cz\/it\/wp-json\/wp\/v2\/comments?post=359138"}],"wp:featuredmedia":[{"embeddable":true,"href":"https:\/\/www.moskito.cz\/it\/wp-json\/wp\/v2\/media\/359027"}],"wp:attachment":[{"href":"https:\/\/www.moskito.cz\/it\/wp-json\/wp\/v2\/media?parent=359138"}],"wp:term":[{"taxonomy":"pwb-brand","embeddable":true,"href":"https:\/\/www.moskito.cz\/it\/wp-json\/wp\/v2\/pwb-brand?post=359138"},{"taxonomy":"product_brand","embeddable":true,"href":"https:\/\/www.moskito.cz\/it\/wp-json\/wp\/v2\/product_brand?post=359138"},{"taxonomy":"product_cat","embeddable":true,"href":"https:\/\/www.moskito.cz\/it\/wp-json\/wp\/v2\/product_cat?post=359138"},{"taxonomy":"product_tag","embeddable":true,"href":"https:\/\/www.moskito.cz\/it\/wp-json\/wp\/v2\/product_tag?post=359138"}],"curies":[{"name":"wp","href":"https:\/\/api.w.org\/{rel}","templated":true}]}}