{"id":359406,"date":"2024-09-11T14:01:05","date_gmt":"2024-09-11T14:14:56","guid":{"rendered":"https:\/\/www.moskito.cz\/produkt\/multiutensile-leatherman-skeletool-cx-paradise\/"},"modified":"2025-05-07T11:24:06","modified_gmt":"2025-05-07T10:24:06","slug":"multiutensile-leatherman-skeletool-cx-paradise","status":"publish","type":"product","link":"https:\/\/www.moskito.cz\/it\/produkt\/multiutensile-leatherman-skeletool-cx-paradise\/","title":{"rendered":"Multiutensile Leatherman Skeletool CX Paradise"},"content":{"rendered":"<p>Multiutensile <strong>Leatherman<\/strong> SKELETOOL CX PARADISE. <strong>Il Leatherman SKELETOOL CX<\/strong> ha ereditato tutti i suoi attributi di base dal fratello maggiore: un design accattivante, un&#8217;estrema durata e un corpo aggraziato con fori in rilievo. Con soli 142 grammi, lo rendono uno degli strumenti pi\u00f9 leggeri della sua categoria. Oltre a tutto ci\u00f2, <strong>SKELETOOL CX<\/strong> ha perfezionato la lama del coltello con un bordo liscio, realizzato in acciaio 154CM di qualit\u00e0 ancora migliore. Nel multitool, apparentemente semplice, troverai tutto ci\u00f2 di cui hai bisogno durante le gite nella natura e in citt\u00e0: oltre al coltello troverai anche una pinza, un apriscatole, un moschettone e un set di cacciaviti a punta. Avrai sempre a portata di mano un totale di sette strumenti funzionali in una custodia compatta e leggera dal design argento-nero ancora pi\u00f9 attraente e non ne sentirai nemmeno il peso sulla cintura o nello zaino. Diventer\u00e0 cos\u00ec il tuo partner indispensabile in ogni viaggio. La confezione include: multiutensile, punte: croce n. 1 e n. 2, piatta 1.4 e 3\/16, clip da cintura rimovibile, adesivo 100% originale, istruzioni. Parametri: Lunghezza lama: 6,6 cm Lunghezza utensile chiuso: 10 cm Peso: 142 g https:\/\/www.youtube.com\/watch?v=VUQu0ERufz8         &nbsp;<\/p>\n","protected":false},"excerpt":{"rendered":"<div id=\"tw-target-text-container\" class=\"tw-ta-container F0azHf tw-nfl\" tabindex=\"0\">\n<p><strong>Siamo orgogliosi di sostenere ogni prodotto che lascia la nostra fabbrica a Portland, Oregon. Ecco perch\u00e9 offriamo la nostra garanzia di 25 anni, cos\u00ec puoi essere certo che il tuo Leatherman durer\u00e0 tutta la vita. <\/strong><\/p>\n<p>&nbsp;<\/p>\n<pre id=\"tw-target-text\" class=\"tw-data-text tw-text-large tw-ta\" dir=\"ltr\" data-placeholder=\"P\u0159eklad\" aria-label=\"P\u0159elo\u017een\u00fd text\" data-ved=\"2ahUKEwjohPmwyLqIAxXLgv0HHQnQCWQQ3ewLegQICBAT\"><span class=\"Y2IQFc\" lang=\"cs\"> <\/span><\/pre>\n<\/div>\n<div id=\"tw-target-rmn-container\" class=\"tw-target-rmn tw-ta-container F0azHf tw-nfl\">\n<pre id=\"tw-target-rmn\" class=\"tw-data-placeholder tw-text-small tw-ta\" dir=\"ltr\" data-placeholder=\"\"><\/pre>\n<\/div>\n","protected":false},"featured_media":359188,"comment_status":"open","ping_status":"closed","template":"","meta":[],"pwb-brand":[3935],"product_brand":[],"product_cat":[3744],"product_tag":[],"class_list":{"0":"post-359406","1":"product","2":"type-product","3":"status-publish","4":"has-post-thumbnail","6":"pwb-brand-pellettiere","7":"product_cat-multi-attrezzo","9":"first","10":"instock","11":"taxable","12":"shipping-taxable","13":"purchasable","14":"product-type-simple"},"brands":[{"id":3935,"name":"Pellettiere","slug":"pellettiere"}],"_links":{"self":[{"href":"https:\/\/www.moskito.cz\/it\/wp-json\/wp\/v2\/product\/359406","targetHints":{"allow":["GET"]}}],"collection":[{"href":"https:\/\/www.moskito.cz\/it\/wp-json\/wp\/v2\/product"}],"about":[{"href":"https:\/\/www.moskito.cz\/it\/wp-json\/wp\/v2\/types\/product"}],"replies":[{"embeddable":true,"href":"https:\/\/www.moskito.cz\/it\/wp-json\/wp\/v2\/comments?post=359406"}],"wp:featuredmedia":[{"embeddable":true,"href":"https:\/\/www.moskito.cz\/it\/wp-json\/wp\/v2\/media\/359188"}],"wp:attachment":[{"href":"https:\/\/www.moskito.cz\/it\/wp-json\/wp\/v2\/media?parent=359406"}],"wp:term":[{"taxonomy":"pwb-brand","embeddable":true,"href":"https:\/\/www.moskito.cz\/it\/wp-json\/wp\/v2\/pwb-brand?post=359406"},{"taxonomy":"product_brand","embeddable":true,"href":"https:\/\/www.moskito.cz\/it\/wp-json\/wp\/v2\/product_brand?post=359406"},{"taxonomy":"product_cat","embeddable":true,"href":"https:\/\/www.moskito.cz\/it\/wp-json\/wp\/v2\/product_cat?post=359406"},{"taxonomy":"product_tag","embeddable":true,"href":"https:\/\/www.moskito.cz\/it\/wp-json\/wp\/v2\/product_tag?post=359406"}],"curies":[{"name":"wp","href":"https:\/\/api.w.org\/{rel}","templated":true}]}}