{"id":359572,"date":"2022-05-18T20:21:57","date_gmt":"2024-09-17T11:43:07","guid":{"rendered":"https:\/\/www.moskito.cz\/produkt\/coltello-da-tiro-brachiale-stonewashed-268a-10-microtech-bastinelli-creations\/"},"modified":"2025-05-07T11:24:09","modified_gmt":"2025-05-07T10:24:09","slug":"coltello-da-tiro-brachiale-stonewashed-268a-10-microtech-bastinelli-creations","status":"publish","type":"product","link":"https:\/\/www.moskito.cz\/it\/produkt\/coltello-da-tiro-brachiale-stonewashed-268a-10-microtech-bastinelli-creations\/","title":{"rendered":"Coltello da tiro Brachiale Stonewashed 268A-10 Microtech\/Bastinelli Creations"},"content":{"rendered":"<p>Coltello da tiro <strong>Microtech\/Bastinelli<\/strong> Creations Brachial Stonewashed 268A-10 <strong>Il Brachial<\/strong> \u00e8 una collaborazione di design in stile persiano con Bastinelli Knives che porta un pezzo di stile unico alla gamma Microtech. Adoriamo tutto di questo coltello. Dal look all&#8217;ergonomia, alle massime prestazioni e ai materiali; ti servir\u00e0 bene per molti anni. \u00c8 adatto anche per una miriade di applicazioni, dall&#8217;EDC alla tattica e letteralmente tutto il resto. Include una finitura lavorata con un motivo a frammenti per una migliore presa, una clip da tasca dal design accattivante e un foro per cordino nascosto che pu\u00f2 contenere 550 paracord. <strong>Questo \u00e8 un coltello eccezionale, prendilo finch\u00e9 puoi!<\/strong> Specifiche Lunghezza lama: 9 cm Lunghezza totale: 20 cm Materiale lama: L&#8217;acciaio della lama di quest&#8217;anno sar\u00e0 M390 &#8211; fino ad esaurimento scorte, le lame possono anche essere CTS-204P o Elmax Stile lama: Trailing Point Affilatura lama: Piatta Trattamento superficiale lama: Manico Stonewash Materiale: alluminio nero fresato 6061-T6 Spessore impugnatura: 0,545&#8243; Meccanismo di bloccaggio: pulsante Clip da tasca: acciaio inossidabile (a ribalta, da portare con la mano destra) Peso: 4,37 once Designer: Bastien Coves e Tony Marfione Prodotto negli Stati Uniti https:\/\/youtu .be\/xE9TeOFYEjg?si=_cD7H1ukVfrw59MV   &nbsp;<\/p>\n<p>&nbsp;<\/p>\n","protected":false},"excerpt":{"rendered":"<p>Nel corso degli anni <strong>Microtech\u00ae Knives<\/strong> ha riempito i coltelli con passione e maestria fino a creare quasi opere d&#8217;arte che sono l&#8217;apice della funzionalit\u00e0. Tutte le parti sono prodotte negli Stati Uniti.  <strong>Tutti i coltelli Microtech sono coperti da una garanzia a vita.<\/strong><\/p>\n","protected":false},"featured_media":359573,"comment_status":"open","ping_status":"closed","template":"","meta":[],"pwb-brand":[3753],"product_brand":[],"product_cat":[3745,3748],"product_tag":[3755],"class_list":{"0":"post-359572","1":"product","2":"type-product","3":"status-publish","4":"has-post-thumbnail","6":"pwb-brand-microtecnologia-it","7":"product_cat-coltelli","8":"product_cat-coltelli-da-tiro","9":"product_tag-b2b-it","11":"first","12":"instock","13":"taxable","14":"shipping-taxable","15":"purchasable","16":"product-type-simple"},"brands":[{"id":3753,"name":"Microtecnologia","slug":"microtecnologia-it"}],"_links":{"self":[{"href":"https:\/\/www.moskito.cz\/it\/wp-json\/wp\/v2\/product\/359572","targetHints":{"allow":["GET"]}}],"collection":[{"href":"https:\/\/www.moskito.cz\/it\/wp-json\/wp\/v2\/product"}],"about":[{"href":"https:\/\/www.moskito.cz\/it\/wp-json\/wp\/v2\/types\/product"}],"replies":[{"embeddable":true,"href":"https:\/\/www.moskito.cz\/it\/wp-json\/wp\/v2\/comments?post=359572"}],"wp:featuredmedia":[{"embeddable":true,"href":"https:\/\/www.moskito.cz\/it\/wp-json\/wp\/v2\/media\/359573"}],"wp:attachment":[{"href":"https:\/\/www.moskito.cz\/it\/wp-json\/wp\/v2\/media?parent=359572"}],"wp:term":[{"taxonomy":"pwb-brand","embeddable":true,"href":"https:\/\/www.moskito.cz\/it\/wp-json\/wp\/v2\/pwb-brand?post=359572"},{"taxonomy":"product_brand","embeddable":true,"href":"https:\/\/www.moskito.cz\/it\/wp-json\/wp\/v2\/product_brand?post=359572"},{"taxonomy":"product_cat","embeddable":true,"href":"https:\/\/www.moskito.cz\/it\/wp-json\/wp\/v2\/product_cat?post=359572"},{"taxonomy":"product_tag","embeddable":true,"href":"https:\/\/www.moskito.cz\/it\/wp-json\/wp\/v2\/product_tag?post=359572"}],"curies":[{"name":"wp","href":"https:\/\/api.w.org\/{rel}","templated":true}]}}