{"id":359591,"date":"2023-02-22T22:19:02","date_gmt":"2024-09-17T11:43:12","guid":{"rendered":"https:\/\/www.moskito.cz\/produkt\/coltello-da-tiro-tattico-brachiale-268a-1t-microtech-bastinelli-creations\/"},"modified":"2025-05-07T11:24:09","modified_gmt":"2025-05-07T10:24:09","slug":"coltello-da-tiro-tattico-brachiale-268a-1t-microtech-bastinelli-creations","status":"publish","type":"product","link":"https:\/\/www.moskito.cz\/it\/produkt\/coltello-da-tiro-tattico-brachiale-268a-1t-microtech-bastinelli-creations\/","title":{"rendered":"Coltello da tiro tattico brachiale 268A-1T Microtech Bastinelli Creations"},"content":{"rendered":"<p><strong>Il coltello da tiro brachiale Microtech<\/strong> Bastinelli Creations Brachial Tactical 268A-1T \u00e8 una collaborazione di design in stile persiano con <strong>Bastinelli<\/strong> Knives che porta un pezzo di stile unico alla gamma <strong>Microtech<\/strong> . Adoriamo tutto di questo coltello. Dal suo aspetto all&#8217;ergonomia, all&#8217;azione superiore e ai materiali; ti servir\u00e0 bene per molti anni. \u00c8 adatto anche per una miriade di applicazioni, dall&#8217;EDC alla tattica e letteralmente tutto il resto. Include una finitura con motivo a frammenti per una migliore presa, una clip da tasca dal design accattivante e un foro per cordino nascosto che pu\u00f2 contenere 550 paracord.  <strong>Questo \u00e8 un coltello eccezionale, prendilo finch\u00e9 puoi!<\/strong>  Specifiche Lunghezza lama: 9 cm Lunghezza totale: 20,31 cm Materiale lama: L&#8217;acciaio della lama per quest&#8217;anno sar\u00e0 M390 &#8211; fino ad esaurimento scorte di metallo, le lame possono anche essere CTS-204P o Elmax Stile lama: Trailing Point Affilatura lama: Lama piatta finitura: nera Materiale della maniglia: alluminio nero fresato 6061-T6 Meccanismo di bloccaggio: pulsante Clip da tasca: acciaio inossidabile (flip-out, trasporto con la mano destra) Peso: 4,37 once. Designer: Bastien Coves e Tony Marfione Prodotto negli USA https:\/\/youtu.be\/xE9TeOFYEjg?si=_cD7H1ukVfrw59MV   &nbsp;<\/p>\n","protected":false},"excerpt":{"rendered":"<p><strong>Nel corso degli anni, Microtech\u00ae Knives ha riempito i coltelli con passione e competenza per creare quasi opere d&#8217;arte che sono l&#8217;apice della funzionalit\u00e0. Tutte le parti sono prodotte negli Stati Uniti.<\/strong><br \/>\n<strong>Tutti i coltelli Microtech sono coperti da una garanzia a vita.<\/strong><\/p>\n<p><strong>Trasporto gratuito.<\/strong><\/p>\n","protected":false},"featured_media":359592,"comment_status":"open","ping_status":"closed","template":"","meta":[],"pwb-brand":[3753],"product_brand":[],"product_cat":[3745,3748],"product_tag":[3755],"class_list":{"0":"post-359591","1":"product","2":"type-product","3":"status-publish","4":"has-post-thumbnail","6":"pwb-brand-microtecnologia-it","7":"product_cat-coltelli","8":"product_cat-coltelli-da-tiro","9":"product_tag-b2b-it","11":"first","12":"outofstock","13":"taxable","14":"shipping-taxable","15":"purchasable","16":"product-type-simple"},"brands":[{"id":3753,"name":"Microtecnologia","slug":"microtecnologia-it"}],"_links":{"self":[{"href":"https:\/\/www.moskito.cz\/it\/wp-json\/wp\/v2\/product\/359591","targetHints":{"allow":["GET"]}}],"collection":[{"href":"https:\/\/www.moskito.cz\/it\/wp-json\/wp\/v2\/product"}],"about":[{"href":"https:\/\/www.moskito.cz\/it\/wp-json\/wp\/v2\/types\/product"}],"replies":[{"embeddable":true,"href":"https:\/\/www.moskito.cz\/it\/wp-json\/wp\/v2\/comments?post=359591"}],"wp:featuredmedia":[{"embeddable":true,"href":"https:\/\/www.moskito.cz\/it\/wp-json\/wp\/v2\/media\/359592"}],"wp:attachment":[{"href":"https:\/\/www.moskito.cz\/it\/wp-json\/wp\/v2\/media?parent=359591"}],"wp:term":[{"taxonomy":"pwb-brand","embeddable":true,"href":"https:\/\/www.moskito.cz\/it\/wp-json\/wp\/v2\/pwb-brand?post=359591"},{"taxonomy":"product_brand","embeddable":true,"href":"https:\/\/www.moskito.cz\/it\/wp-json\/wp\/v2\/product_brand?post=359591"},{"taxonomy":"product_cat","embeddable":true,"href":"https:\/\/www.moskito.cz\/it\/wp-json\/wp\/v2\/product_cat?post=359591"},{"taxonomy":"product_tag","embeddable":true,"href":"https:\/\/www.moskito.cz\/it\/wp-json\/wp\/v2\/product_tag?post=359591"}],"curies":[{"name":"wp","href":"https:\/\/api.w.org\/{rel}","templated":true}]}}