{"id":359622,"date":"2023-03-18T12:04:03","date_gmt":"2024-09-17T13:32:17","guid":{"rendered":"https:\/\/www.moskito.cz\/produkt\/coltello-da-tiro-microtech-hera-manico-rosso-lama-apocalittica-702-12aprd\/"},"modified":"2025-05-07T11:24:10","modified_gmt":"2025-05-07T10:24:10","slug":"coltello-da-tiro-microtech-hera-manico-rosso-lama-apocalittica-702-12aprd","status":"publish","type":"product","link":"https:\/\/www.moskito.cz\/it\/produkt\/coltello-da-tiro-microtech-hera-manico-rosso-lama-apocalittica-702-12aprd\/","title":{"rendered":"Coltello da tiro Microtech Hera Manico Rosso Lama Apocalittica 702-12APRD"},"content":{"rendered":"<p>Coltello da tiro <strong>Microtech<\/strong> Hera Red Handle Apocalyptic Blade 702-12APRD <strong>L&#8217;Hera<\/strong> \u00e8 un bellissimo automatico frontale a doppia azione con una forma del telaio liberamente basata sul design Troodon. \u00c8 pi\u00f9 ergonomico, per\u00f2, con toppe lavorate vicino alle estremit\u00e0 per una presa migliore e, a nostro avviso, un aspetto migliore. Tutto in questo design esprime sia raffinatezza che funzionalit\u00e0. \u00c8 uno dei migliori design OTF automatici a tutto tondo in un campo estremamente affollato e dimensionato perfettamente per il trasporto quotidiano. Lunghezza totale: 19 cm Lunghezza da chiusa: 11,43 cm Lunghezza lama: 7,62 cm Spessore lama: 0,2 cm Acciaio: 204P Finitura lama: Apocalittico Stile bordo: Seghettato Materiale manico: Alluminio rosso Clip da tasca: Tip-Down Rif. produttore. N.: 702-12APRD Paese di origine: USA https:\/\/youtu.be\/xE9TeOFYEjg?si=_cD7H1ukVfrw59MV   &nbsp;<\/p>\n","protected":false},"excerpt":{"rendered":"<p>Nel corso degli anni, <strong>Microtech\u00ae Knives<\/strong> ha riempito i coltelli con passione e abilit\u00e0 per creare quasi opere d&#8217;arte che sono l&#8217;apice della funzionalit\u00e0. Tutte le parti sono prodotte negli Stati Uniti. <strong>Tutti i coltelli Microtech sono coperti da una garanzia a vita.<\/strong> <strong>Spedizione gratuita.<\/strong><\/p>\n","protected":false},"featured_media":359623,"comment_status":"open","ping_status":"closed","template":"","meta":[],"pwb-brand":[3753],"product_brand":[],"product_cat":[3745,3748],"product_tag":[3755],"class_list":{"0":"post-359622","1":"product","2":"type-product","3":"status-publish","4":"has-post-thumbnail","6":"pwb-brand-microtecnologia-it","7":"product_cat-coltelli","8":"product_cat-coltelli-da-tiro","9":"product_tag-b2b-it","11":"first","12":"instock","13":"taxable","14":"shipping-taxable","15":"purchasable","16":"product-type-simple"},"brands":[{"id":3753,"name":"Microtecnologia","slug":"microtecnologia-it"}],"_links":{"self":[{"href":"https:\/\/www.moskito.cz\/it\/wp-json\/wp\/v2\/product\/359622","targetHints":{"allow":["GET"]}}],"collection":[{"href":"https:\/\/www.moskito.cz\/it\/wp-json\/wp\/v2\/product"}],"about":[{"href":"https:\/\/www.moskito.cz\/it\/wp-json\/wp\/v2\/types\/product"}],"replies":[{"embeddable":true,"href":"https:\/\/www.moskito.cz\/it\/wp-json\/wp\/v2\/comments?post=359622"}],"wp:featuredmedia":[{"embeddable":true,"href":"https:\/\/www.moskito.cz\/it\/wp-json\/wp\/v2\/media\/359623"}],"wp:attachment":[{"href":"https:\/\/www.moskito.cz\/it\/wp-json\/wp\/v2\/media?parent=359622"}],"wp:term":[{"taxonomy":"pwb-brand","embeddable":true,"href":"https:\/\/www.moskito.cz\/it\/wp-json\/wp\/v2\/pwb-brand?post=359622"},{"taxonomy":"product_brand","embeddable":true,"href":"https:\/\/www.moskito.cz\/it\/wp-json\/wp\/v2\/product_brand?post=359622"},{"taxonomy":"product_cat","embeddable":true,"href":"https:\/\/www.moskito.cz\/it\/wp-json\/wp\/v2\/product_cat?post=359622"},{"taxonomy":"product_tag","embeddable":true,"href":"https:\/\/www.moskito.cz\/it\/wp-json\/wp\/v2\/product_tag?post=359622"}],"curies":[{"name":"wp","href":"https:\/\/api.w.org\/{rel}","templated":true}]}}