{"id":359666,"date":"2020-02-11T11:40:08","date_gmt":"2024-09-17T18:36:32","guid":{"rendered":"https:\/\/www.moskito.cz\/produkt\/coltello-da-tiro-microtech-socom-elite-160a-10-mr\/"},"modified":"2025-07-11T07:50:49","modified_gmt":"2025-07-11T06:50:49","slug":"coltello-da-tiro-microtech-socom-elite-160a-10-mr","status":"publish","type":"product","link":"https:\/\/www.moskito.cz\/it\/produkt\/coltello-da-tiro-microtech-socom-elite-160a-10-mr\/","title":{"rendered":"Coltello da tiro Microtech Socom Elite 160A-10 MR"},"content":{"rendered":"<p>Coltello da tiro <strong>Microtech Socom Elite<\/strong> 160A-10 MR.  <span lang=\"cs\">Nel corso degli anni <strong>Microtech\u00ae Knives<\/strong> ha riempito i coltelli con passione e maestria fino a creare quasi opere d&#8217;arte che sono l&#8217;apice della funzionalit\u00e0. Continua a spingersi oltre i limiti e a migliorare ci\u00f2 che gi\u00e0 sa che funziona. Nel 2020, Microtech\u00ae Knives \u00e8 cresciuto fino a diventare un marchio leader di coltelli in costante evoluzione e progresso utilizzando la tecnologia pi\u00f9 recente, i principi secolari della produzione di lame e i massimi test sul campo in modo da non compromettere la qualit\u00e0.  <\/span>  Questo coltello automatico <strong>Microtech Socom Elite<\/strong> 161A-10 MR Shooting Knife ha un manico in alluminio e una lama tanto opaca. Fin dalla nascita dell&#8217;originale <strong>Microtech\u00ae Socom<\/strong> ha fissato lo standard per i coltelli tattici. Sokom Elite si basa su questo design per adattarsi a diversi ambienti. La sua impugnatura ha un&#8217;impugnatura sportiva e una forma unica, per una presa comoda e sicura in ogni momento. Lunghezza totale: 22,5 cm Lunghezza lama: 10 cm Tagliente: 9,37 cm Larghezza lama: 2,8 cm Spessore lama: 0,47 cm Materiale lama: Bohler M390 Inserti: Piatti Lunghezza impugnatura: 12,5 cm Larghezza impugnatura: 3,42 Spessore impugnatura: 1,37 Materiale manici: alluminio Peso: 4,58 once. Utente: Clip da tasca destra: Tipo di coltello ribaltabile: Apertura automatica: Tipo di blocco pulsante: Blocco interblocco Marchio: Microtech Modello: Socom Elite Numero modello: 161A-10 MR Paese di origine: USA Miglior utilizzo: Tattico Nel corso degli anni, <strong>Microtech \u00ae Knives<\/strong> ha infuso passione e abilit\u00e0 nel realizzare opere d&#8217;arte che sono l&#8217;apice della funzionalit\u00e0 e della forma.  Continuiamo a superare i limiti e a migliorare ci\u00f2 che sappiamo gi\u00e0 che funziona. Nel 2020 <strong>Microtech\u00ae Knives<\/strong> \u00e8 cresciuto fino a diventare un marchio leader di posate, in continua evoluzione e progresso utilizzando la tecnologia pi\u00f9 recente, gli antichi principi delle lame e i massimi test sul campo per garantire che non scendiamo mai a compromessi.  <\/p>\n<div class=\"description\">  La Socom Elite stabilisce lo standard pi\u00f9 elevato per le posate tattiche\/utili. Sin dalla nascita dell&#8217;originale Socom nel 1996, \u00e8 stato il pioniere dell&#8217;intera linea di coltelli pieghevoli <strong>Microtech<\/strong> . Nel corso degli anni sono stati apportati numerosi miglioramenti rendendo il Socom pi\u00f9 adattabile a diversi ambienti. Sia il Socom automatico che quello manuale hanno una forma dell&#8217;impugnatura unica che si adatta alla tua mano. Sai che stai acquistando il miglior strumento sul mercato, non importa quale lama unica tu scelga: la clip point o la tanto. Un rompi-vetro integrato nella base della maniglia e un grande perno che consente una facile apertura con un guanto ne aumentano la statura impressionante. La robusta affidabilit\u00e0 del Socom lo rende la prima scelta per la comunit\u00e0 delle operazioni speciali.        <\/p>\n<div class=\"clearfix\"><\/div>\n<\/div>\n<div class=\"specifications\">\n<div class=\"features\"><\/div>\n<div class=\"specs\">\n<p><strong>Specifiche<\/strong><\/p>\n<ul>\n<li>Lunghezza lama: 4,05&#8243;<\/li>\n<li>Tagliente: 3,75&#8243;<\/li>\n<li>Lunghezza chiusa: 5,06&#8243;<\/li>\n<li>Lunghezza totale: 9,11&#8243;<\/li>\n<li><strong>Si prega di notare che l&#8217;acciaio della lama non pu\u00f2 essere specificato poich\u00e9 pu\u00f2 cambiare a seconda della disponibilit\u00e0 (informazioni da Microtech)<\/strong><\/li>\n<li>Stile lama: Tanto<\/li>\n<li>Affilatura della lama: piatta<\/li>\n<li>Finitura lama: Stonewash<\/li>\n<li>Materiale manico: alluminio con inserti testurizzati<\/li>\n<li>Meccanismo di bloccaggio: pulsante<\/li>\n<li>Clip da tasca: acciaio inossidabile (ribaltabile, trasporto a destra)<\/li>\n<li>Peso: 5,6 once.<\/li>\n<li>Progettista: Tony Marfione<\/li>\n<li>Prodotto negli Stati Uniti<\/li>\n<\/ul>\n<\/div>\n<\/div>\n","protected":false},"excerpt":{"rendered":"<p>Nel corso degli anni <strong>Microtech\u00ae Knives<\/strong> ha riempito i coltelli con passione e maestria fino a creare quasi opere d&#8217;arte che sono l&#8217;apice della funzionalit\u00e0. Tutte le parti sono prodotte negli Stati Uniti.  <strong>Tutti i coltelli Microtech sono coperti da una garanzia a vita.<\/strong><\/p>\n","protected":false},"featured_media":177561,"comment_status":"open","ping_status":"closed","template":"","meta":[],"pwb-brand":[3753],"product_brand":[],"product_cat":[3745,3748],"product_tag":[],"class_list":{"0":"post-359666","1":"product","2":"type-product","3":"status-publish","4":"has-post-thumbnail","6":"pwb-brand-microtecnologia-it","7":"product_cat-coltelli","8":"product_cat-coltelli-da-tiro","10":"first","11":"outofstock","12":"taxable","13":"shipping-taxable","14":"purchasable","15":"product-type-simple"},"brands":[{"id":3753,"name":"Microtecnologia","slug":"microtecnologia-it"}],"_links":{"self":[{"href":"https:\/\/www.moskito.cz\/it\/wp-json\/wp\/v2\/product\/359666","targetHints":{"allow":["GET"]}}],"collection":[{"href":"https:\/\/www.moskito.cz\/it\/wp-json\/wp\/v2\/product"}],"about":[{"href":"https:\/\/www.moskito.cz\/it\/wp-json\/wp\/v2\/types\/product"}],"replies":[{"embeddable":true,"href":"https:\/\/www.moskito.cz\/it\/wp-json\/wp\/v2\/comments?post=359666"}],"wp:featuredmedia":[{"embeddable":true,"href":"https:\/\/www.moskito.cz\/it\/wp-json\/wp\/v2\/media\/177561"}],"wp:attachment":[{"href":"https:\/\/www.moskito.cz\/it\/wp-json\/wp\/v2\/media?parent=359666"}],"wp:term":[{"taxonomy":"pwb-brand","embeddable":true,"href":"https:\/\/www.moskito.cz\/it\/wp-json\/wp\/v2\/pwb-brand?post=359666"},{"taxonomy":"product_brand","embeddable":true,"href":"https:\/\/www.moskito.cz\/it\/wp-json\/wp\/v2\/product_brand?post=359666"},{"taxonomy":"product_cat","embeddable":true,"href":"https:\/\/www.moskito.cz\/it\/wp-json\/wp\/v2\/product_cat?post=359666"},{"taxonomy":"product_tag","embeddable":true,"href":"https:\/\/www.moskito.cz\/it\/wp-json\/wp\/v2\/product_tag?post=359666"}],"curies":[{"name":"wp","href":"https:\/\/api.w.org\/{rel}","templated":true}]}}