{"id":359732,"date":"2022-07-15T10:09:34","date_gmt":"2024-09-17T18:51:04","guid":{"rendered":"https:\/\/www.moskito.cz\/produkt\/coltello-da-tiro-microtech-utx-85-turchese-233-4tq\/"},"modified":"2025-05-07T11:24:16","modified_gmt":"2025-05-07T10:24:16","slug":"coltello-da-tiro-microtech-utx-85-turchese-233-4tq","status":"publish","type":"product","link":"https:\/\/www.moskito.cz\/it\/produkt\/coltello-da-tiro-microtech-utx-85-turchese-233-4tq\/","title":{"rendered":"Coltello da tiro Microtech UTX-85 Turchese 233-4TQ"},"content":{"rendered":"<p>Coltello da Tiro <strong>Microtech<\/strong> UTX-85 Turchese 233-4TQ Microtech ha aggiornato e migliorato il modello UTX-85. Presenta un&#8217;ergonomia migliorata, superfici della maniglia arrotondate e toppe scanalate sui lati per garantire un&#8217;ottima presa. Il pulsante di attivazione \u00e8 stato riprogettato per aumentare il contatto superficiale per un impegno efficace, e il rompivetro ha una punta sferica inserita in una base con motivo triangolare per migliorarne le modalit\u00e0 di usura quotidiana. L&#8217;UTX-85 si basa sulla piattaforma Ultratech ed \u00e8 ridotto all&#8217;85% della sua lunghezza. L&#8217;UTX-85 \u00e8 una scelta interessante per coloro che preferiscono un coltello EDC pi\u00f9 piccolo e apprezzano l&#8217;azione frontale ad alte prestazioni di Microtech e l&#8217;eccezionale qualit\u00e0 costruttiva. Questo modello presenta una maniglia in alluminio 6061-T6 anodizzato con il logo Claw sulla parte anteriore. Clip da tasca e punta rompi-vetro abbinate.  La lama ha informazioni sul modello. La clip da tasca riporta il logo Microtech, il numero di serie e la data di produzione. Viene fornito nuovo di zecca in scatola. Lunghezza totale: 18,75 cm Lunghezza lama: 7,81 cm Tagliente: 7,17 cm Spessore lama: 0,32 cm Materiale lama: Bohler M390 Inserti: piatti Lunghezza impugnatura: 10,92 cm Spessore impugnatura: 1,17 cm Materiale impugnatura: Alluminio Peso: 3,06 oz. Utente: Clip da tasca destra: Coltello ribaltabile Tipo: OTF a doppia azione Apertura automatica: Scorrimento con il pollice Marchio: Microtech Modello: UTX-85 Paese di origine: USA <\/p>\n","protected":false},"excerpt":{"rendered":"<div class=\"elementor-element elementor-element-bbb542b elementor-widget elementor-widget-woocommerce-product-short-description\" data-id=\"bbb542b\" data-element_type=\"widget\" data-widget_type=\"woocommerce-product-short-description.default\">\n<div class=\"elementor-widget-container\">\n<div class=\"woocommerce-product-details__short-description\">  Nel corso degli anni, <strong>Microtech\u00ae Knives<\/strong> ha riempito i coltelli con passione e abilit\u00e0 per creare quasi opere d&#8217;arte che sono l&#8217;apice della funzionalit\u00e0. Tutte le parti sono prodotte negli Stati Uniti. <strong>Tutti i coltelli Microtech sono coperti da una garanzia a vita.<\/strong> <strong>Spedizione gratuita.<\/strong><\/p>\n<\/div>\n<\/div>\n<\/div>\n","protected":false},"featured_media":386658,"comment_status":"open","ping_status":"closed","template":"","meta":[],"pwb-brand":[3753],"product_brand":[],"product_cat":[3745,3748],"product_tag":[3755],"class_list":{"0":"post-359732","1":"product","2":"type-product","3":"status-publish","4":"has-post-thumbnail","6":"pwb-brand-microtecnologia-it","7":"product_cat-coltelli","8":"product_cat-coltelli-da-tiro","9":"product_tag-b2b-it","11":"first","12":"outofstock","13":"taxable","14":"shipping-taxable","15":"purchasable","16":"product-type-simple"},"brands":[{"id":3753,"name":"Microtecnologia","slug":"microtecnologia-it"}],"_links":{"self":[{"href":"https:\/\/www.moskito.cz\/it\/wp-json\/wp\/v2\/product\/359732","targetHints":{"allow":["GET"]}}],"collection":[{"href":"https:\/\/www.moskito.cz\/it\/wp-json\/wp\/v2\/product"}],"about":[{"href":"https:\/\/www.moskito.cz\/it\/wp-json\/wp\/v2\/types\/product"}],"replies":[{"embeddable":true,"href":"https:\/\/www.moskito.cz\/it\/wp-json\/wp\/v2\/comments?post=359732"}],"wp:featuredmedia":[{"embeddable":true,"href":"https:\/\/www.moskito.cz\/it\/wp-json\/wp\/v2\/media\/386658"}],"wp:attachment":[{"href":"https:\/\/www.moskito.cz\/it\/wp-json\/wp\/v2\/media?parent=359732"}],"wp:term":[{"taxonomy":"pwb-brand","embeddable":true,"href":"https:\/\/www.moskito.cz\/it\/wp-json\/wp\/v2\/pwb-brand?post=359732"},{"taxonomy":"product_brand","embeddable":true,"href":"https:\/\/www.moskito.cz\/it\/wp-json\/wp\/v2\/product_brand?post=359732"},{"taxonomy":"product_cat","embeddable":true,"href":"https:\/\/www.moskito.cz\/it\/wp-json\/wp\/v2\/product_cat?post=359732"},{"taxonomy":"product_tag","embeddable":true,"href":"https:\/\/www.moskito.cz\/it\/wp-json\/wp\/v2\/product_tag?post=359732"}],"curies":[{"name":"wp","href":"https:\/\/api.w.org\/{rel}","templated":true}]}}