{"id":359755,"date":"2023-07-03T21:30:54","date_gmt":"2024-09-17T18:52:55","guid":{"rendered":"https:\/\/www.moskito.cz\/produkt\/coltello-da-tiro-brachiale-268a-3t-microtech-bastinelli-creations\/"},"modified":"2025-05-07T11:24:17","modified_gmt":"2025-05-07T10:24:17","slug":"coltello-da-tiro-brachiale-268a-3t-microtech-bastinelli-creations","status":"publish","type":"product","link":"https:\/\/www.moskito.cz\/it\/produkt\/coltello-da-tiro-brachiale-268a-3t-microtech-bastinelli-creations\/","title":{"rendered":"Coltello da tiro Brachiale 268A-3T Microtech\/Bastinelli Creations"},"content":{"rendered":"<p>Coltello da tiro <strong>Microtech\/Bastinelli<\/strong> Creations Brachial 268A-3T Il Brachial \u00e8 una collaborazione di design in stile persiano con Bastinelli Knives che porta un pezzo di stile unico alla gamma Microtech. Adoriamo tutto di questo coltello. Dal suo aspetto all&#8217;ergonomia, all&#8217;azione superiore e ai materiali; ti servir\u00e0 bene per molti anni. \u00c8 adatto anche per una miriade di applicazioni, dall&#8217;EDC alla tattica e letteralmente tutto il resto. Include una finitura lavorata con un motivo a frammenti per una migliore presa, una clip da tasca dal design accattivante e un foro per cordino nascosto che pu\u00f2 contenere 550 paracord. Questo \u00e8 un coltello eccezionale, prendilo finch\u00e9 puoi! Specifiche Lunghezza lama: 9 cm Lunghezza chiusa: 12 cm Lunghezza totale: 21 cm OCel: M390 Spessore lama: 0,40 cm Stile lama: Trailing Point Affilatura lama: Piatta Finitura lama: nera Materiale impugnatura: Alluminio nero fresato 6061-T6 Spessore impugnature: 0,545 &#8221; Meccanismo di chiusura: pulsante Clip da tasca: acciaio inossidabile (flip-out, trasporto a destra) Peso: 4,37 once Designer: Bastien Coves e Tony Marfione Prodotto negli Stati Uniti https:\/\/youtu.be\/xE9TeOFYEjg?si=_cD7H1ukVfrw59MV   &nbsp;<\/p>\n","protected":false},"excerpt":{"rendered":"<p>Nel corso degli anni, <strong>Microtech\u00ae<\/strong> Knives ha riempito i coltelli con passione e abilit\u00e0 per creare quasi opere d&#8217;arte che sono l&#8217;apice della funzionalit\u00e0. Tutte le parti sono prodotte negli Stati Uniti. <strong>Tutti i coltelli Microtech sono garantiti a vita (min. 80.000 cicli, apertura e chiusura).<\/strong> <strong>Spedizione gratuita.<\/strong><\/p>\n","protected":false},"featured_media":359756,"comment_status":"open","ping_status":"closed","template":"","meta":[],"pwb-brand":[3753],"product_brand":[],"product_cat":[3745,3748],"product_tag":[3755],"class_list":{"0":"post-359755","1":"product","2":"type-product","3":"status-publish","4":"has-post-thumbnail","6":"pwb-brand-microtecnologia-it","7":"product_cat-coltelli","8":"product_cat-coltelli-da-tiro","9":"product_tag-b2b-it","11":"first","12":"instock","13":"taxable","14":"shipping-taxable","15":"purchasable","16":"product-type-simple"},"brands":[{"id":3753,"name":"Microtecnologia","slug":"microtecnologia-it"}],"_links":{"self":[{"href":"https:\/\/www.moskito.cz\/it\/wp-json\/wp\/v2\/product\/359755","targetHints":{"allow":["GET"]}}],"collection":[{"href":"https:\/\/www.moskito.cz\/it\/wp-json\/wp\/v2\/product"}],"about":[{"href":"https:\/\/www.moskito.cz\/it\/wp-json\/wp\/v2\/types\/product"}],"replies":[{"embeddable":true,"href":"https:\/\/www.moskito.cz\/it\/wp-json\/wp\/v2\/comments?post=359755"}],"wp:featuredmedia":[{"embeddable":true,"href":"https:\/\/www.moskito.cz\/it\/wp-json\/wp\/v2\/media\/359756"}],"wp:attachment":[{"href":"https:\/\/www.moskito.cz\/it\/wp-json\/wp\/v2\/media?parent=359755"}],"wp:term":[{"taxonomy":"pwb-brand","embeddable":true,"href":"https:\/\/www.moskito.cz\/it\/wp-json\/wp\/v2\/pwb-brand?post=359755"},{"taxonomy":"product_brand","embeddable":true,"href":"https:\/\/www.moskito.cz\/it\/wp-json\/wp\/v2\/product_brand?post=359755"},{"taxonomy":"product_cat","embeddable":true,"href":"https:\/\/www.moskito.cz\/it\/wp-json\/wp\/v2\/product_cat?post=359755"},{"taxonomy":"product_tag","embeddable":true,"href":"https:\/\/www.moskito.cz\/it\/wp-json\/wp\/v2\/product_tag?post=359755"}],"curies":[{"name":"wp","href":"https:\/\/api.w.org\/{rel}","templated":true}]}}