{"id":359784,"date":"2022-12-15T22:08:26","date_gmt":"2024-09-20T12:32:26","guid":{"rendered":"https:\/\/www.moskito.cz\/produkt\/coltello-da-tiro-cobratec-large-fs-3-army-digi-camo\/"},"modified":"2025-05-07T11:24:17","modified_gmt":"2025-05-07T10:24:17","slug":"coltello-da-tiro-cobratec-large-fs-3-army-digi-camo","status":"publish","type":"product","link":"https:\/\/www.moskito.cz\/it\/produkt\/coltello-da-tiro-cobratec-large-fs-3-army-digi-camo\/","title":{"rendered":"Coltello da tiro CobraTec LARGE FS-3 ARMY DIGI CAMO"},"content":{"rendered":"<p>Coltello da tiro <strong>CobraTec<\/strong> LARGE FS-3 ARMY DIGI CAMO. Il nostro grande FS-3 Army Digi Camo inizia con un manico in lega di alluminio di alta qualit\u00e0 e ha una lama in acciaio D2 di alta qualit\u00e0. Tutti i coltelli sono a doppio effetto (l&#8217;estensione e la retrazione della lama sono controllate premendo o tirando lo stesso interruttore di controllo). Il coltello \u00e8 ambidestro poich\u00e9 la clip da tasca pu\u00f2 essere spostata su entrambi i lati, consentendo l&#8217;uso a destra e a sinistra. Questo coltello ha una clip da tasca, un rompivetro di emergenza e include un fodero in nylon. Tutti i coltelli CobraTec sono coperti dalla nostra GARANZIA A VITA. Marchio: CobraTec Lunghezza totale: 22,90 cm Lunghezza lama: 8,90 cm Peso: 226,00 g Materiale lama: D2 Materiale impugnatura: Alluminio Dispositivo di apertura: Apertura a pulsante: Tipo di blocco automatico: OTF Colore: Camo Colore lama: Non rivestito        &nbsp;<\/p>\n","protected":false},"excerpt":{"rendered":"<p>Ogni coltello <strong>CobraTec\u00ae<\/strong> viene fornito con una garanzia a vita. <strong>Spedizione gratuita.<\/strong><\/p>\n","protected":false},"featured_media":359788,"comment_status":"open","ping_status":"closed","template":"","meta":[],"pwb-brand":[3941],"product_brand":[],"product_cat":[3745,3748],"product_tag":[],"class_list":{"0":"post-359784","1":"product","2":"type-product","3":"status-publish","4":"has-post-thumbnail","6":"pwb-brand-cobratec-it","7":"product_cat-coltelli","8":"product_cat-coltelli-da-tiro","10":"first","11":"outofstock","12":"taxable","13":"shipping-taxable","14":"purchasable","15":"product-type-simple"},"brands":[{"id":3941,"name":"CobraTec","slug":"cobratec-it"}],"_links":{"self":[{"href":"https:\/\/www.moskito.cz\/it\/wp-json\/wp\/v2\/product\/359784","targetHints":{"allow":["GET"]}}],"collection":[{"href":"https:\/\/www.moskito.cz\/it\/wp-json\/wp\/v2\/product"}],"about":[{"href":"https:\/\/www.moskito.cz\/it\/wp-json\/wp\/v2\/types\/product"}],"replies":[{"embeddable":true,"href":"https:\/\/www.moskito.cz\/it\/wp-json\/wp\/v2\/comments?post=359784"}],"wp:featuredmedia":[{"embeddable":true,"href":"https:\/\/www.moskito.cz\/it\/wp-json\/wp\/v2\/media\/359788"}],"wp:attachment":[{"href":"https:\/\/www.moskito.cz\/it\/wp-json\/wp\/v2\/media?parent=359784"}],"wp:term":[{"taxonomy":"pwb-brand","embeddable":true,"href":"https:\/\/www.moskito.cz\/it\/wp-json\/wp\/v2\/pwb-brand?post=359784"},{"taxonomy":"product_brand","embeddable":true,"href":"https:\/\/www.moskito.cz\/it\/wp-json\/wp\/v2\/product_brand?post=359784"},{"taxonomy":"product_cat","embeddable":true,"href":"https:\/\/www.moskito.cz\/it\/wp-json\/wp\/v2\/product_cat?post=359784"},{"taxonomy":"product_tag","embeddable":true,"href":"https:\/\/www.moskito.cz\/it\/wp-json\/wp\/v2\/product_tag?post=359784"}],"curies":[{"name":"wp","href":"https:\/\/api.w.org\/{rel}","templated":true}]}}