{"id":359972,"date":"2024-09-26T12:55:05","date_gmt":"2024-09-26T11:55:05","guid":{"rendered":"https:\/\/www.moskito.cz\/produkt\/kapesni-nuz-cheus\/"},"modified":"2026-04-13T18:03:19","modified_gmt":"2026-04-13T17:03:19","slug":"kapesni-nuz-cheus","status":"publish","type":"product","link":"https:\/\/www.moskito.cz\/it\/produkt\/kapesni-nuz-cheus\/","title":{"rendered":"Zav\u00edrac\u00ed N\u016f\u017e B\u00f6ker Plus Cheus 01BO888"},"content":{"rendered":"<p>Zav\u00edrac\u00ed N\u016f\u017e <strong>B\u00f6ker Plus<\/strong> Cheus 01BO888.<\/p>\n<p>Va\u0161e volba? Cheus! \u2013 Alexey Ponomarev z Brutalica usnad\u0148uje rozhodov\u00e1n\u00ed o v\u00fdb\u011bru no\u017ee s masivn\u00edm B\u00f6ker Plus Cheus. Kapesn\u00ed n\u016f\u017e, kter\u00fd svou siluetou p\u0159ipom\u00edn\u00e1 taktickou d\u00fdku, je p\u016fsobiv\u011b dynamick\u00fd. Kuli\u010dkov\u00e1 lo\u017eiska, jednostrann\u00e9 brou\u0161en\u00ed, \u00faprava Stonewash nebo otvory v dr\u00e1\u017ece sni\u017euj\u00edc\u00ed hmotnost &#8211; symetrick\u00e1 \u010depel kop\u00ed z VG10 p\u0159esv\u011bd\u010d\u00ed svou ostrost\u00ed v ka\u017ed\u00e9m ohledu.<\/p>\n<p>Po otev\u0159en\u00ed pinballov\u00fd automat zcela zmiz\u00ed v rukojeti pro uklizen\u00fd vzhled. Ergonomick\u00e1 rukoje\u0165 stupnice z protiskluzov\u00e9ho materi\u00e1lu G10 m\u00e1 p\u0159\u00eddavn\u00e9 \u017eebrov\u00e1n\u00ed na horn\u00ed a spodn\u00ed stran\u011b a zaru\u010duje bezpe\u010dn\u00e9 dr\u017een\u00ed, zat\u00edmco st\u0159edov\u00e9 vybr\u00e1n\u00ed v rukojeti navazuje na dr\u00e1\u017eku \u010depele. Pojistka liner lock, kter\u00e1 \u010depel pevn\u011b zafixuje na m\u00edst\u011b, je kr\u00e1sn\u011b integrovan\u00e1 \u2013 tak\u017ee ani ten nejtvrdohlav\u011bj\u0161\u00ed \u0159ez\u00e1n\u00ed nem\u00e1 jinou mo\u017enost. Se skl\u00e1p\u011bc\u00ed sponou (r) a vysoce kvalitn\u00edm nylonov\u00fdm pouzdrem.<\/p>\n<p>Zna\u010dka: Boker Plus<br \/>\nCelkov\u00e1 d\u00e9lka: 20,30 cm<br \/>\nD\u00e9lka \u010depele: 9,00 cm<br \/>\nTlou\u0161\u0165ka \u010depele: 3,50 mm<br \/>\nHmotnost: 112,00 g<br \/>\nN\u00e1vrh\u00e1\u0159: Brutalica<br \/>\nMateri\u00e1l \u010depele: VG-10<br \/>\nMateri\u00e1l rukojeti: G10<br \/>\nPom\u016fcka pro otev\u00edr\u00e1n\u00ed: Pinball<br \/>\nOtev\u00edrac\u00ed: Ru\u010dn\u011b<br \/>\nUzav\u0159en\u00ed: Z\u00e1mek vlo\u017eky<br \/>\n\u010c\u00edslo polo\u017eky: 01BO888<\/p>\n<p>&nbsp;<\/p>\n","protected":false},"excerpt":{"rendered":"<p><strong>Va\u0161e volba? Cheus! &#8211; Alexej Ponomarev ze spole\u010dnosti Brutalica v\u00e1m usnadn\u00ed rozhodov\u00e1n\u00ed o v\u00fdb\u011bru no\u017ee, prost\u011b vsa\u010fte na n\u016f\u017e B\u00f6ker Plus Cheus.<\/strong><\/p>\n","protected":false},"featured_media":370531,"comment_status":"closed","ping_status":"closed","template":"","meta":[],"pwb-brand":[140],"product_brand":[],"product_cat":[17,22],"product_tag":[],"class_list":{"0":"post-359972","1":"product","2":"type-product","3":"status-publish","4":"has-post-thumbnail","6":"pwb-brand-boker","7":"product_cat-noze","8":"product_cat-zaviraci-noze","10":"first","11":"outofstock","12":"taxable","13":"shipping-taxable","14":"purchasable","15":"product-type-simple"},"brands":[{"id":140,"name":"Boker","slug":"boker"}],"_links":{"self":[{"href":"https:\/\/www.moskito.cz\/it\/wp-json\/wp\/v2\/product\/359972","targetHints":{"allow":["GET"]}}],"collection":[{"href":"https:\/\/www.moskito.cz\/it\/wp-json\/wp\/v2\/product"}],"about":[{"href":"https:\/\/www.moskito.cz\/it\/wp-json\/wp\/v2\/types\/product"}],"replies":[{"embeddable":true,"href":"https:\/\/www.moskito.cz\/it\/wp-json\/wp\/v2\/comments?post=359972"}],"wp:featuredmedia":[{"embeddable":true,"href":"https:\/\/www.moskito.cz\/it\/wp-json\/wp\/v2\/media\/370531"}],"wp:attachment":[{"href":"https:\/\/www.moskito.cz\/it\/wp-json\/wp\/v2\/media?parent=359972"}],"wp:term":[{"taxonomy":"pwb-brand","embeddable":true,"href":"https:\/\/www.moskito.cz\/it\/wp-json\/wp\/v2\/pwb-brand?post=359972"},{"taxonomy":"product_brand","embeddable":true,"href":"https:\/\/www.moskito.cz\/it\/wp-json\/wp\/v2\/product_brand?post=359972"},{"taxonomy":"product_cat","embeddable":true,"href":"https:\/\/www.moskito.cz\/it\/wp-json\/wp\/v2\/product_cat?post=359972"},{"taxonomy":"product_tag","embeddable":true,"href":"https:\/\/www.moskito.cz\/it\/wp-json\/wp\/v2\/product_tag?post=359972"}],"curies":[{"name":"wp","href":"https:\/\/api.w.org\/{rel}","templated":true}]}}