{"id":359979,"date":"2024-09-26T12:55:05","date_gmt":"2024-09-26T11:55:05","guid":{"rendered":"https:\/\/www.moskito.cz\/produkt\/nuz-braddock-black\/"},"modified":"2025-05-07T11:24:20","modified_gmt":"2025-05-07T10:24:20","slug":"nuz-braddock-black","status":"publish","type":"product","link":"https:\/\/www.moskito.cz\/it\/produkt\/nuz-braddock-black\/","title":{"rendered":"Zav\u00edrac\u00ed N\u016f\u017e Magnum Braddock Black 01SC088"},"content":{"rendered":"<p>Zav\u00edrac\u00ed N\u016f\u017e <strong>Magnum<\/strong> Braddock Black 01SC088.<\/p>\n<p>S nekompromisn\u00edm no\u017eem <strong>Boker Magnum Braddock<\/strong> je ka\u017edodenn\u00ed \u0159ez\u00e1n\u00ed hra\u010dka, a to bez jedin\u00e9ho zakopnut\u00ed. Kuli\u010dkov\u00fdmi lo\u017eisky osazen\u00e1, sat\u00e9nov\u011b le\u0161t\u011bn\u00e1 \u010depel typu drop-point z tvrzen\u00e9ho materi\u00e1lu 440B ne\u0159e\u017ee; v\u011bci se \u00factyhodn\u011b \u0161t\u011bp\u00ed samy. Pokud chcete poc\u00edtit koncentrovanou energii kapesn\u00edho no\u017ee, pou\u017eijte flipper k jeho otev\u0159en\u00ed a pojistku linerlock k uzam\u010den\u00ed \u010depele. Ergonomick\u00e1 rukoje\u0165 z \u010dern\u00e9 G10 s karbonovou vlo\u017ekou pod\u00e9l ploch\u00e9ho \u0161roubu osy \u010depele d\u011bl\u00e1 z no\u017ee Braddock sebev\u011bdomou one-man show na poli kapesn\u00edch no\u017e\u016f. Dodate\u010dnou bezpe\u010dnost p\u0159i pr\u00e1ci zaji\u0161\u0165uje protiskluzov\u00e9 vroubkov\u00e1n\u00ed na h\u0159betu \u010depele a h\u0159betn\u00ed distan\u010dn\u00ed podlo\u017eka. Ak\u010dn\u00ed v\u00e1le\u010dn\u00fd k\u016f\u0148 s klipem, otvorem pro \u0161\u0148\u016frku a \u0161petkou nehmotnosti.<\/p>\n<p>Celkov\u00e1 d\u00e9lka: 19,3 cm<br \/>\nD\u00e9lka \u010depele: 8,3 cm<br \/>\nHmotnost: 99 g<br \/>\nMateri\u00e1l \u010depele: 440B<br \/>\nMateri\u00e1l rukojeti: G10<br \/>\nPojistka: linerlock<br \/>\ns klipem a otvorem na \u0161\u0148\u016frku<\/p>\n","protected":false},"excerpt":{"rendered":"<p><strong>S nekompromisn\u00edm no\u017eem Boker Magnum Braddock je ka\u017edodenn\u00ed \u0159ez\u00e1n\u00ed hra\u010dka, a to bez jedin\u00e9ho zakopnut\u00ed.\u00a0<\/strong><\/p>\n","protected":false},"featured_media":361879,"comment_status":"closed","ping_status":"closed","template":"","meta":[],"pwb-brand":[140],"product_brand":[],"product_cat":[22,17],"product_tag":[],"class_list":{"0":"post-359979","1":"product","2":"type-product","3":"status-publish","4":"has-post-thumbnail","6":"pwb-brand-boker","7":"product_cat-zaviraci-noze","8":"product_cat-noze","10":"first","11":"instock","12":"taxable","13":"shipping-taxable","14":"purchasable","15":"product-type-simple"},"brands":[{"id":140,"name":"Boker","slug":"boker"}],"_links":{"self":[{"href":"https:\/\/www.moskito.cz\/it\/wp-json\/wp\/v2\/product\/359979","targetHints":{"allow":["GET"]}}],"collection":[{"href":"https:\/\/www.moskito.cz\/it\/wp-json\/wp\/v2\/product"}],"about":[{"href":"https:\/\/www.moskito.cz\/it\/wp-json\/wp\/v2\/types\/product"}],"replies":[{"embeddable":true,"href":"https:\/\/www.moskito.cz\/it\/wp-json\/wp\/v2\/comments?post=359979"}],"wp:featuredmedia":[{"embeddable":true,"href":"https:\/\/www.moskito.cz\/it\/wp-json\/wp\/v2\/media\/361879"}],"wp:attachment":[{"href":"https:\/\/www.moskito.cz\/it\/wp-json\/wp\/v2\/media?parent=359979"}],"wp:term":[{"taxonomy":"pwb-brand","embeddable":true,"href":"https:\/\/www.moskito.cz\/it\/wp-json\/wp\/v2\/pwb-brand?post=359979"},{"taxonomy":"product_brand","embeddable":true,"href":"https:\/\/www.moskito.cz\/it\/wp-json\/wp\/v2\/product_brand?post=359979"},{"taxonomy":"product_cat","embeddable":true,"href":"https:\/\/www.moskito.cz\/it\/wp-json\/wp\/v2\/product_cat?post=359979"},{"taxonomy":"product_tag","embeddable":true,"href":"https:\/\/www.moskito.cz\/it\/wp-json\/wp\/v2\/product_tag?post=359979"}],"curies":[{"name":"wp","href":"https:\/\/api.w.org\/{rel}","templated":true}]}}