{"id":359990,"date":"2024-09-26T12:55:05","date_gmt":"2024-09-26T11:55:05","guid":{"rendered":"https:\/\/www.moskito.cz\/produkt\/magnum-leonidas\/"},"modified":"2025-05-07T11:24:21","modified_gmt":"2025-05-07T10:24:21","slug":"magnum-leonidas","status":"publish","type":"product","link":"https:\/\/www.moskito.cz\/it\/produkt\/magnum-leonidas\/","title":{"rendered":"Magnum Leonidas"},"content":{"rendered":"<table border=\"0\" cellpadding=\"0\" cellspacing=\"0\" class=\"datatable bokerparamtable\" style=\"letter-spacing:0.03em;width:50%;\">\n<tbody>\n<tr>\n<td style=\"width: 50%;\">Celkov\u00e1 d\u00e9lka:<\/td>\n<td style=\"width: 25%;\">70.2 cm<\/td>\n<\/tr>\n<tr>\n<td style=\"width: 50%;\">D\u00e9lka \u010depele:<\/td>\n<td style=\"width: 25%;\">53.5 cm<\/td>\n<\/tr>\n<tr>\n<td style=\"width: 50%;\">Tlou\u0161\u0165ka \u010depele:<\/td>\n<td style=\"width: 25%;\">4 cm<\/td>\n<\/tr>\n<tr>\n<td style=\"width: 50%;\">Materi\u00e1l \u010depele:<\/td>\n<td style=\"width: 25%;\">\n<a href=\"\/prehled-materialu\/\">Uhl\u00edkov\u00e1 Ocel<\/a>\n<\/td>\n<\/tr>\n<tr>\n<td style=\"width: 50%;\">Materi\u00e1l rukojeti:<\/td>\n<td style=\"width: 25%;\">&nbsp;<\/td>\n<\/tr>\n<\/tbody>\n<\/table>\n<p>&nbsp;<\/p>\n","protected":false},"excerpt":{"rendered":"<p>Legend\u00e1rn\u00ed kr\u00e1l Sparty z\u00edskal svou sl\u00e1vu a \u010dest v bitv\u011b u Thermopyl proti Per\u0161an\u016fm. \u017divot Spar\u0165an\u016f byl charakterizov\u00e1n \u017eeleznou discipl\u00ednou, str\u00e1d\u00e1n\u00edm a p\u0159edev\u0161\u00edm u\u010den\u00edm bojov\u00e9ho um\u011bn\u00ed. V d\u016fsledku toho je logick\u00e9, \u017ee typick\u00fd me\u010d Spar\u0165an\u016f je impozantn\u00ed a nebezpe\u010dn\u00e1 zbra\u0148. \u0160irok\u00e1 \u010depel z 1045 uhl\u00edkov\u00e9 oceli m\u00e1 (na rozd\u00edl od popisu v katalogu) sat\u00e9novou povrchovou \u00fapravou a m\u00e1 nabrou\u0161en\u00e9 ost\u0159\u00ed. Masivn\u00ed z\u00e1\u0161tita je ve tvaru otev\u0159en\u00e9ho t\u0159menu a zabra\u0148uje sklouznut\u00ed na ost\u0159\u00ed nebo ztr\u00e1t\u011b me\u010de b\u011bhem boje. Sou\u010d\u00e1st\u00ed je propracovan\u00e1 pochva z \u010dern\u00e9 syntetick\u00e9 k\u016f\u017ee. Dekorativn\u00ed nebo sb\u011bratelsk\u00fd me\u010d, nevhodn\u00fd pro pou\u017eit\u00ed!<\/p>\n","protected":false},"featured_media":359991,"comment_status":"closed","ping_status":"closed","template":"","meta":[],"pwb-brand":[140],"product_brand":[],"product_cat":[24,1942],"product_tag":[],"class_list":{"0":"post-359990","1":"product","2":"type-product","3":"status-publish","4":"has-post-thumbnail","6":"pwb-brand-boker","7":"product_cat-katany-a-mece","8":"product_cat-mece-dyky-repliky","10":"first","11":"outofstock","12":"taxable","13":"shipping-taxable","14":"purchasable","15":"product-type-simple"},"brands":[{"id":140,"name":"Boker","slug":"boker"}],"_links":{"self":[{"href":"https:\/\/www.moskito.cz\/it\/wp-json\/wp\/v2\/product\/359990","targetHints":{"allow":["GET"]}}],"collection":[{"href":"https:\/\/www.moskito.cz\/it\/wp-json\/wp\/v2\/product"}],"about":[{"href":"https:\/\/www.moskito.cz\/it\/wp-json\/wp\/v2\/types\/product"}],"replies":[{"embeddable":true,"href":"https:\/\/www.moskito.cz\/it\/wp-json\/wp\/v2\/comments?post=359990"}],"wp:featuredmedia":[{"embeddable":true,"href":"https:\/\/www.moskito.cz\/it\/wp-json\/wp\/v2\/media\/359991"}],"wp:attachment":[{"href":"https:\/\/www.moskito.cz\/it\/wp-json\/wp\/v2\/media?parent=359990"}],"wp:term":[{"taxonomy":"pwb-brand","embeddable":true,"href":"https:\/\/www.moskito.cz\/it\/wp-json\/wp\/v2\/pwb-brand?post=359990"},{"taxonomy":"product_brand","embeddable":true,"href":"https:\/\/www.moskito.cz\/it\/wp-json\/wp\/v2\/product_brand?post=359990"},{"taxonomy":"product_cat","embeddable":true,"href":"https:\/\/www.moskito.cz\/it\/wp-json\/wp\/v2\/product_cat?post=359990"},{"taxonomy":"product_tag","embeddable":true,"href":"https:\/\/www.moskito.cz\/it\/wp-json\/wp\/v2\/product_tag?post=359990"}],"curies":[{"name":"wp","href":"https:\/\/api.w.org\/{rel}","templated":true}]}}