{"id":360031,"date":"2024-09-26T12:55:05","date_gmt":"2024-09-26T11:55:05","guid":{"rendered":"https:\/\/www.moskito.cz\/produkt\/magnum-the-knights-sword\/"},"modified":"2025-05-07T11:24:23","modified_gmt":"2025-05-07T10:24:23","slug":"magnum-the-knights-sword","status":"publish","type":"product","link":"https:\/\/www.moskito.cz\/it\/produkt\/magnum-the-knights-sword\/","title":{"rendered":"Magnum Magnum The Knight&#8217;s Sword 05ZS9506"},"content":{"rendered":"<p>Magnum Magnum The Knight&#8217;s Sword 05ZS9506.<\/p>\n<p>Po \u010detn\u00fdch \u017e\u00e1dostech o zbran\u011b s ost\u0159\u00edm z jin\u00fdch epoch a zem\u00ed p\u0159edstavujeme tento typicky st\u0159edov\u011bk\u00fd me\u010d. \u010cepel je jemn\u011b sat\u00e9nov\u00e1 a brou\u0161en\u00e1, vyrobena z nejlep\u0161\u00ed uhl\u00edkov\u00e9 oceli 1045 a m\u00e1 t\u0159i dr\u00e1\u017eky. Koncov\u00fd knofl\u00edk na rukojeti poskytuje lep\u0161\u00ed vyv\u00e1\u017een\u00ed a jemn\u00e1 \u0161\u0148\u016frka je velmi pohodln\u00e1 a bezpe\u010dn\u00e1 v ruce. Rozlo\u017eit\u00e9 p\u0159edpa\u017eb\u00ed je vyrobeno z nerezov\u00e9 oceli. V\u010detn\u011b atraktivn\u00edho ko\u017een\u00e9ho pouzdra s kovov\u00fdmi aplikacemi.<br \/>\nDekorativn\u00ed nebo sb\u011bratelsk\u00fd me\u010d, nevhodn\u00fd k pou\u017eit\u00ed.<\/p>\n<p>Zna\u010dka: Magnum<br \/>\nCelkov\u00e1 d\u00e9lka: 105,00 cm<br \/>\nD\u00e9lka \u010depele: 80,00 cm<br \/>\nTlou\u0161\u0165ka \u010depele: 3,50 mm<br \/>\nHmotnost: 1000,00 g<br \/>\nMateri\u00e1l \u010depele: Uhl\u00edkov\u00e1 ocel<br \/>\n\u010c\u00edslo polo\u017eky: 05ZS9506<\/p>\n<p>&nbsp;<\/p>\n","protected":false},"excerpt":{"rendered":"<p><strong>Po \u010detn\u00fdch \u017e\u00e1dostech o zbran\u011b s ost\u0159\u00edm z jin\u00fdch epoch a zem\u00ed p\u0159edstavujeme tento typicky st\u0159edov\u011bk\u00fd me\u010d.<\/strong><\/p>\n","protected":false},"featured_media":368487,"comment_status":"closed","ping_status":"closed","template":"","meta":[],"pwb-brand":[140],"product_brand":[],"product_cat":[24,1942],"product_tag":[],"class_list":{"0":"post-360031","1":"product","2":"type-product","3":"status-publish","4":"has-post-thumbnail","6":"pwb-brand-boker","7":"product_cat-katany-a-mece","8":"product_cat-mece-dyky-repliky","10":"first","11":"outofstock","12":"taxable","13":"shipping-taxable","14":"purchasable","15":"product-type-simple"},"brands":[{"id":140,"name":"Boker","slug":"boker"}],"_links":{"self":[{"href":"https:\/\/www.moskito.cz\/it\/wp-json\/wp\/v2\/product\/360031","targetHints":{"allow":["GET"]}}],"collection":[{"href":"https:\/\/www.moskito.cz\/it\/wp-json\/wp\/v2\/product"}],"about":[{"href":"https:\/\/www.moskito.cz\/it\/wp-json\/wp\/v2\/types\/product"}],"replies":[{"embeddable":true,"href":"https:\/\/www.moskito.cz\/it\/wp-json\/wp\/v2\/comments?post=360031"}],"wp:featuredmedia":[{"embeddable":true,"href":"https:\/\/www.moskito.cz\/it\/wp-json\/wp\/v2\/media\/368487"}],"wp:attachment":[{"href":"https:\/\/www.moskito.cz\/it\/wp-json\/wp\/v2\/media?parent=360031"}],"wp:term":[{"taxonomy":"pwb-brand","embeddable":true,"href":"https:\/\/www.moskito.cz\/it\/wp-json\/wp\/v2\/pwb-brand?post=360031"},{"taxonomy":"product_brand","embeddable":true,"href":"https:\/\/www.moskito.cz\/it\/wp-json\/wp\/v2\/product_brand?post=360031"},{"taxonomy":"product_cat","embeddable":true,"href":"https:\/\/www.moskito.cz\/it\/wp-json\/wp\/v2\/product_cat?post=360031"},{"taxonomy":"product_tag","embeddable":true,"href":"https:\/\/www.moskito.cz\/it\/wp-json\/wp\/v2\/product_tag?post=360031"}],"curies":[{"name":"wp","href":"https:\/\/api.w.org\/{rel}","templated":true}]}}