{"id":360039,"date":"2024-09-26T12:55:27","date_gmt":"2024-09-26T11:55:27","guid":{"rendered":"https:\/\/www.moskito.cz\/produkt\/boker-plus-balisong-g10-small\/"},"modified":"2025-05-07T11:24:23","modified_gmt":"2025-05-07T10:24:23","slug":"boker-plus-balisong-g10-small","status":"publish","type":"product","link":"https:\/\/www.moskito.cz\/it\/produkt\/boker-plus-balisong-g10-small\/","title":{"rendered":"B\u00f6ker Plus Balisong G10 Small"},"content":{"rendered":"<table>\n<tbody>\n<tr>\n<td><strong>Typ:<\/strong><\/td>\n<td>Kapesn\u00ed n\u016f\u017e<\/td>\n<\/tr>\n<tr>\n<td><strong>Celkov\u00e1 d\u00e9lka:<\/strong><\/td>\n<td>18,5 cm<\/td>\n<\/tr>\n<tr>\n<td><strong>D\u00e9lka \u010depele:<\/strong><\/td>\n<td>8,2 cm<\/td>\n<\/tr>\n<tr>\n<td><strong>S\u00edla \u010depele:<\/strong><\/td>\n<td>2,9 mm<\/td>\n<\/tr>\n<tr>\n<td><strong>Hmotnost:<\/strong><\/td>\n<td>86 g<\/td>\n<\/tr>\n<tr>\n<td><strong>Materi\u00e1l \u010depele:<\/strong><\/td>\n<td>440C<\/td>\n<\/tr>\n<tr>\n<td><strong>Materi\u00e1l st\u0159enky:<\/strong><\/td>\n<td>G10<\/td>\n<\/tr>\n<tr>\n<td><strong>Otev\u00edr\u00e1n\u00ed:<\/strong><\/td>\n<td>Manu\u00e1ln\u00ed<\/td>\n<\/tr>\n<tr>\n<td><strong>Barva:<\/strong><\/td>\n<td>\u010cern\u00e1<\/td>\n<\/tr>\n<tr>\n<td><strong>Barva \u010depele:<\/strong><\/td>\n<td>Bez povrchov\u00e9 \u00fapravy<\/td>\n<\/tr>\n<\/tbody>\n<\/table>\n","protected":false},"excerpt":{"rendered":"<p>Modern\u00ed realizace tradi\u010dn\u00edho konceptu. D\u00edky \u0161pi\u010dkov\u00fdm materi\u00e1l\u016fm je tento n\u016f\u017e modern\u00edm n\u00e1strojem pro v\u0161echny \u017eivotn\u00ed situace. Modr\u00e1 eloxovan\u00e1 rukoje\u0165 z titanu se st\u0159enkami G10 sni\u017euje hmotnost a usnad\u0148uje tak manipulaci s no\u017eem. Modifikovan\u00fd tvar \u010depele nab\u00edz\u00ed vynikaj\u00edc\u00ed \u0159ezn\u00e9 vlastnosti. D\u00edky \u010depeli z nerezov\u00e9 oceli 440C z\u016fst\u00e1v\u00e1 n\u016f\u017e extr\u00e9mn\u011b ostr\u00fd a odoln\u00fd proti korozi. V\u010detn\u011b kapesn\u00edho klipu z titanu. Tento n\u016f\u017e je lehk\u00fd a v\u00edce\u00fa\u010delov\u00fd spole\u010dn\u00edk se \u0161irokou \u0161k\u00e1lou pou\u017eit\u00ed v ka\u017edodenn\u00edm \u017eivot\u011b.<\/p>\n","protected":false},"featured_media":360040,"comment_status":"closed","ping_status":"closed","template":"","meta":[],"pwb-brand":[140],"product_brand":[],"product_cat":[2030,17],"product_tag":[],"class_list":{"0":"post-360039","1":"product","2":"type-product","3":"status-publish","4":"has-post-thumbnail","6":"pwb-brand-boker","7":"product_cat-motylky","8":"product_cat-noze","10":"first","11":"instock","12":"taxable","13":"shipping-taxable","14":"purchasable","15":"product-type-simple"},"brands":[{"id":140,"name":"Boker","slug":"boker"}],"_links":{"self":[{"href":"https:\/\/www.moskito.cz\/it\/wp-json\/wp\/v2\/product\/360039","targetHints":{"allow":["GET"]}}],"collection":[{"href":"https:\/\/www.moskito.cz\/it\/wp-json\/wp\/v2\/product"}],"about":[{"href":"https:\/\/www.moskito.cz\/it\/wp-json\/wp\/v2\/types\/product"}],"replies":[{"embeddable":true,"href":"https:\/\/www.moskito.cz\/it\/wp-json\/wp\/v2\/comments?post=360039"}],"wp:featuredmedia":[{"embeddable":true,"href":"https:\/\/www.moskito.cz\/it\/wp-json\/wp\/v2\/media\/360040"}],"wp:attachment":[{"href":"https:\/\/www.moskito.cz\/it\/wp-json\/wp\/v2\/media?parent=360039"}],"wp:term":[{"taxonomy":"pwb-brand","embeddable":true,"href":"https:\/\/www.moskito.cz\/it\/wp-json\/wp\/v2\/pwb-brand?post=360039"},{"taxonomy":"product_brand","embeddable":true,"href":"https:\/\/www.moskito.cz\/it\/wp-json\/wp\/v2\/product_brand?post=360039"},{"taxonomy":"product_cat","embeddable":true,"href":"https:\/\/www.moskito.cz\/it\/wp-json\/wp\/v2\/product_cat?post=360039"},{"taxonomy":"product_tag","embeddable":true,"href":"https:\/\/www.moskito.cz\/it\/wp-json\/wp\/v2\/product_tag?post=360039"}],"curies":[{"name":"wp","href":"https:\/\/api.w.org\/{rel}","templated":true}]}}