{"id":360071,"date":"2024-09-26T12:55:41","date_gmt":"2024-09-26T11:55:41","guid":{"rendered":"https:\/\/www.moskito.cz\/produkt\/kapesni-nuz-magnum-balisong-large-wood\/"},"modified":"2025-05-07T11:24:25","modified_gmt":"2025-05-07T10:24:25","slug":"kapesni-nuz-magnum-balisong-large-wood","status":"publish","type":"product","link":"https:\/\/www.moskito.cz\/it\/produkt\/kapesni-nuz-magnum-balisong-large-wood\/","title":{"rendered":"Kapesn\u00ed n\u016f\u017e Magnum Balisong Large Wood"},"content":{"rendered":"<ul>\n<li>typ mot\u00fdlek<\/li>\n<li>\u010depel SpearPoint<\/li>\n<li>d\u00e9lka \u010depele: 12,5 cm<\/li>\n<li>celkov\u00e1 d\u00e9lka: 27,5 cm<\/li>\n<li>materi\u00e1l \u010depele: ocel 440A<\/li>\n<li>materi\u00e1l rukojeti: nerezov\u00e1 ocel \/ d\u0159evo<\/li>\n<\/ul>\n","protected":false},"excerpt":{"rendered":"<p>Magnum Balisong Wood Large se skl\u00e1d\u00e1 ze dvou rukojet\u00ed, kter\u00e9 lze oto\u010dit o 180 stup\u0148\u016f. Pomoc\u00ed oto\u010dn\u00e9mu \u010depu je mezi rukojeti p\u0159ipevn\u011bna \u010depel SpearPoint. Rukojeti jsou ozdobeny vlo\u017een\u00fdm u\u0161lechtil\u00fdm d\u0159evem. Tento n\u016f\u017e je lehk\u00fd a v\u00edce\u00fa\u010delov\u00fd spole\u010dn\u00edk s \u0161irok\u00fdm vyu\u017eit\u00edm v ka\u017edodenn\u00edm \u017eivot\u011b.<\/p>\n","protected":false},"featured_media":360072,"comment_status":"closed","ping_status":"closed","template":"","meta":[],"pwb-brand":[140],"product_brand":[],"product_cat":[17,22],"product_tag":[],"class_list":{"0":"post-360071","1":"product","2":"type-product","3":"status-publish","4":"has-post-thumbnail","6":"pwb-brand-boker","7":"product_cat-noze","8":"product_cat-zaviraci-noze","10":"first","11":"outofstock","12":"taxable","13":"shipping-taxable","14":"purchasable","15":"product-type-simple"},"brands":[{"id":140,"name":"Boker","slug":"boker"}],"_links":{"self":[{"href":"https:\/\/www.moskito.cz\/it\/wp-json\/wp\/v2\/product\/360071","targetHints":{"allow":["GET"]}}],"collection":[{"href":"https:\/\/www.moskito.cz\/it\/wp-json\/wp\/v2\/product"}],"about":[{"href":"https:\/\/www.moskito.cz\/it\/wp-json\/wp\/v2\/types\/product"}],"replies":[{"embeddable":true,"href":"https:\/\/www.moskito.cz\/it\/wp-json\/wp\/v2\/comments?post=360071"}],"wp:featuredmedia":[{"embeddable":true,"href":"https:\/\/www.moskito.cz\/it\/wp-json\/wp\/v2\/media\/360072"}],"wp:attachment":[{"href":"https:\/\/www.moskito.cz\/it\/wp-json\/wp\/v2\/media?parent=360071"}],"wp:term":[{"taxonomy":"pwb-brand","embeddable":true,"href":"https:\/\/www.moskito.cz\/it\/wp-json\/wp\/v2\/pwb-brand?post=360071"},{"taxonomy":"product_brand","embeddable":true,"href":"https:\/\/www.moskito.cz\/it\/wp-json\/wp\/v2\/product_brand?post=360071"},{"taxonomy":"product_cat","embeddable":true,"href":"https:\/\/www.moskito.cz\/it\/wp-json\/wp\/v2\/product_cat?post=360071"},{"taxonomy":"product_tag","embeddable":true,"href":"https:\/\/www.moskito.cz\/it\/wp-json\/wp\/v2\/product_tag?post=360071"}],"curies":[{"name":"wp","href":"https:\/\/api.w.org\/{rel}","templated":true}]}}