{"id":360134,"date":"2024-09-26T12:55:57","date_gmt":"2024-09-26T11:55:57","guid":{"rendered":"https:\/\/www.moskito.cz\/produkt\/boker-speedlock-ii-blau\/"},"modified":"2025-05-07T11:24:27","modified_gmt":"2025-05-07T10:24:27","slug":"boker-speedlock-ii-blau","status":"publish","type":"product","link":"https:\/\/www.moskito.cz\/it\/produkt\/boker-speedlock-ii-blau\/","title":{"rendered":"B\u00f6ker Speedlock II Blau"},"content":{"rendered":"<p><TABLE class=\"datatable bokerparamtable\" style=\"WIDTH: 50%; LETTER-SPACING: 0.03em\" cellSpacing=0 cellPadding=0 border=0><\/p>\n<p><TBODY><\/p>\n<p><TR><\/p>\n<p><TD style=\"WIDTH: 50%\">Celkov\u00e1 d\u00e9lka:<\/TD><\/p>\n<p><TD style=\"WIDTH: 25%\">17.3 cm<\/TD><br \/>\n<\/TR><\/p>\n<p><TR><\/p>\n<p><TD style=\"WIDTH: 50%\">D\u00e9lka \u010depele:<\/TD><\/p>\n<p><TD style=\"WIDTH: 25%\">7 cm<\/TD><br \/>\n<\/TR><\/p>\n<p><TR><\/p>\n<p><TD style=\"WIDTH: 50%\">Hmotnost:<\/TD><\/p>\n<p><TD style=\"WIDTH: 25%\">80 g<\/TD><br \/>\n<\/TR><\/p>\n<p><TR><\/p>\n<p><TD style=\"WIDTH: 50%\">Materi\u00e1l \u010depele:<\/TD><\/p>\n<p><TD style=\"WIDTH: 25%\">ocel<\/TD><br \/>\n<\/TR><\/p>\n<p><TR><\/p>\n<p><TD style=\"WIDTH: 50%\">Materi\u00e1l rukojeti:<\/TD><\/p>\n<p><TD style=\"WIDTH: 25%\">hlin\u00edk<\/TD><br \/>\n<\/TR><br \/>\n<\/TBODY><br \/>\n<\/TABLE><\/p>\n","protected":false},"excerpt":{"rendered":"<p>B\u00f6ker Solingen Manufaktur je pokra\u010dovatel n\u011bmeck\u00e9 tradice vyhl\u00e1\u0161en\u00fdch no\u017e\u016f od roku 1869. Tato pr\u00e9miov\u00e1 zna\u010dka ru\u010dn\u011b vyr\u00e1b\u00ed no\u017ee pro lovce, obranu, ka\u017edodenn\u00ed no\u0161en\u00ed, ale i vojensk\u00e9 speci\u00e1ly do nejt\u011b\u017e\u0161\u00edch podm\u00ednek.<\/p>\n","protected":false},"featured_media":360135,"comment_status":"closed","ping_status":"closed","template":"","meta":[],"pwb-brand":[140],"product_brand":[],"product_cat":[17,22],"product_tag":[],"class_list":{"0":"post-360134","1":"product","2":"type-product","3":"status-publish","4":"has-post-thumbnail","6":"pwb-brand-boker","7":"product_cat-noze","8":"product_cat-zaviraci-noze","10":"first","11":"outofstock","12":"taxable","13":"shipping-taxable","14":"purchasable","15":"product-type-simple"},"brands":[{"id":140,"name":"Boker","slug":"boker"}],"_links":{"self":[{"href":"https:\/\/www.moskito.cz\/it\/wp-json\/wp\/v2\/product\/360134","targetHints":{"allow":["GET"]}}],"collection":[{"href":"https:\/\/www.moskito.cz\/it\/wp-json\/wp\/v2\/product"}],"about":[{"href":"https:\/\/www.moskito.cz\/it\/wp-json\/wp\/v2\/types\/product"}],"replies":[{"embeddable":true,"href":"https:\/\/www.moskito.cz\/it\/wp-json\/wp\/v2\/comments?post=360134"}],"wp:featuredmedia":[{"embeddable":true,"href":"https:\/\/www.moskito.cz\/it\/wp-json\/wp\/v2\/media\/360135"}],"wp:attachment":[{"href":"https:\/\/www.moskito.cz\/it\/wp-json\/wp\/v2\/media?parent=360134"}],"wp:term":[{"taxonomy":"pwb-brand","embeddable":true,"href":"https:\/\/www.moskito.cz\/it\/wp-json\/wp\/v2\/pwb-brand?post=360134"},{"taxonomy":"product_brand","embeddable":true,"href":"https:\/\/www.moskito.cz\/it\/wp-json\/wp\/v2\/product_brand?post=360134"},{"taxonomy":"product_cat","embeddable":true,"href":"https:\/\/www.moskito.cz\/it\/wp-json\/wp\/v2\/product_cat?post=360134"},{"taxonomy":"product_tag","embeddable":true,"href":"https:\/\/www.moskito.cz\/it\/wp-json\/wp\/v2\/product_tag?post=360134"}],"curies":[{"name":"wp","href":"https:\/\/api.w.org\/{rel}","templated":true}]}}